{"id":12184,"date":"2025-01-28T18:25:04","date_gmt":"2025-01-28T17:25:04","guid":{"rendered":"https:\/\/trotajueves.es\/libreria\/?page_id=12184"},"modified":"2025-02-04T19:46:49","modified_gmt":"2025-02-04T18:46:49","slug":"reembolso_devoluciones","status":"publish","type":"page","link":"https:\/\/trotajueves.es\/libreria\/reembolso_devoluciones\/","title":{"rendered":"POL\u00cdTICA DE PRIVACIDAD"},"content":{"rendered":"<p>De conformidad con la normativa vigente y aplicable en protecci\u00f3n de datos de car\u00e1cter personal, le informamos que sus datos ser\u00e1n incorporados al sistema de tratamiento titularidad de la ASOCIACI\u00d3N CULTURAL Y LIBRER\u00cdA EL TROTAJUEVES (a partir de ahora EL TROTAJUEVES) con NIF G86604204 y domicilio social sito en CALLE ANTONIA LANCHA 17 BAJO 3, DP. 28019 MADRID, y que a continuaci\u00f3n se relacionan sus respectivas finalidades, plazos de conservaci\u00f3n y bases legitimadoras. Para aquellos tratamientos que lo requieran, se informa tambi\u00e9n de la posible elaboraci\u00f3n de perfiles y decisiones automatizadas, as\u00ed como las posibles cesiones y las transferencias internacionales que EL TROTAJUEVES tiene previsto realizar:<\/p>\n<table rules=\"all\">\n<tbody>\n<tr>\n<th colspan=\"2\">TRATAMIENTOS REALIZADOS<\/th>\n<\/tr>\n<tr>\n<td>Gesti\u00f3n de la p\u00e1gina web<\/td>\n<td><b>Finalidad:<\/b>\u00a0Tratamiento y gesti\u00f3n de los datos necesarios para la funcionalidad de la p\u00e1gina web<br \/>\n<b>Plazo de conservaci\u00f3n:<\/b>\u00a0mientras perdure el consentimiento prestado<br \/>\n<b>Base leg\u00edtima:<\/b>\u00a0El consentimiento del interesado<br \/>\n<b>Tipolog\u00eda de Datos:<\/b>\u00a0Datos meramente identificativos<br \/>\n<b>Cesiones:<\/b>\u00a0No se prev\u00e9n<br \/>\n<b>Transferencias internacionales:<\/b>\u00a0No se prev\u00e9n<br \/>\n<b>Elaboraciones de perfiles:<\/b>\u00a0No se prev\u00e9n<\/td>\n<\/tr>\n<tr>\n<td>Formulario web<\/td>\n<td><b>Finalidad:<\/b>\u00a0Atender sus consultas y\/o solicitudes<br \/>\n<b>Plazo de conservaci\u00f3n:<\/b>\u00a0mientras se mantenga el consentimiento prestado.<br \/>\n<b>Base leg\u00edtima:<\/b>\u00a0El consentimiento del interesado<br \/>\n<b>Tipolog\u00eda de Datos:<\/b>\u00a0Datos meramente identificativos<br \/>\n<b>Cesiones:<\/b>\u00a0Ninguna<br \/>\n<b>Transferencias internacionales:<\/b>\u00a0No se prev\u00e9n<br \/>\n<b>Elaboraciones de perfiles:<\/b>\u00a0No se prev\u00e9n<\/td>\n<\/tr>\n<tr>\n<td>Gesti\u00f3n del cumplimiento normativo<\/td>\n<td><b>Finalidad:<\/b>\u00a0Gesti\u00f3n y tramitaci\u00f3n de las obligaciones y deberes que se deriven del cumplimiento de la normativa a la cual est\u00e1 sujeta la entidad<br \/>\n<b>Plazo de conservaci\u00f3n:<\/b>\u00a0conservaci\u00f3n de las copias de los documentos hasta que prescriban las acciones para reclamarle una posible responsabilidad<br \/>\n<b>Base leg\u00edtima:<\/b>\u00a0El cumplimiento de una ley<br \/>\n<b>Tipolog\u00eda de Datos:<\/b>\u00a0Datos meramente identificativos<br \/>\n<b>Cesiones:<\/b>\u00a0sus datos ser\u00e1n comunicados en caso de ser necesario a Organismos y\/o administraci\u00f3n p\u00fablica con competencia en la materia con la finalidad de cumplir con las obligaciones establecidas en la normativa aplicable. Adem\u00e1s, se informa que la base legitimadora de la cesi\u00f3n es cumplir con las obligaciones establecidas en la normativa aplicable<br \/>\n<b>Transferencias internacionales:<\/b>\u00a0No se prev\u00e9n<br \/>\n<b>Elaboraciones de perfiles:<\/b>\u00a0No se prev\u00e9n<\/td>\n<\/tr>\n<tr>\n<td>Acciones Comerciales<\/td>\n<td><b>Finalidad:<\/b>\u00a0Captaci\u00f3n, registro y tratamiento de datos con finalidades de publicidad y prospecci\u00f3n comercial de nuestros productos y\/o servicios<br \/>\n<b>Plazo de conservaci\u00f3n:<\/b>\u00a0mientras se mantenga el consentimiento prestado<br \/>\n<b>Base leg\u00edtima:<\/b>\u00a0El consentimiento del interesado<br \/>\n<b>Tipolog\u00eda de Datos:<\/b>\u00a0Datos meramente identificativos<br \/>\n<b>Cesiones:<\/b>\u00a0Ninguna<br \/>\n<b>Transferencias internacionales:<\/b>\u00a0No se prev\u00e9n<br \/>\n<b>Elaboraciones de perfiles:<\/b>\u00a0No se prev\u00e9n<\/td>\n<\/tr>\n<tr>\n<td>Registro de los usuarios<\/td>\n<td><b>Finalidad:<\/b>\u00a0Captaci\u00f3n, registro y tratamiento de datos para poder registrarse como usuario<br \/>\n<b>Plazo de conservaci\u00f3n:<\/b>\u00a0mientras perdure el consentimiento prestado<br \/>\n<b>Base leg\u00edtima:<\/b>\u00a0El consentimiento del interesado<br \/>\n<b>Tipolog\u00eda de Datos:<\/b>\u00a0Datos meramente identificativos<br \/>\n<b>Cesiones:<\/b>\u00a0No se prev\u00e9n<br \/>\n<b>Transferencias internacionales:<\/b>\u00a0No se prev\u00e9n<br \/>\n<b>Elaboraciones de perfiles:<\/b>\u00a0No se prev\u00e9n<\/td>\n<\/tr>\n<tr>\n<td>Gesti\u00f3n de la compra<\/td>\n<td><b>Finalidad:<\/b>\u00a0Captaci\u00f3n, registro y tratamiento de datos con la finalidad de gestionar su compra, as\u00ed como para el correcto desarrollo, cumplimiento y ejecuci\u00f3n del contrato entre ambas partes<br \/>\n<b>Plazo de conservaci\u00f3n:<\/b>\u00a0durante el plazo necesario para gestionar la compra de los productos o servicios adquiridos incluyendo posibles devoluciones, quejas o reclamaciones asociadas a la compra del producto o servicio en particular<br \/>\n<b>Base leg\u00edtima:<\/b>\u00a0La ejecuci\u00f3n de un contrato<br \/>\n<b>Tipolog\u00eda de Datos:<\/b>\u00a0Datos meramente identificativos<br \/>\n<b>Cesiones:<\/b>\u00a0sus datos podr\u00e1n ser comunicados en caso de ser necesario a empresas que subvencionen los concursos, premios y\/o promociones<br \/>\n<b>Transferencias internacionales:<\/b>\u00a0No se prev\u00e9n<br \/>\n<b>Elaboraciones de perfiles:<\/b>\u00a0No se prev\u00e9n<\/td>\n<\/tr>\n<tr>\n<td>Gesti\u00f3n econ\u00f3mica y administrativa<\/td>\n<td><b>Finalidad:<\/b>\u00a0Gesti\u00f3n administrativa, facturaci\u00f3n, contabilidad y obligaciones legales<br \/>\n<b>Plazo de conservaci\u00f3n:<\/b>\u00a05 a\u00f1os en cumplimiento de la ley tributaria y 10 a\u00f1os la documentaci\u00f3n fiscal en cumplimiento de la L.O.7\/2012<br \/>\n<b>Base leg\u00edtima:<\/b>\u00a0El consentimiento del interesado<br \/>\n<b>Tipolog\u00eda de Datos:<\/b>\u00a0Datos meramente identificativos<br \/>\n<b>Cesiones:<\/b>\u00a0sus datos ser\u00e1n comunicados en caso de ser necesario a Agencia Tributaria, Bancos, Cajas y Organismos y\/o administraci\u00f3n p\u00fablica con competencia en la materia con la finalidad de cumplir con las obligaciones tributarias y fiscales establecidas en la normativa aplicable. Adem\u00e1s, se informa que la base legitimadora de la cesi\u00f3n es cumplir con las obligaciones establecidas en la normativa aplicable<br \/>\n<b>Transferencias internacionales:<\/b>\u00a0No se prev\u00e9n<br \/>\n<b>Elaboraciones de perfiles:<\/b>\u00a0No se prev\u00e9n<\/td>\n<\/tr>\n<\/tbody>\n<\/table>\n<h4>Derechos de los interesados<\/h4>\n<p>EL TROTAJUEVES informa a los Usuarios que, podr\u00e1 ejercer los derechos de acceso, rectificaci\u00f3n, limitaci\u00f3n, supresi\u00f3n, portabilidad y oposici\u00f3n al tratamiento de sus datos de car\u00e1cter personal ante el Responsable del Tratamiento, as\u00ed como a la retirada del consentimiento prestado.<\/p>\n<ul>\n<li><b>Derecho de Acceso:<\/b>\u00a0Es el derecho del usuario a obtener informaci\u00f3n sobre sus datos concretos de car\u00e1cter personal y del tratamiento que se haya realizado o realice, as\u00ed como de la informaci\u00f3n disponible sobre el origen de dichos datos y las comunicaciones realizadas o previstas de los mismos.<\/li>\n<li><b>Derecho de Rectificaci\u00f3n:<\/b> Es el derecho del afectado a que se modifiquen los datos que resulten ser inexactos o incompletos. S\u00f3lo podr\u00e1 satisfacerse en relaci\u00f3n a aquella informaci\u00f3n que se encuentre bajo el control de EL TROTAJUEVES.<\/li>\n<li><b>Derecho a la Limitaci\u00f3n de tratamiento:<\/b>\u00a0Es el derecho a que se limiten los fines del tratamiento previstos de forma original por el responsable del tratamiento.<\/li>\n<li><b>Derecho de Supresi\u00f3n:<\/b>\u00a0Es el derecho a suprimir los datos de car\u00e1cter personal del usuario, a excepci\u00f3n de lo previsto en el propio RGPD o en otras normativas aplicables que determinen la obligatoriedad de la conservaci\u00f3n de los mismos, en tiempo y forma.<\/li>\n<li><b>Derecho de portabilidad:<\/b>\u00a0El derecho a recibir los datos personales que el usuario, haya facilitado, en un formato estructurado, de uso com\u00fan y lectura mec\u00e1nica, y a transmitirlos a otro responsable.<\/li>\n<li><b>Derecho de Oposici\u00f3n:<\/b> Es el derecho del usuario a que no se lleve a cabo el tratamiento de sus datos de car\u00e1cter personal o se cese el tratamiento de los mismos por parte de EL TROTAJUEVES.<\/li>\n<\/ul>\n<p>Para poder ejercer cualquiera de los derechos descritos anteriormente deber\u00e1 cumplir con los siguientes requisitos:<\/p>\n<ul>\n<li>Presentaci\u00f3n de un escrito a la direcci\u00f3n CALLE ANTONIA LANCHA 17 BAJO 3, DP. 28019 MADRID (a la atenci\u00f3n de ASOCIACI\u00d3N CULTURAL Y LIBRER\u00cdA EL TROTAJUEVES) o bien a trav\u00e9s del correo electr\u00f3nico trotamadrid@gmail.com<\/li>\n<li>El escrito remitido por el titular de los datos que solicite el ejercicio deber\u00e1 de cumplir los siguientes requisitos legales:\n<ul>\n<li>Nombre, apellidos del interesado y copia del DNI\/NIE o cualquier documento identificativo. En los excepcionales casos en que se admita la representaci\u00f3n, ser\u00e1 tambi\u00e9n necesaria la identificaci\u00f3n por el mismo medio de la persona que le representa, as\u00ed como el documento acreditativo de la representaci\u00f3n. La fotocopia del DNI podr\u00e1 ser sustituida siempre que se acredite la identidad por cualquier otro medio v\u00e1lido en derecho.<\/li>\n<li>Petici\u00f3n en que se concreta la solicitud. (Ejercicio en el que se solicita la informaci\u00f3n a la que se quiere acceder). Si no hace referencia a un fichero concreto se le facilitar\u00e1 toda la informaci\u00f3n que se tenga con sus datos de car\u00e1cter personal. Si solicita informaci\u00f3n de un fichero en concreto, s\u00f3lo la informaci\u00f3n de este fichero. Si solicita informaci\u00f3n relativa a un tercero nunca se podr\u00e1 facilitar. Si lo solicita por tel\u00e9fono se le indicar\u00e1 que lo haga por escrito y se le informar\u00e1 de c\u00f3mo lo puede hacer y la direcci\u00f3n a la que tiene que enviarlo. Nunca se le dar\u00e1 informaci\u00f3n por tel\u00e9fono.<\/li>\n<li>Domicilio a efectos de notificaciones.<\/li>\n<li>Fecha y firma del solicitante.<\/li>\n<li>Documentos acreditativos de la petici\u00f3n que formula.<\/li>\n<li>El interesado debe utilizar cualquier medio que permita acreditar el env\u00edo y la recepci\u00f3n de la solicitud.<\/li>\n<\/ul>\n<\/li>\n<\/ul>\n<p>Por \u00faltimo, le informamos que Usted tiene derecho a presentar una reclamaci\u00f3n ante la Agencia Espa\u00f1ola de Protecci\u00f3n de Datos en caso de que tenga conocimiento o considere que un hecho pueda suponer un incumplimiento de la normativa aplicable en materia de protecci\u00f3n de datos.<\/p>\n<p>EL TROTAJUEVES se compromete a adoptar las medidas t\u00e9cnicas y organizativas necesarias, acorde al nivel de riesgos que acompa\u00f1an los tratamientos realizados por \u00e9stas e indicados en el apartado de los t\u00e9rminos y condiciones de uso, de forma que garanticen su integridad, confidencialidad y disponibilidad.<\/p>\n","protected":false},"excerpt":{"rendered":"<p>De conformidad con la normativa vigente y aplicable en protecci\u00f3n de datos de car\u00e1cter personal, le informamos que sus datos ser\u00e1n incorporados al sistema de tratamiento titularidad de la ASOCIACI\u00d3N CULTURAL Y LIBRER\u00cdA EL TROTAJUEVES (a partir de ahora EL TROTAJUEVES) con NIF G86604204 y domicilio social sito en CALLE ANTONIA LANCHA 17 BAJO 3, [&hellip;]<\/p>\n","protected":false},"author":1,"featured_media":0,"parent":0,"menu_order":0,"comment_status":"closed","ping_status":"closed","template":"","meta":{"_joinchat":[],"footnotes":""},"class_list":["post-12184","page","type-page","status-publish","hentry"],"_links":{"self":[{"href":"https:\/\/trotajueves.es\/libreria\/wp-json\/wp\/v2\/pages\/12184","targetHints":{"allow":["GET"]}}],"collection":[{"href":"https:\/\/trotajueves.es\/libreria\/wp-json\/wp\/v2\/pages"}],"about":[{"href":"https:\/\/trotajueves.es\/libreria\/wp-json\/wp\/v2\/types\/page"}],"author":[{"embeddable":true,"href":"https:\/\/trotajueves.es\/libreria\/wp-json\/wp\/v2\/users\/1"}],"replies":[{"embeddable":true,"href":"https:\/\/trotajueves.es\/libreria\/wp-json\/wp\/v2\/comments?post=12184"}],"version-history":[{"count":0,"href":"https:\/\/trotajueves.es\/libreria\/wp-json\/wp\/v2\/pages\/12184\/revisions"}],"wp:attachment":[{"href":"https:\/\/trotajueves.es\/libreria\/wp-json\/wp\/v2\/media?parent=12184"}],"curies":[{"name":"wp","href":"https:\/\/api.w.org\/{rel}","templated":true}]}}