{"id":35326,"date":"2025-01-28T19:15:13","date_gmt":"2025-01-28T18:15:13","guid":{"rendered":"https:\/\/trotajueves.es\/libreria\/?page_id=35326"},"modified":"2025-01-29T10:46:40","modified_gmt":"2025-01-29T09:46:40","slug":"aviso-legal","status":"publish","type":"page","link":"https:\/\/trotajueves.es\/libreria\/aviso-legal\/","title":{"rendered":"AVISO LEGAL"},"content":{"rendered":"<p>En cumplimiento de la Ley 34\/2002, de 11 de julio, de Servicios de la Sociedad de la Informaci\u00f3n y de Comercio Electr\u00f3nico (LSSI-CE), la ASOCIACI\u00d3N CULTURAL Y LIBRER\u00cdA EL TROTAJUEVES (a partir de ahora EL TROTAJUEVES) informa que es titular del sitio web. De acuerdo con la exigencia del art\u00edculo 10 de la citada Ley, EL TROTAJUEVES informa de los siguientes datos:<\/p>\n<table style=\"height: 366px;\" width=\"588\">\n<tbody>\n<tr>\n<th>REPRESENTANTE LEGAL<\/th>\n<td>ASOCIACI\u00d3N CULTURAL Y LIBRER\u00cdA EL TROTAJUEVES<\/td>\n<\/tr>\n<tr>\n<th>NIF<\/th>\n<td>G86604204<\/td>\n<\/tr>\n<tr>\n<th>DOMINIO<\/th>\n<td>https:\/\/trotajueves.es\/libreria<\/td>\n<\/tr>\n<tr>\n<th>DIRECCI\u00d3N POSTAL<\/th>\n<td>CALLE ANTONIA LANCHA 17 BAJO 3, MADRID DP. 28019 MADRID<\/td>\n<\/tr>\n<tr>\n<th>DIRECCI\u00d3N ELECTR\u00d3NICA<\/th>\n<td>trotamadrid@gmail.com<\/td>\n<\/tr>\n<tr>\n<th>TEL\u00c9FONOS<\/th>\n<td>915701572 ; 651189883<\/td>\n<\/tr>\n<tr>\n<th>REGISTRO NACIONAL DE ASOCIACIONES<\/th>\n<td>Grupo 1 ; Secci\u00f3n 1 ; N\u00famero Nacional 601298<\/td>\n<\/tr>\n<\/tbody>\n<\/table>\n<h1>USUARIO Y R\u00c9GIMEN DE RESPONSABILIDADES<\/h1>\n<p>La navegaci\u00f3n, acceso y uso por el sitio web de EL TROTAJUEVES confiere la condici\u00f3n de usuario.<\/p>\n<p>El sitio web de EL TROTAJUEVES proporciona gran diversidad de informaci\u00f3n, servicios y datos. El usuario asume su responsabilidad en el uso correcto del sitio web. Esta responsabilidad se extender\u00e1 a:<\/p>\n<ul>\n<li>La veracidad y licitud de las informaciones aportadas por el usuario en los formularios extendidos por EL TROTAJUEVES para el acceso a ciertos contenidos o servicios ofrecidos por el web.<\/li>\n<li>El uso de la informaci\u00f3n, servicios y datos ofrecidos por EL TROTAJUEVES contrariamente a lo dispuesto por las presentes condiciones, la Ley, la moral, las buenas costumbres o el orden p\u00fablico, o que de cualquier otro modo puedan suponer lesi\u00f3n de los derechos de terceros o del mismo funcionamiento del sitio web.<\/li>\n<\/ul>\n<h1>POL\u00cdTICA DE ENLACES Y EXENCIONES DE RESPONSABILIDAD<\/h1>\n<p>EL TROTAJUEVES no se hace responsable del contenido de los sitios web a los que el usuario pueda acceder a trav\u00e9s de los enlaces establecidos en su sitio web, siempre que no tenga conocimiento efectivo de que la actividad o la informaci\u00f3n a la que remite o recomienda es il\u00edcita o de que lesiona bienes o derechos de un tercero susceptibles de indemnizaci\u00f3n, o, en caso de tenerlo, act\u00fae con diligencia para suprimir o inutilizar el enlace correspondiente.<\/p>\n<p>Se entender\u00e1 que EL TROTAJUEVES tiene el conocimiento efectivo a que se refiere el p\u00e1rrafo anterior cuando un \u00f3rgano competente haya declarado la ilicitud de los datos, ordenado su retirada o que se imposibilite el acceso a los mismos, o se hubiera declarado la existencia de la lesi\u00f3n, y EL TROTAJUEVES conociera la correspondiente resoluci\u00f3n, sin perjuicio de los procedimientos de detecci\u00f3n y retirada de contenidos que EL TROTAJUEVES aplique en virtud de acuerdos voluntarios y de otros medios de conocimiento efectivo que pudieran establecerse.<\/p>\n<p>EL TROTAJUEVES declara haber adoptado todas las medidas necesarias para evitar cualquier da\u00f1o a los usuarios de su sitio web, que pudieran derivarse de la navegaci\u00f3n por su sitio web. En consecuencia, EL TROTAJUEVES no se hace responsable, en ning\u00fan caso, de los eventuales da\u00f1os que por la navegaci\u00f3n por Internet pudiera sufrir el usuario. Asimismo, tampoco garantizar\u00e1 la disponibilidad t\u00e9cnica, exactitud, veracidad, validez o legalidad de sitios ajenos a su propiedad a los que se pueda acceder por medio de los enlaces.<\/p>\n<h1>MODIFICACIONES<\/h1>\n<p>EL TROTAJUEVES se reserva el derecho a realizar las modificaciones que considere oportunas, sin aviso previo, en el contenido de su sitio web. Tanto en lo referente a los contenidos del sitio web, como en las condiciones de uso del mismo, o en las condiciones generales de contrataci\u00f3n. Los cambios a los que hace referencia este apartado, no afectar\u00e1n a las contrataciones realizadas con fecha anterior a la fecha de publicaci\u00f3n de los mismos. Dichas modificaciones podr\u00e1n realizarse a trav\u00e9s de su sitio web por cualquier forma admisible en derecho y ser\u00e1n de obligado cumplimiento durante el tiempo en que se encuentren publicadas en el web y hasta que no sean modificadas v\u00e1lidamente por otras posteriores.<\/p>\n<h1>INDICACI\u00d3N DE PRECIOS<\/h1>\n<p>En caso de que se muestren precios de productos y\/o servicios, los indicados en pantalla ser\u00e1n los vigentes en cada momento. Los precios ser\u00e1n indicados en euros y tendr\u00e1n incorporado el Impuesto sobre el Valor A\u00f1adido (IVA). En caso de que no se incorpore el IVA en el precio, se indicar\u00e1 de manera expresa y se permitir\u00e1 al usuario visualizar el precio final completo.<\/p>\n<p>Asimismo, si fuera aplicable cualquier otro impuesto, as\u00ed se indicar\u00eda, incluyendo, en su caso, el importe de los incrementos o descuentos que sean de aplicaci\u00f3n a la oferta y los gastos adicionales que puedan repercutir al consumidor o usuario.<\/p>\n<h1>PROPIEDAD INTELECTUAL E INDUSTRIAL<\/h1>\n<p>EL TROTAJUEVES por s\u00ed misma o como cesionaria, es titular de todos los derechos de propiedad intelectual e industrial de su p\u00e1gina web, as\u00ed como de los elementos contenidos en la misma (a t\u00edtulo enunciativo, im\u00e1genes, sonido, audio, v\u00eddeo, software o textos; marcas o logotipos, combinaciones de colores, estructura y dise\u00f1o, selecci\u00f3n de materiales usados, programas de ordenador necesarios para su funcionamiento, acceso y uso, etc.), titularidad de EL TROTAJUEVES. Ser\u00e1n, por consiguiente, obras protegidas como propiedad intelectual por el ordenamiento jur\u00eddico espa\u00f1ol, si\u00e9ndoles aplicables tanto la normativa espa\u00f1ola y comunitaria en este campo, como los tratados internacionales relativos a la materia y suscritos por Espa\u00f1a.<\/p>\n<p>Todos los derechos reservados. En virtud de lo dispuesto en la Ley de Propiedad Intelectual, quedan expresamente prohibidas la reproducci\u00f3n, la distribuci\u00f3n y la comunicaci\u00f3n p\u00fablica, incluida su modalidad de puesta a disposici\u00f3n, de la totalidad o parte de los contenidos de esta p\u00e1gina web, con fines comerciales, en cualquier soporte y por cualquier medio t\u00e9cnico, sin la autorizaci\u00f3n de EL TROTAJUEVES.<\/p>\n<p>El usuario se compromete a respetar los derechos de Propiedad Intelectual e Industrial titularidad de EL TROTAJUEVES. Podr\u00e1 visualizar los elementos del portal e incluso imprimirlos, copiarlos y almacenarlos en el disco duro de su ordenador o en cualquier otro soporte f\u00edsico siempre y cuando sea, \u00fanica y exclusivamente, para su uso personal y privado.<\/p>\n<p>El usuario deber\u00e1 abstenerse de suprimir, alterar, eludir o manipular cualquier dispositivo de protecci\u00f3n o sistema de seguridad que estuviera instalado en las p\u00e1ginas de EL TROTAJUEVES.<\/p>\n<h1>ACCIONES LEGALES, LEGISLACI\u00d3N APLICABLE Y JURISDICCI\u00d3N<\/h1>\n<p>Si el usuario desea presentar una reclamaci\u00f3n, deber\u00e1 contactar mediante el correo electr\u00f3nico trotamadrid@gmail.com. Asimismo, EL TROTAJUEVES dispone de hojas oficiales de reclamaci\u00f3n a disposici\u00f3n de los consumidores y usuarios. EL TROTAJUEVES se reserva la facultad de presentar las acciones civiles o penales que considere oportunas por la utilizaci\u00f3n indebida de su sitio web y contenidos, o por el incumplimiento de las presentes condiciones.<\/p>\n<p>La relaci\u00f3n entre el usuario y el prestador se regir\u00e1 por la normativa vigente y de aplicaci\u00f3n en el territorio espa\u00f1ol. De surgir cualquier controversia las partes podr\u00e1n someter sus conflictos a arbitraje o acudir a la jurisdicci\u00f3n ordinaria cumpliendo con las normas sobre jurisdicci\u00f3n y competencia al respecto. EL TROTAJUEVES tiene su domicilio en MADRID, Espa\u00f1a.<\/p>\n<h1>INDICACI\u00d3N DE CONDICIONES DE CONDUCTA<\/h1>\n<p>El Usuario deber\u00e1 cumplir con todas las leyes que sean de aplicaci\u00f3n y utilizar los espacios disponibles en el sitio web para dejar comentarios de modo correcto y respetar el c\u00f3digo de conducta que se establece en este apartado, as\u00ed como tener en cuenta el r\u00e9gimen de responsabilidades que se puedan derivar de la utilizaci\u00f3n de estos espacio de forma incorrecta o il\u00edcita.<\/p>\n<p>EL TROTAJUEVES informa de las conductas que no considera apropiadas y de la potestad que dispone para actuar en consecuencia sobre los siguientes usos, actuaciones, omisiones o declaraciones que el miembro realice, en virtud de la relaci\u00f3n que le une como usuario:<\/p>\n<ul>\n<li>Actuar de manera deshonesta o poco profesional.<\/li>\n<li>Publicar contenidos inapropiados o inexactos.<\/li>\n<li>Acosar, abusar, amenazar o da\u00f1ar a otra persona o usuario.<\/li>\n<li>Utilizar o publicar a trav\u00e9s de im\u00e1genes, videos o cualquier comentario en el perfil que pueda herir la sensibilidad de los Usuario, as\u00ed como que pueda discriminar por cualquier condici\u00f3n, raza, grupo \u00e9tnico, nacionalidad, religi\u00f3n, sexo, orientaci\u00f3n sexual, discapacidad o enfermedad, o que sean ilegales, injuriosos, abusivos, obscenos, discriminatorios o por otras causas consideradas reprochables.<\/li>\n<li>Usar la cuenta de otra persona o crear una identidad falsa.<\/li>\n<li>Realizar declaraciones falsas que suplanten la identidad.<\/li>\n<li>Incluir contenido que contengan virus inform\u00e1ticos u otros que puedan eliminar, interrumpir u obstaculizar la correcta navegaci\u00f3n.<\/li>\n<li>Vender, patrocinar u obtener beneficio econ\u00f3mico a trav\u00e9s del sitio web sin la autorizaci\u00f3n de ALCANA LIBROS SL o si se ha establecido otro m\u00e9todo proporcionado por ALCANA LIBROS SL para la gesti\u00f3n de un servicio exclusivo.<\/li>\n<li>Compartir informaci\u00f3n de personas que no son Usuario sin su consentimiento expreso.<\/li>\n<li>Crear perfiles falsos en la aplicaci\u00f3n, en el caso de que se detecte que existen perfiles falsos ser\u00e1n eliminado de forma inmediata.<\/li>\n<li>Promover el racismo, la xenofobia o el fanatismo de cualquier clase contra cualquier grupo o individuo.<\/li>\n<li>Imitar o suplantar a cualquier persona o entidad.<\/li>\n<li>Solicitar dinero de otros usuarios.<\/li>\n<li>Enviar v\u00eddeos, audios o fotograf\u00edas con im\u00e1genes de otra persona sin su autorizaci\u00f3n (o en el caso de un menor, sin la autorizaci\u00f3n de sus padres o tutores legales).<\/li>\n<\/ul>\n","protected":false},"excerpt":{"rendered":"<p>En cumplimiento de la Ley 34\/2002, de 11 de julio, de Servicios de la Sociedad de la Informaci\u00f3n y de Comercio Electr\u00f3nico (LSSI-CE), la ASOCIACI\u00d3N CULTURAL Y LIBRER\u00cdA EL TROTAJUEVES (a partir de ahora EL TROTAJUEVES) informa que es titular del sitio web. De acuerdo con la exigencia del art\u00edculo 10 de la citada Ley, [&hellip;]<\/p>\n","protected":false},"author":1,"featured_media":0,"parent":0,"menu_order":0,"comment_status":"closed","ping_status":"closed","template":"","meta":{"_joinchat":[],"footnotes":""},"class_list":["post-35326","page","type-page","status-publish","hentry"],"_links":{"self":[{"href":"https:\/\/trotajueves.es\/libreria\/wp-json\/wp\/v2\/pages\/35326","targetHints":{"allow":["GET"]}}],"collection":[{"href":"https:\/\/trotajueves.es\/libreria\/wp-json\/wp\/v2\/pages"}],"about":[{"href":"https:\/\/trotajueves.es\/libreria\/wp-json\/wp\/v2\/types\/page"}],"author":[{"embeddable":true,"href":"https:\/\/trotajueves.es\/libreria\/wp-json\/wp\/v2\/users\/1"}],"replies":[{"embeddable":true,"href":"https:\/\/trotajueves.es\/libreria\/wp-json\/wp\/v2\/comments?post=35326"}],"version-history":[{"count":0,"href":"https:\/\/trotajueves.es\/libreria\/wp-json\/wp\/v2\/pages\/35326\/revisions"}],"wp:attachment":[{"href":"https:\/\/trotajueves.es\/libreria\/wp-json\/wp\/v2\/media?parent=35326"}],"curies":[{"name":"wp","href":"https:\/\/api.w.org\/{rel}","templated":true}]}}