{"id":10600,"date":"2021-09-17T12:34:22","date_gmt":"2021-09-17T10:34:22","guid":{"rendered":"http:\/\/trotajueves.es\/libreria\/?post_type=product&#038;p=10600"},"modified":"2021-09-17T12:39:08","modified_gmt":"2021-09-17T10:39:08","slug":"el-espejo-de-la-muerte-y-otros-relatos-novelescos","status":"publish","type":"product","link":"https:\/\/trotajueves.es\/libreria\/producto\/el-espejo-de-la-muerte-y-otros-relatos-novelescos\/","title":{"rendered":"El espejo de la muerte y otros relatos novelescos"},"content":{"rendered":"<p>AUTOR:\u00a0 \u00a0\u00a0Unamuno,\u00a0 Miguel de<\/p>\n<p>ESTADO:\u00a0\u00a0\u00a0\u00a0\u00a0\u00a0\u00a0 usado<\/p>\n<p>I.S.B.N.:<\/p>\n<p>A\u00f1o:\u00a0 \u00a0 1965<\/p>\n<p>Editorial:\u00a0 juventud<\/p>\n<p>P\u00e1ginas:\u00a0 \u00a0 \u00a0 \u00a0 400<\/p>\n<p>Precio:\u00a06 \u20ac<\/p>\n","protected":false},"excerpt":{"rendered":"<p>En los papeles carmes\u00edes que emple\u00f3 la Canciller\u00eda de la Alhambra, Boabdil,el \u00faltimo sult\u00e1n, da testimonio de su vida a la vez q la goza o la sufre.<\/p>\n","protected":false},"featured_media":10601,"template":"","meta":{"_joinchat":[]},"product_brand":[],"product_cat":[248,43,31],"product_tag":[335,303,69,73],"class_list":{"0":"post-10600","1":"product","2":"type-product","3":"status-publish","4":"has-post-thumbnail","6":"product_cat-cuento-grande","7":"product_cat-humanidades","8":"product_cat-relato","9":"product_tag-clasica","10":"product_tag-novela-corta","11":"product_tag-pensamiento","12":"product_tag-relato-2","13":"pa_estado-usado","15":"first","16":"instock","17":"shipping-taxable","18":"purchasable","19":"product-type-simple"},"_links":{"self":[{"href":"https:\/\/trotajueves.es\/libreria\/wp-json\/wp\/v2\/product\/10600","targetHints":{"allow":["GET"]}}],"collection":[{"href":"https:\/\/trotajueves.es\/libreria\/wp-json\/wp\/v2\/product"}],"about":[{"href":"https:\/\/trotajueves.es\/libreria\/wp-json\/wp\/v2\/types\/product"}],"wp:featuredmedia":[{"embeddable":true,"href":"https:\/\/trotajueves.es\/libreria\/wp-json\/wp\/v2\/media\/10601"}],"wp:attachment":[{"href":"https:\/\/trotajueves.es\/libreria\/wp-json\/wp\/v2\/media?parent=10600"}],"wp:term":[{"taxonomy":"product_brand","embeddable":true,"href":"https:\/\/trotajueves.es\/libreria\/wp-json\/wp\/v2\/product_brand?post=10600"},{"taxonomy":"product_cat","embeddable":true,"href":"https:\/\/trotajueves.es\/libreria\/wp-json\/wp\/v2\/product_cat?post=10600"},{"taxonomy":"product_tag","embeddable":true,"href":"https:\/\/trotajueves.es\/libreria\/wp-json\/wp\/v2\/product_tag?post=10600"}],"curies":[{"name":"wp","href":"https:\/\/api.w.org\/{rel}","templated":true}]}}