{"id":10654,"date":"2021-09-22T10:30:46","date_gmt":"2021-09-22T08:30:46","guid":{"rendered":"http:\/\/trotajueves.es\/libreria\/?post_type=product&#038;p=10654"},"modified":"2021-09-22T10:34:57","modified_gmt":"2021-09-22T08:34:57","slug":"la-rebelion-de-los-zangano","status":"publish","type":"product","link":"https:\/\/trotajueves.es\/libreria\/producto\/la-rebelion-de-los-zangano\/","title":{"rendered":"La Rebeli\u00f3n De Los Z\u00e1ngano"},"content":{"rendered":"<p>AUTOR:\u00a0 \u00a0 \u00a0 \u00a0 \u00a0 \u00a0\u00a0Luis D\u00e9gano<\/p>\n<p>ESTADO: \u00a0\u00a0\u00a0\u00a0\u00a0\u00a0nuevo<\/p>\n<p>I.S.B.N.:\u00a0 \u00a0 9788498027358<\/p>\n<p>A\u00f1o:\u00a0\u00a0\u00a0\u00a0 2011<\/p>\n<p>Editorial:\u00a0 \u00a0 entrel\u00edneas<\/p>\n<p>P\u00e1ginas:\u00a0 \u00a0 130<\/p>\n<p>Precio:\u00a0 \u00a012 \u20ac<\/p>\n","protected":false},"excerpt":{"rendered":"<div>Es una novela que, al estilo de aquellas novelas de viajes que la Generaci\u00f3n del 98 y del 27 practicasen con tan buenos resultados y nuestro Camilo Jos\u00e9 Cela rescatase con su Viaje a la Alcarria, trata de rescatar tambi\u00e9n del olvido un camino peregrino ambientado en una \u00e9poca hist\u00f3rica.<\/div>\n<div>\u00a0 \u00a0 Nuestros protagonistas van modificando tambi\u00e9n su manera de ser, de comportarse y de pensar influenciados por el camino y por el lugar al cual arriban pues, si no\u00a0iniciaron su ruta como peregrinos, realmente se entregaron a la magia y al milagro del lugar que el priorato de las Villuercas encierra.<\/div>\n","protected":false},"featured_media":10655,"template":"","meta":{"_joinchat":[]},"product_brand":[],"product_cat":[37,36,31],"product_tag":[7,106,257,73],"class_list":{"0":"post-10654","1":"product","2":"type-product","3":"status-publish","4":"has-post-thumbnail","6":"product_cat-nuevorelato","7":"product_cat-nuevoautor","8":"product_cat-relato","9":"product_tag-contemporanea","10":"product_tag-espana","11":"product_tag-nuevo","12":"product_tag-relato-2","14":"first","15":"instock","16":"shipping-taxable","17":"purchasable","18":"product-type-simple"},"_links":{"self":[{"href":"https:\/\/trotajueves.es\/libreria\/wp-json\/wp\/v2\/product\/10654","targetHints":{"allow":["GET"]}}],"collection":[{"href":"https:\/\/trotajueves.es\/libreria\/wp-json\/wp\/v2\/product"}],"about":[{"href":"https:\/\/trotajueves.es\/libreria\/wp-json\/wp\/v2\/types\/product"}],"wp:featuredmedia":[{"embeddable":true,"href":"https:\/\/trotajueves.es\/libreria\/wp-json\/wp\/v2\/media\/10655"}],"wp:attachment":[{"href":"https:\/\/trotajueves.es\/libreria\/wp-json\/wp\/v2\/media?parent=10654"}],"wp:term":[{"taxonomy":"product_brand","embeddable":true,"href":"https:\/\/trotajueves.es\/libreria\/wp-json\/wp\/v2\/product_brand?post=10654"},{"taxonomy":"product_cat","embeddable":true,"href":"https:\/\/trotajueves.es\/libreria\/wp-json\/wp\/v2\/product_cat?post=10654"},{"taxonomy":"product_tag","embeddable":true,"href":"https:\/\/trotajueves.es\/libreria\/wp-json\/wp\/v2\/product_tag?post=10654"}],"curies":[{"name":"wp","href":"https:\/\/api.w.org\/{rel}","templated":true}]}}