{"id":10701,"date":"2021-09-22T12:31:11","date_gmt":"2021-09-22T10:31:11","guid":{"rendered":"http:\/\/trotajueves.es\/libreria\/?post_type=product&#038;p=10701"},"modified":"2025-12-22T19:44:36","modified_gmt":"2025-12-22T18:44:36","slug":"espanistan-este-pais-se-ve-a-la-mierda","status":"publish","type":"product","link":"https:\/\/trotajueves.es\/libreria\/producto\/espanistan-este-pais-se-ve-a-la-mierda\/","title":{"rendered":"Espa\u00f1ist\u00e1n. Este pa\u00eds se ve a la mierda"},"content":{"rendered":"<p>AUTOR:\u00a0 \u00a0 Sal\u00f3, Aleix<\/p>\n<p>ESTADO:\u00a0\u00a0\u00a0\u00a0\u00a0\u00a0\u00a0\u00a0 usado<\/p>\n<p>I.S.B.N.:\u00a0 \u00a0 \u00a09788499471754<\/p>\n<p>A\u00f1o:\u00a0 \u00a0\u00a02011<\/p>\n<p>Editorial:\u00a0 Gl\u00e9nat<\/p>\n<p>P\u00e1ginas:\u00a0 \u00a0 \u00a0\u00a0144<\/p>\n<p>Precio:\u00a08 \u00a0\u20ac<\/p>\n","protected":false},"excerpt":{"rendered":"<p>AUTOR:\u00a0 \u00a0 Sal\u00f3, Aleix ESTADO:\u00a0\u00a0\u00a0\u00a0\u00a0\u00a0\u00a0\u00a0 usado I.S.B.N.:\u00a0 \u00a0 \u00a09788499471754 A\u00f1o:\u00a0 \u00a0\u00a02011 Editorial:\u00a0 Gl\u00e9nat P\u00e1ginas:\u00a0 \u00a0 \u00a0\u00a0144 Precio:\u00a08 \u00a0\u20ac<\/p>\n","protected":false},"featured_media":10702,"template":"","meta":{"_joinchat":[]},"product_brand":[],"product_cat":[41,605,79],"product_tag":[281,285,61,405],"class_list":{"0":"post-10701","1":"product","2":"type-product","3":"status-publish","4":"has-post-thumbnail","6":"product_cat-album","7":"product_cat-comic-novela-grafica","8":"product_cat-otros","9":"product_tag-comedia","10":"product_tag-comic","11":"product_tag-humor","12":"product_tag-tebeo","13":"pa_estado-usado","15":"first","16":"instock","17":"shipping-taxable","18":"purchasable","19":"product-type-simple"},"_links":{"self":[{"href":"https:\/\/trotajueves.es\/libreria\/wp-json\/wp\/v2\/product\/10701","targetHints":{"allow":["GET"]}}],"collection":[{"href":"https:\/\/trotajueves.es\/libreria\/wp-json\/wp\/v2\/product"}],"about":[{"href":"https:\/\/trotajueves.es\/libreria\/wp-json\/wp\/v2\/types\/product"}],"wp:featuredmedia":[{"embeddable":true,"href":"https:\/\/trotajueves.es\/libreria\/wp-json\/wp\/v2\/media\/10702"}],"wp:attachment":[{"href":"https:\/\/trotajueves.es\/libreria\/wp-json\/wp\/v2\/media?parent=10701"}],"wp:term":[{"taxonomy":"product_brand","embeddable":true,"href":"https:\/\/trotajueves.es\/libreria\/wp-json\/wp\/v2\/product_brand?post=10701"},{"taxonomy":"product_cat","embeddable":true,"href":"https:\/\/trotajueves.es\/libreria\/wp-json\/wp\/v2\/product_cat?post=10701"},{"taxonomy":"product_tag","embeddable":true,"href":"https:\/\/trotajueves.es\/libreria\/wp-json\/wp\/v2\/product_tag?post=10701"}],"curies":[{"name":"wp","href":"https:\/\/api.w.org\/{rel}","templated":true}]}}