{"id":10879,"date":"2021-09-25T21:49:07","date_gmt":"2021-09-25T19:49:07","guid":{"rendered":"http:\/\/trotajueves.es\/libreria\/?post_type=product&#038;p=10879"},"modified":"2021-09-25T21:51:09","modified_gmt":"2021-09-25T19:51:09","slug":"con-un-monton-de-anos-la-pasion-de-vivir","status":"publish","type":"product","link":"https:\/\/trotajueves.es\/libreria\/producto\/con-un-monton-de-anos-la-pasion-de-vivir\/","title":{"rendered":"Con un mont\u00f3n de a\u00f1os la pasi\u00f3n de vivir"},"content":{"rendered":"<p>AUTOR:\u00a0 Ginzo, Juana<\/p>\n<p>ESTADO:\u00a0\u00a0\u00a0\u00a0\u00a0\u00a0\u00a0\u00a0 usado<\/p>\n<p>I.S.B.N.:\u00a0 8484600718<\/p>\n<p>A\u00f1o:\u00a0 \u00a0 \u00a02000<\/p>\n<p>Editorial:\u00a0 Temas de hoy<\/p>\n<p>P\u00e1ginas:\u00a0 \u00a0\u00a0228<\/p>\n<p>Precio:\u00a03 \u20ac<\/p>\n","protected":false},"excerpt":{"rendered":"<p>AUTOR:\u00a0 Ginzo, Juana ESTADO:\u00a0\u00a0\u00a0\u00a0\u00a0\u00a0\u00a0\u00a0 usado I.S.B.N.:\u00a0 8484600718 A\u00f1o:\u00a0 \u00a0 \u00a02000 Editorial:\u00a0 Temas de hoy P\u00e1ginas:\u00a0 \u00a0\u00a0228 Precio:\u00a03 \u20ac<\/p>\n","protected":false},"featured_media":10880,"template":"","meta":{"_joinchat":[]},"product_brand":[],"product_cat":[79],"product_tag":[46,311],"class_list":{"0":"post-10879","1":"product","2":"type-product","3":"status-publish","4":"has-post-thumbnail","6":"product_cat-otros","7":"product_tag-autoayuda","8":"product_tag-salud","9":"pa_estado-usado","11":"first","12":"instock","13":"shipping-taxable","14":"purchasable","15":"product-type-simple"},"_links":{"self":[{"href":"https:\/\/trotajueves.es\/libreria\/wp-json\/wp\/v2\/product\/10879","targetHints":{"allow":["GET"]}}],"collection":[{"href":"https:\/\/trotajueves.es\/libreria\/wp-json\/wp\/v2\/product"}],"about":[{"href":"https:\/\/trotajueves.es\/libreria\/wp-json\/wp\/v2\/types\/product"}],"wp:featuredmedia":[{"embeddable":true,"href":"https:\/\/trotajueves.es\/libreria\/wp-json\/wp\/v2\/media\/10880"}],"wp:attachment":[{"href":"https:\/\/trotajueves.es\/libreria\/wp-json\/wp\/v2\/media?parent=10879"}],"wp:term":[{"taxonomy":"product_brand","embeddable":true,"href":"https:\/\/trotajueves.es\/libreria\/wp-json\/wp\/v2\/product_brand?post=10879"},{"taxonomy":"product_cat","embeddable":true,"href":"https:\/\/trotajueves.es\/libreria\/wp-json\/wp\/v2\/product_cat?post=10879"},{"taxonomy":"product_tag","embeddable":true,"href":"https:\/\/trotajueves.es\/libreria\/wp-json\/wp\/v2\/product_tag?post=10879"}],"curies":[{"name":"wp","href":"https:\/\/api.w.org\/{rel}","templated":true}]}}