{"id":11565,"date":"2021-10-01T09:50:56","date_gmt":"2021-10-01T07:50:56","guid":{"rendered":"http:\/\/trotajueves.es\/libreria\/?post_type=product&#038;p=11565"},"modified":"2021-10-01T09:52:17","modified_gmt":"2021-10-01T07:52:17","slug":"como-fomentar-la-inversion-socialmente-responsable-en-espana","status":"publish","type":"product","link":"https:\/\/trotajueves.es\/libreria\/producto\/como-fomentar-la-inversion-socialmente-responsable-en-espana\/","title":{"rendered":"C\u00f3mo fomentar la inversi\u00f3n socialmente responsable en Espa\u00f1a"},"content":{"rendered":"<p>AUTOR:\u00a0\u00a0Economistas frente a la crisis<\/p>\n<p>ESTADO:\u00a0\u00a0\u00a0\u00a0\u00a0\u00a0\u00a0\u00a0 usado<\/p>\n<p>I.S.B.N.:\u00a0 9788436255256<\/p>\n<p>A\u00f1o:\u00a0 \u00a0 \u00a02009<\/p>\n<p>Editorial: UNED<\/p>\n<p>P\u00e1ginas:\u00a0 \u00a0 \u00a0215<\/p>\n<p>Precio:\u00a09 \u00a0\u20ac<\/p>\n","protected":false},"excerpt":{"rendered":"<p>AUTOR:\u00a0\u00a0Economistas frente a la crisis ESTADO:\u00a0\u00a0\u00a0\u00a0\u00a0\u00a0\u00a0\u00a0 usado I.S.B.N.:\u00a0 9788436255256 A\u00f1o:\u00a0 \u00a0 \u00a02009 Editorial: UNED P\u00e1ginas:\u00a0 \u00a0 \u00a0215 Precio:\u00a09 \u00a0\u20ac<\/p>\n","protected":false},"featured_media":11566,"template":"","meta":{"_joinchat":[]},"product_brand":[],"product_cat":[42,43],"product_tag":[27,224,72,76],"class_list":{"0":"post-11565","1":"product","2":"type-product","3":"status-publish","4":"has-post-thumbnail","6":"product_cat-ensayo","7":"product_cat-humanidades","8":"product_tag-economia","9":"product_tag-ensayo","10":"product_tag-politica","11":"product_tag-sociologia","12":"pa_estado-usado","14":"first","15":"instock","16":"shipping-taxable","17":"purchasable","18":"product-type-simple"},"_links":{"self":[{"href":"https:\/\/trotajueves.es\/libreria\/wp-json\/wp\/v2\/product\/11565","targetHints":{"allow":["GET"]}}],"collection":[{"href":"https:\/\/trotajueves.es\/libreria\/wp-json\/wp\/v2\/product"}],"about":[{"href":"https:\/\/trotajueves.es\/libreria\/wp-json\/wp\/v2\/types\/product"}],"wp:featuredmedia":[{"embeddable":true,"href":"https:\/\/trotajueves.es\/libreria\/wp-json\/wp\/v2\/media\/11566"}],"wp:attachment":[{"href":"https:\/\/trotajueves.es\/libreria\/wp-json\/wp\/v2\/media?parent=11565"}],"wp:term":[{"taxonomy":"product_brand","embeddable":true,"href":"https:\/\/trotajueves.es\/libreria\/wp-json\/wp\/v2\/product_brand?post=11565"},{"taxonomy":"product_cat","embeddable":true,"href":"https:\/\/trotajueves.es\/libreria\/wp-json\/wp\/v2\/product_cat?post=11565"},{"taxonomy":"product_tag","embeddable":true,"href":"https:\/\/trotajueves.es\/libreria\/wp-json\/wp\/v2\/product_tag?post=11565"}],"curies":[{"name":"wp","href":"https:\/\/api.w.org\/{rel}","templated":true}]}}