{"id":11605,"date":"2021-10-03T22:49:54","date_gmt":"2021-10-03T20:49:54","guid":{"rendered":"http:\/\/trotajueves.es\/libreria\/?post_type=product&#038;p=11605"},"modified":"2021-10-03T22:52:37","modified_gmt":"2021-10-03T20:52:37","slug":"la-cancion-del-atardecer-una-magica-sinfonia-de-los-sentidos","status":"publish","type":"product","link":"https:\/\/trotajueves.es\/libreria\/producto\/la-cancion-del-atardecer-una-magica-sinfonia-de-los-sentidos\/","title":{"rendered":"La canci\u00f3n del atardecer: una m\u00e1gica sinfon\u00eda de los sentidos"},"content":{"rendered":"<p>AUTOR:\u00a0  Siddharth Dhanvant Shanghvi<br \/>\nESTADO: usado<br \/>\nI.S.B.N.: 8496231704<br \/>\nA\u00f1o:\u00a0 \u00a0 \u00a0\u00a02006<br \/>\nEditorial: Maeva<br \/>\nP\u00e1ginas:\u00a0\u00a0278<br \/>\nPrecio:\u00a04 \u20ac<\/p>\n","protected":false},"excerpt":{"rendered":"<p>AUTOR:\u00a0 Siddharth Dhanvant Shanghvi ESTADO: usado I.S.B.N.: 8496231704 A\u00f1o:\u00a0 \u00a0 \u00a0\u00a02006 Editorial: Maeva P\u00e1ginas:\u00a0\u00a0278 Precio:\u00a04 \u20ac<\/p>\n","protected":false},"featured_media":11606,"template":"","meta":{"_joinchat":[]},"product_brand":[],"product_cat":[30,23],"product_tag":[143,68,226,99],"class_list":{"0":"post-11605","1":"product","2":"type-product","3":"status-publish","4":"has-post-thumbnail","6":"product_cat-novela","7":"product_cat-novelaextranjera","8":"product_tag-india","9":"product_tag-novela-2","10":"product_tag-novela-extranjera","11":"product_tag-oriental","12":"pa_estado-usado","14":"first","15":"instock","16":"shipping-taxable","17":"purchasable","18":"product-type-simple"},"_links":{"self":[{"href":"https:\/\/trotajueves.es\/libreria\/wp-json\/wp\/v2\/product\/11605","targetHints":{"allow":["GET"]}}],"collection":[{"href":"https:\/\/trotajueves.es\/libreria\/wp-json\/wp\/v2\/product"}],"about":[{"href":"https:\/\/trotajueves.es\/libreria\/wp-json\/wp\/v2\/types\/product"}],"wp:featuredmedia":[{"embeddable":true,"href":"https:\/\/trotajueves.es\/libreria\/wp-json\/wp\/v2\/media\/11606"}],"wp:attachment":[{"href":"https:\/\/trotajueves.es\/libreria\/wp-json\/wp\/v2\/media?parent=11605"}],"wp:term":[{"taxonomy":"product_brand","embeddable":true,"href":"https:\/\/trotajueves.es\/libreria\/wp-json\/wp\/v2\/product_brand?post=11605"},{"taxonomy":"product_cat","embeddable":true,"href":"https:\/\/trotajueves.es\/libreria\/wp-json\/wp\/v2\/product_cat?post=11605"},{"taxonomy":"product_tag","embeddable":true,"href":"https:\/\/trotajueves.es\/libreria\/wp-json\/wp\/v2\/product_tag?post=11605"}],"curies":[{"name":"wp","href":"https:\/\/api.w.org\/{rel}","templated":true}]}}