{"id":11621,"date":"2021-10-03T23:13:43","date_gmt":"2021-10-03T21:13:43","guid":{"rendered":"http:\/\/trotajueves.es\/libreria\/?post_type=product&#038;p=11621"},"modified":"2021-10-03T23:17:02","modified_gmt":"2021-10-03T21:17:02","slug":"mas-alla-de-donde-sonamos","status":"publish","type":"product","link":"https:\/\/trotajueves.es\/libreria\/producto\/mas-alla-de-donde-sonamos\/","title":{"rendered":"M\u00e1s all\u00e1 de donde so\u00f1amos"},"content":{"rendered":"<p>AUTOR:\u00a0 Mateo Fern\u00e1ndez, Eduardo<\/p>\n<p>ESTADO:\u00a0\u00a0\u00a0\u00a0\u00a0\u00a0\u00a0\u00a0 usado<\/p>\n<p>I.S.B.N.: 9788415883906<\/p>\n<p>A\u00f1o:\u00a0 \u00a0 \u00a01987<\/p>\n<p>Editorial: alianza editorial<\/p>\n<p>P\u00e1ginas:\u00a0 \u00a0\u00a0127<\/p>\n<p>Precio:\u00a08\u00a0 \u20ac<\/p>\n","protected":false},"excerpt":{"rendered":"<p>AUTOR:\u00a0 Mateo Fern\u00e1ndez, Eduardo ESTADO:\u00a0\u00a0\u00a0\u00a0\u00a0\u00a0\u00a0\u00a0 usado I.S.B.N.: 9788415883906 A\u00f1o:\u00a0 \u00a0 \u00a01987 Editorial: alianza editorial P\u00e1ginas:\u00a0 \u00a0\u00a0127 Precio:\u00a08\u00a0 \u20ac<\/p>\n","protected":false},"featured_media":11622,"template":"","meta":{"_joinchat":[]},"product_brand":[],"product_cat":[42,43],"product_tag":[224,234,284,283],"class_list":{"0":"post-11621","1":"product","2":"type-product","3":"status-publish","4":"has-post-thumbnail","6":"product_cat-ensayo","7":"product_cat-humanidades","8":"product_tag-ensayo","9":"product_tag-humanidades","10":"product_tag-psicologia","11":"product_tag-psiquiatria","12":"pa_estado-usado","14":"first","15":"instock","16":"shipping-taxable","17":"purchasable","18":"product-type-simple"},"_links":{"self":[{"href":"https:\/\/trotajueves.es\/libreria\/wp-json\/wp\/v2\/product\/11621","targetHints":{"allow":["GET"]}}],"collection":[{"href":"https:\/\/trotajueves.es\/libreria\/wp-json\/wp\/v2\/product"}],"about":[{"href":"https:\/\/trotajueves.es\/libreria\/wp-json\/wp\/v2\/types\/product"}],"wp:featuredmedia":[{"embeddable":true,"href":"https:\/\/trotajueves.es\/libreria\/wp-json\/wp\/v2\/media\/11622"}],"wp:attachment":[{"href":"https:\/\/trotajueves.es\/libreria\/wp-json\/wp\/v2\/media?parent=11621"}],"wp:term":[{"taxonomy":"product_brand","embeddable":true,"href":"https:\/\/trotajueves.es\/libreria\/wp-json\/wp\/v2\/product_brand?post=11621"},{"taxonomy":"product_cat","embeddable":true,"href":"https:\/\/trotajueves.es\/libreria\/wp-json\/wp\/v2\/product_cat?post=11621"},{"taxonomy":"product_tag","embeddable":true,"href":"https:\/\/trotajueves.es\/libreria\/wp-json\/wp\/v2\/product_tag?post=11621"}],"curies":[{"name":"wp","href":"https:\/\/api.w.org\/{rel}","templated":true}]}}