{"id":12300,"date":"2021-11-12T14:12:31","date_gmt":"2021-11-12T13:12:31","guid":{"rendered":"https:\/\/trotajueves.es\/libreria\/?post_type=product&#038;p=12300"},"modified":"2023-10-17T23:28:27","modified_gmt":"2023-10-17T21:28:27","slug":"de-ano-y-vez-fiestas-populares-de-castilla-y-leon","status":"publish","type":"product","link":"https:\/\/trotajueves.es\/libreria\/producto\/de-ano-y-vez-fiestas-populares-de-castilla-y-leon\/","title":{"rendered":"De a\u00f1o y vez: fiestas populares de Castilla y Le\u00f3n"},"content":{"rendered":"<p>AUTOR: Carlos Blanco \u00c1lvaro<\/p>\n<p>ESTADO: \u00a0\u00a0\u00a0\u00a0\u00a0usado<\/p>\n<p>I.S.B.N.: 848677070x<\/p>\n<p>A\u00f1o:\u00a0 \u00a01993<\/p>\n<p>Editorial:\u00a0 \u00a0 caja Espa\u00f1a<\/p>\n<p>P\u00e1ginas: 256<\/p>\n<p>Precio:\u00a0 \u00a04 \u20ac<\/p>\n","protected":false},"excerpt":{"rendered":"<p>AUTOR: Carlos Blanco \u00c1lvaro ESTADO: \u00a0\u00a0\u00a0\u00a0\u00a0usado I.S.B.N.: 848677070x A\u00f1o:\u00a0 \u00a01993 Editorial:\u00a0 \u00a0 caja Espa\u00f1a P\u00e1ginas: 256 Precio:\u00a0 \u00a04 \u20ac<\/p>\n","protected":false},"featured_media":12301,"template":"","meta":{"_joinchat":[]},"product_brand":[],"product_cat":[41,79],"product_tag":[235,106,59],"class_list":{"0":"post-12300","1":"product","2":"type-product","3":"status-publish","4":"has-post-thumbnail","6":"product_cat-album","7":"product_cat-otros","8":"product_tag-antropologia","9":"product_tag-espana","10":"product_tag-historia","11":"pa_estado-usado","13":"first","14":"instock","15":"shipping-taxable","16":"purchasable","17":"product-type-simple"},"_links":{"self":[{"href":"https:\/\/trotajueves.es\/libreria\/wp-json\/wp\/v2\/product\/12300","targetHints":{"allow":["GET"]}}],"collection":[{"href":"https:\/\/trotajueves.es\/libreria\/wp-json\/wp\/v2\/product"}],"about":[{"href":"https:\/\/trotajueves.es\/libreria\/wp-json\/wp\/v2\/types\/product"}],"wp:featuredmedia":[{"embeddable":true,"href":"https:\/\/trotajueves.es\/libreria\/wp-json\/wp\/v2\/media\/12301"}],"wp:attachment":[{"href":"https:\/\/trotajueves.es\/libreria\/wp-json\/wp\/v2\/media?parent=12300"}],"wp:term":[{"taxonomy":"product_brand","embeddable":true,"href":"https:\/\/trotajueves.es\/libreria\/wp-json\/wp\/v2\/product_brand?post=12300"},{"taxonomy":"product_cat","embeddable":true,"href":"https:\/\/trotajueves.es\/libreria\/wp-json\/wp\/v2\/product_cat?post=12300"},{"taxonomy":"product_tag","embeddable":true,"href":"https:\/\/trotajueves.es\/libreria\/wp-json\/wp\/v2\/product_tag?post=12300"}],"curies":[{"name":"wp","href":"https:\/\/api.w.org\/{rel}","templated":true}]}}