{"id":12637,"date":"2022-03-22T18:53:17","date_gmt":"2022-03-22T17:53:17","guid":{"rendered":"https:\/\/trotajueves.es\/libreria\/?post_type=product&#038;p=12637"},"modified":"2022-03-22T21:24:57","modified_gmt":"2022-03-22T20:24:57","slug":"politica-y-futuro-ensayos-escogidos","status":"publish","type":"product","link":"https:\/\/trotajueves.es\/libreria\/producto\/politica-y-futuro-ensayos-escogidos\/","title":{"rendered":"Pol\u00edtica y futuro: Ensayos escogidos"},"content":{"rendered":"<p>AUTOR:\u00a0 \u00a0 \u00a0 Keynes, John Maynard<\/p>\n<p>ESTADO:\u00a0\u00a0\u00a0\u00a0\u00a0\u00a0\u00a0\u00a0 usado Excelente<\/p>\n<p>I.S.B.N.:\u00a0 9788494366420<\/p>\n<p>A\u00f1o:\u00a0 \u00a0 \u00a02015<\/p>\n<p>Editorial:\u00a0 \u00a0 \u00a0 \u00a0 P\u00e1gina Ind\u00f3mita<\/p>\n<p>P\u00e1ginas:\u00a0 \u00a0 \u00a0 \u00a0 158<\/p>\n<p>Precio:\u00a0 15 \u20ac<\/p>\n","protected":false},"excerpt":{"rendered":"<p>AUTOR:\u00a0 \u00a0 \u00a0 Keynes, John Maynard ESTADO:\u00a0\u00a0\u00a0\u00a0\u00a0\u00a0\u00a0\u00a0 usado Excelente I.S.B.N.:\u00a0 9788494366420 A\u00f1o:\u00a0 \u00a0 \u00a02015 Editorial:\u00a0 \u00a0 \u00a0 \u00a0 P\u00e1gina Ind\u00f3mita P\u00e1ginas:\u00a0 \u00a0 \u00a0 \u00a0 158 Precio:\u00a0 15 \u20ac<\/p>\n","protected":false},"featured_media":12638,"template":"","meta":{"_joinchat":[]},"product_brand":[],"product_cat":[42,43],"product_tag":[373,224,59,72,269],"class_list":{"0":"post-12637","1":"product","2":"type-product","3":"status-publish","4":"has-post-thumbnail","6":"product_cat-ensayo","7":"product_cat-humanidades","8":"product_tag-capitalismo","9":"product_tag-ensayo","10":"product_tag-historia","11":"product_tag-politica","12":"product_tag-socialismo","13":"pa_estado-usado","15":"first","16":"instock","17":"shipping-taxable","18":"purchasable","19":"product-type-simple"},"_links":{"self":[{"href":"https:\/\/trotajueves.es\/libreria\/wp-json\/wp\/v2\/product\/12637","targetHints":{"allow":["GET"]}}],"collection":[{"href":"https:\/\/trotajueves.es\/libreria\/wp-json\/wp\/v2\/product"}],"about":[{"href":"https:\/\/trotajueves.es\/libreria\/wp-json\/wp\/v2\/types\/product"}],"wp:featuredmedia":[{"embeddable":true,"href":"https:\/\/trotajueves.es\/libreria\/wp-json\/wp\/v2\/media\/12638"}],"wp:attachment":[{"href":"https:\/\/trotajueves.es\/libreria\/wp-json\/wp\/v2\/media?parent=12637"}],"wp:term":[{"taxonomy":"product_brand","embeddable":true,"href":"https:\/\/trotajueves.es\/libreria\/wp-json\/wp\/v2\/product_brand?post=12637"},{"taxonomy":"product_cat","embeddable":true,"href":"https:\/\/trotajueves.es\/libreria\/wp-json\/wp\/v2\/product_cat?post=12637"},{"taxonomy":"product_tag","embeddable":true,"href":"https:\/\/trotajueves.es\/libreria\/wp-json\/wp\/v2\/product_tag?post=12637"}],"curies":[{"name":"wp","href":"https:\/\/api.w.org\/{rel}","templated":true}]}}