{"id":12650,"date":"2022-03-22T19:30:10","date_gmt":"2022-03-22T18:30:10","guid":{"rendered":"https:\/\/trotajueves.es\/libreria\/?post_type=product&#038;p=12650"},"modified":"2022-05-23T13:13:55","modified_gmt":"2022-05-23T11:13:55","slug":"en-medio-de-extranas-victimas","status":"publish","type":"product","link":"https:\/\/trotajueves.es\/libreria\/producto\/en-medio-de-extranas-victimas\/","title":{"rendered":"EN MEDIO DE EXTRA\u00d1AS V\u00cdCTIMAS"},"content":{"rendered":"<p>AUTOR: Salda\u00f1a Par\u00eds, Daniel<\/p>\n<p>ESTADO:\u00a0\u00a0\u00a0\u00a0\u00a0\u00a0\u00a0\u00a0 usado<\/p>\n<p>I.S.B.N.: 9788415601579<\/p>\n<p>A\u00f1o:\u00a0 \u00a0 \u00a02013<\/p>\n<p>Editorial:\u00a0 Sexto Piso<\/p>\n<p>P\u00e1ginas:\u00a0 \u00a0 \u00a0 \u00a0 310<\/p>\n<p>Precio:\u00a0 9 \u20ac<\/p>\n","protected":false},"excerpt":{"rendered":"<p>AUTOR: Salda\u00f1a Par\u00eds, Daniel ESTADO:\u00a0\u00a0\u00a0\u00a0\u00a0\u00a0\u00a0\u00a0 usado I.S.B.N.: 9788415601579 A\u00f1o:\u00a0 \u00a0 \u00a02013 Editorial:\u00a0 Sexto Piso P\u00e1ginas:\u00a0 \u00a0 \u00a0 \u00a0 310 Precio:\u00a0 9 \u20ac<\/p>\n","protected":false},"featured_media":12651,"template":"","meta":{"_joinchat":[]},"product_brand":[],"product_cat":[32],"product_tag":[91,477,68],"class_list":{"0":"post-12650","1":"product","2":"type-product","3":"status-publish","4":"has-post-thumbnail","6":"product_cat-novelaespanola","7":"product_tag-latinoamerica","8":"product_tag-narrativa","9":"product_tag-novela-2","10":"pa_estado-usado","12":"first","13":"instock","14":"shipping-taxable","15":"purchasable","16":"product-type-simple"},"_links":{"self":[{"href":"https:\/\/trotajueves.es\/libreria\/wp-json\/wp\/v2\/product\/12650","targetHints":{"allow":["GET"]}}],"collection":[{"href":"https:\/\/trotajueves.es\/libreria\/wp-json\/wp\/v2\/product"}],"about":[{"href":"https:\/\/trotajueves.es\/libreria\/wp-json\/wp\/v2\/types\/product"}],"wp:featuredmedia":[{"embeddable":true,"href":"https:\/\/trotajueves.es\/libreria\/wp-json\/wp\/v2\/media\/12651"}],"wp:attachment":[{"href":"https:\/\/trotajueves.es\/libreria\/wp-json\/wp\/v2\/media?parent=12650"}],"wp:term":[{"taxonomy":"product_brand","embeddable":true,"href":"https:\/\/trotajueves.es\/libreria\/wp-json\/wp\/v2\/product_brand?post=12650"},{"taxonomy":"product_cat","embeddable":true,"href":"https:\/\/trotajueves.es\/libreria\/wp-json\/wp\/v2\/product_cat?post=12650"},{"taxonomy":"product_tag","embeddable":true,"href":"https:\/\/trotajueves.es\/libreria\/wp-json\/wp\/v2\/product_tag?post=12650"}],"curies":[{"name":"wp","href":"https:\/\/api.w.org\/{rel}","templated":true}]}}