{"id":12667,"date":"2022-03-23T20:05:23","date_gmt":"2022-03-23T19:05:23","guid":{"rendered":"https:\/\/trotajueves.es\/libreria\/?post_type=product&#038;p=12667"},"modified":"2022-05-23T13:24:44","modified_gmt":"2022-05-23T11:24:44","slug":"viaje-a-italia","status":"publish","type":"product","link":"https:\/\/trotajueves.es\/libreria\/producto\/viaje-a-italia\/","title":{"rendered":"Viaje a Italia"},"content":{"rendered":"<p>AUTOR:\u00a0 \u00a0 \u00a0 \u00a0 Goethe, Johann W.<\/p>\n<p>ESTADO: \u00a0\u00a0\u00a0\u00a0\u00a0\u00a0usado<\/p>\n<p>I.S.B.N.:\u00a0 \u00a0 \u00a0 \u00a0 10 9202771111<\/p>\n<p>A\u00f1o:\u00a0 \u00a0 \u00a0 \u00a0 \u00a0 \u00a0 \u00a0 2001<\/p>\n<p>Editorial:\u00a0 \u00a0 \u00a0 \u00a0IBERIA<\/p>\n<p>P\u00e1ginas:\u00a0 \u00a0 \u00a0 \u00a0 536<\/p>\n<p>Precio:\u00a0 \u00a06 \u00a0\u20ac<\/p>\n","protected":false},"excerpt":{"rendered":"<div>Es una novela que, al estilo de aquellas novelas de viajes que la Generaci\u00f3n del 98 y del 27 practicasen con tan buenos resultados y nuestro Camilo Jos\u00e9 Cela rescatase con su Viaje a la Alcarria, trata de rescatar tambi\u00e9n del olvido un camino peregrino ambientado en una \u00e9poca hist\u00f3rica.<\/div>\n<div>\u00a0 \u00a0 Nuestros protagonistas van modificando tambi\u00e9n su manera de ser, de comportarse y de pensar influenciados por el camino y por el lugar al cual arriban pues, si no\u00a0iniciaron su ruta como peregrinos, realmente se entregaron a la magia y al milagro del lugar que el priorato de las Villuercas encierra.<\/div>\n","protected":false},"featured_media":12668,"template":"","meta":{"_joinchat":[]},"product_brand":[],"product_cat":[201,43,34],"product_tag":[47,202,121,59,256,93],"class_list":{"0":"post-12667","1":"product","2":"type-product","3":"status-publish","4":"has-post-thumbnail","6":"product_cat-biografias-de-viajes","7":"product_cat-humanidades","8":"product_cat-viaje","9":"product_tag-biografia","10":"product_tag-biografia-de-viaje","11":"product_tag-europa","12":"product_tag-historia","13":"product_tag-italia","14":"product_tag-viaje-2","16":"first","17":"instock","18":"shipping-taxable","19":"purchasable","20":"product-type-simple"},"_links":{"self":[{"href":"https:\/\/trotajueves.es\/libreria\/wp-json\/wp\/v2\/product\/12667","targetHints":{"allow":["GET"]}}],"collection":[{"href":"https:\/\/trotajueves.es\/libreria\/wp-json\/wp\/v2\/product"}],"about":[{"href":"https:\/\/trotajueves.es\/libreria\/wp-json\/wp\/v2\/types\/product"}],"wp:featuredmedia":[{"embeddable":true,"href":"https:\/\/trotajueves.es\/libreria\/wp-json\/wp\/v2\/media\/12668"}],"wp:attachment":[{"href":"https:\/\/trotajueves.es\/libreria\/wp-json\/wp\/v2\/media?parent=12667"}],"wp:term":[{"taxonomy":"product_brand","embeddable":true,"href":"https:\/\/trotajueves.es\/libreria\/wp-json\/wp\/v2\/product_brand?post=12667"},{"taxonomy":"product_cat","embeddable":true,"href":"https:\/\/trotajueves.es\/libreria\/wp-json\/wp\/v2\/product_cat?post=12667"},{"taxonomy":"product_tag","embeddable":true,"href":"https:\/\/trotajueves.es\/libreria\/wp-json\/wp\/v2\/product_tag?post=12667"}],"curies":[{"name":"wp","href":"https:\/\/api.w.org\/{rel}","templated":true}]}}