{"id":13374,"date":"2022-06-16T13:20:55","date_gmt":"2022-06-16T11:20:55","guid":{"rendered":"https:\/\/trotajueves.es\/libreria\/?post_type=product&#038;p=13374"},"modified":"2022-06-16T13:23:03","modified_gmt":"2022-06-16T11:23:03","slug":"c-el-pequeno-libro-que-aun-no-tenia-nombre","status":"publish","type":"product","link":"https:\/\/trotajueves.es\/libreria\/producto\/c-el-pequeno-libro-que-aun-no-tenia-nombre\/","title":{"rendered":"C. el peque\u00f1o libro que a\u00fan no ten\u00eda nombre"},"content":{"rendered":"<p>AUTOR: Jos\u00e9 Antonio Mill\u00e1n<\/p>\n<p>ESTADO:\u00a0\u00a0\u00a0\u00a0\u00a0\u00a0\u00a0\u00a0 usado<\/p>\n<p>I.S.B.N.: 8478441506<\/p>\n<p>A\u00f1o:\u00a0 \u00a0 \u00a02005<\/p>\n<p>Editorial:\u00a0 \u00a0 \u00a0 siruela<\/p>\n<p>P\u00e1ginas:\u00a0 \u00a0 \u00a0 \u00a0 \u00a086<\/p>\n<p>Precio:\u00a0 4 \u20ac<\/p>\n","protected":false},"excerpt":{"rendered":"<p>AUTOR: Jos\u00e9 Antonio Mill\u00e1n ESTADO:\u00a0\u00a0\u00a0\u00a0\u00a0\u00a0\u00a0\u00a0 usado I.S.B.N.: 8478441506 A\u00f1o:\u00a0 \u00a0 \u00a02005 Editorial:\u00a0 \u00a0 \u00a0 siruela P\u00e1ginas:\u00a0 \u00a0 \u00a0 \u00a0 \u00a086 Precio:\u00a0 4 \u20ac<\/p>\n","protected":false},"featured_media":13375,"template":"","meta":{"_joinchat":[]},"product_brand":[],"product_cat":[156,30,23],"product_tag":[332,95,92,68,226],"class_list":{"0":"post-13374","1":"product","2":"type-product","3":"status-publish","4":"has-post-thumbnail","6":"product_cat-infantil-juvenil","7":"product_cat-novela","8":"product_cat-novelaextranjera","9":"product_tag-fantasia","10":"product_tag-ilustracion","11":"product_tag-juvenil","12":"product_tag-novela-2","13":"product_tag-novela-extranjera","14":"pa_estado-usado","16":"first","17":"instock","18":"shipping-taxable","19":"purchasable","20":"product-type-simple"},"_links":{"self":[{"href":"https:\/\/trotajueves.es\/libreria\/wp-json\/wp\/v2\/product\/13374","targetHints":{"allow":["GET"]}}],"collection":[{"href":"https:\/\/trotajueves.es\/libreria\/wp-json\/wp\/v2\/product"}],"about":[{"href":"https:\/\/trotajueves.es\/libreria\/wp-json\/wp\/v2\/types\/product"}],"wp:featuredmedia":[{"embeddable":true,"href":"https:\/\/trotajueves.es\/libreria\/wp-json\/wp\/v2\/media\/13375"}],"wp:attachment":[{"href":"https:\/\/trotajueves.es\/libreria\/wp-json\/wp\/v2\/media?parent=13374"}],"wp:term":[{"taxonomy":"product_brand","embeddable":true,"href":"https:\/\/trotajueves.es\/libreria\/wp-json\/wp\/v2\/product_brand?post=13374"},{"taxonomy":"product_cat","embeddable":true,"href":"https:\/\/trotajueves.es\/libreria\/wp-json\/wp\/v2\/product_cat?post=13374"},{"taxonomy":"product_tag","embeddable":true,"href":"https:\/\/trotajueves.es\/libreria\/wp-json\/wp\/v2\/product_tag?post=13374"}],"curies":[{"name":"wp","href":"https:\/\/api.w.org\/{rel}","templated":true}]}}