{"id":13831,"date":"2022-08-09T11:38:51","date_gmt":"2022-08-09T09:38:51","guid":{"rendered":"https:\/\/trotajueves.es\/libreria\/?post_type=product&#038;p=13831"},"modified":"2022-08-09T11:42:00","modified_gmt":"2022-08-09T09:42:00","slug":"solidaridad-seguridad-bienestar-cien-anos-de-proteccion-social-en-espana","status":"publish","type":"product","link":"https:\/\/trotajueves.es\/libreria\/producto\/solidaridad-seguridad-bienestar-cien-anos-de-proteccion-social-en-espana\/","title":{"rendered":"Solidaridad, seguridad, bienestar : cien a\u00f1os de protecci\u00f3n social en Espa\u00f1a"},"content":{"rendered":"<p>AUTOR: Castillo, Santiago<\/p>\n<p>ESTADO:\u00a0 \u00a0 \u00a0 \u00a0 \u00a0usado<\/p>\n<p>I.S.B.N.:\u00a0 \u00a0 \u00a09788469180556<\/p>\n<p>A\u00f1o: 2008<\/p>\n<p>Editorial: Ministerio de Trabajo<\/p>\n<p>P\u00e1ginas:\u00a0 \u00a0213<\/p>\n<p>Precio: 12 \u20ac<\/p>\n","protected":false},"excerpt":{"rendered":"<p>AUTOR: Castillo, Santiago ESTADO:\u00a0 \u00a0 \u00a0 \u00a0 \u00a0usado I.S.B.N.:\u00a0 \u00a0 \u00a09788469180556 A\u00f1o: 2008 Editorial: Ministerio de Trabajo P\u00e1ginas:\u00a0 \u00a0213 Precio: 12 \u20ac<\/p>\n","protected":false},"featured_media":13832,"template":"","meta":{"_joinchat":[]},"product_brand":[],"product_cat":[43,79],"product_tag":[234,76],"class_list":{"0":"post-13831","1":"product","2":"type-product","3":"status-publish","4":"has-post-thumbnail","6":"product_cat-humanidades","7":"product_cat-otros","8":"product_tag-humanidades","9":"product_tag-sociologia","10":"pa_estado-usado","12":"first","13":"instock","14":"shipping-taxable","15":"purchasable","16":"product-type-simple"},"_links":{"self":[{"href":"https:\/\/trotajueves.es\/libreria\/wp-json\/wp\/v2\/product\/13831","targetHints":{"allow":["GET"]}}],"collection":[{"href":"https:\/\/trotajueves.es\/libreria\/wp-json\/wp\/v2\/product"}],"about":[{"href":"https:\/\/trotajueves.es\/libreria\/wp-json\/wp\/v2\/types\/product"}],"wp:featuredmedia":[{"embeddable":true,"href":"https:\/\/trotajueves.es\/libreria\/wp-json\/wp\/v2\/media\/13832"}],"wp:attachment":[{"href":"https:\/\/trotajueves.es\/libreria\/wp-json\/wp\/v2\/media?parent=13831"}],"wp:term":[{"taxonomy":"product_brand","embeddable":true,"href":"https:\/\/trotajueves.es\/libreria\/wp-json\/wp\/v2\/product_brand?post=13831"},{"taxonomy":"product_cat","embeddable":true,"href":"https:\/\/trotajueves.es\/libreria\/wp-json\/wp\/v2\/product_cat?post=13831"},{"taxonomy":"product_tag","embeddable":true,"href":"https:\/\/trotajueves.es\/libreria\/wp-json\/wp\/v2\/product_tag?post=13831"}],"curies":[{"name":"wp","href":"https:\/\/api.w.org\/{rel}","templated":true}]}}