{"id":13853,"date":"2022-08-09T12:23:09","date_gmt":"2022-08-09T10:23:09","guid":{"rendered":"https:\/\/trotajueves.es\/libreria\/?post_type=product&#038;p=13853"},"modified":"2022-08-09T12:26:51","modified_gmt":"2022-08-09T10:26:51","slug":"cartas-de-relacion-2","status":"publish","type":"product","link":"https:\/\/trotajueves.es\/libreria\/producto\/cartas-de-relacion-2\/","title":{"rendered":"Cartas de relaci\u00f3n"},"content":{"rendered":"<p>AUTOR: Cort\u00e9s \/ Hern\u00e1n<br \/>\nESTADO: usado<br \/>\nI.S.B.N.: 9788449202087<br \/>\nA\u00f1o: 2001<br \/>\nEditorial: Dastin<br \/>\nP\u00e1ginas: 458<br \/>\nPrecio: 6<\/p>\n","protected":false},"excerpt":{"rendered":"<p>AUTOR: Cort\u00e9s \/ Hern\u00e1n ESTADO: usado I.S.B.N.: 9788449202087 A\u00f1o: 2001 Editorial: Dastin P\u00e1ginas: 458 Precio: 6<\/p>\n","protected":false},"featured_media":13854,"template":"","meta":{"_joinchat":[]},"product_brand":[],"product_cat":[209,206,34,203],"product_tag":[227,47,202,51,106,59,91,93],"class_list":{"0":"post-13853","1":"product","2":"type-product","3":"status-publish","4":"has-post-thumbnail","6":"product_cat-america","7":"product_cat-europa","8":"product_cat-viaje","9":"product_cat-viaje-en-la-historia","10":"product_tag-america","11":"product_tag-biografia","12":"product_tag-biografia-de-viaje","13":"product_tag-clasico","14":"product_tag-espana","15":"product_tag-historia","16":"product_tag-latinoamerica","17":"product_tag-viaje-2","18":"pa_estado-usado","20":"first","21":"instock","22":"shipping-taxable","23":"purchasable","24":"product-type-simple"},"_links":{"self":[{"href":"https:\/\/trotajueves.es\/libreria\/wp-json\/wp\/v2\/product\/13853","targetHints":{"allow":["GET"]}}],"collection":[{"href":"https:\/\/trotajueves.es\/libreria\/wp-json\/wp\/v2\/product"}],"about":[{"href":"https:\/\/trotajueves.es\/libreria\/wp-json\/wp\/v2\/types\/product"}],"wp:featuredmedia":[{"embeddable":true,"href":"https:\/\/trotajueves.es\/libreria\/wp-json\/wp\/v2\/media\/13854"}],"wp:attachment":[{"href":"https:\/\/trotajueves.es\/libreria\/wp-json\/wp\/v2\/media?parent=13853"}],"wp:term":[{"taxonomy":"product_brand","embeddable":true,"href":"https:\/\/trotajueves.es\/libreria\/wp-json\/wp\/v2\/product_brand?post=13853"},{"taxonomy":"product_cat","embeddable":true,"href":"https:\/\/trotajueves.es\/libreria\/wp-json\/wp\/v2\/product_cat?post=13853"},{"taxonomy":"product_tag","embeddable":true,"href":"https:\/\/trotajueves.es\/libreria\/wp-json\/wp\/v2\/product_tag?post=13853"}],"curies":[{"name":"wp","href":"https:\/\/api.w.org\/{rel}","templated":true}]}}