{"id":14406,"date":"2022-08-18T14:37:47","date_gmt":"2022-08-18T12:37:47","guid":{"rendered":"https:\/\/trotajueves.es\/libreria\/?post_type=product&#038;p=14406"},"modified":"2022-08-18T14:41:05","modified_gmt":"2022-08-18T12:41:05","slug":"navegacion-astronomica-basica","status":"publish","type":"product","link":"https:\/\/trotajueves.es\/libreria\/producto\/navegacion-astronomica-basica\/","title":{"rendered":"Navegaci\u00f3n astron\u00f3mica b\u00e1sica"},"content":{"rendered":"<p>AUTOR:\u00a0 \u00a0 \u00a0 \u00a0 Conrad Dixon<\/p>\n<p>ESTADO:\u00a0 \u00a0 \u00a0 \u00a0\u00a0usado<\/p>\n<p>I.S.B.N.:\u00a0 8428314195<\/p>\n<p>A\u00f1o: \u00a0 \u00a0 1985<\/p>\n<p>Editorial:\u00a0 \u00a0 paraninfo<\/p>\n<p>P\u00e1ginas:\u00a0 \u00a0 \u00a0 136<\/p>\n<p>Precio:\u00a0 8 \u20ac<\/p>\n","protected":false},"excerpt":{"rendered":"<p>AUTOR:\u00a0 \u00a0 \u00a0 \u00a0 Conrad Dixon ESTADO:\u00a0 \u00a0 \u00a0 \u00a0\u00a0usado I.S.B.N.:\u00a0 8428314195 A\u00f1o: \u00a0 \u00a0 1985 Editorial:\u00a0 \u00a0 paraninfo P\u00e1ginas:\u00a0 \u00a0 \u00a0 136 Precio:\u00a0 8 \u20ac<\/p>\n","protected":false},"featured_media":14407,"template":"","meta":{"_joinchat":[]},"product_brand":[],"product_cat":[41,79],"product_tag":[487,292,58,218],"class_list":{"0":"post-14406","1":"product","2":"type-product","3":"status-publish","4":"has-post-thumbnail","6":"product_cat-album","7":"product_cat-otros","8":"product_tag-astronomia","9":"product_tag-educacion","10":"product_tag-guias","11":"product_tag-mar","12":"pa_estado-usado","14":"first","15":"instock","16":"shipping-taxable","17":"purchasable","18":"product-type-simple"},"_links":{"self":[{"href":"https:\/\/trotajueves.es\/libreria\/wp-json\/wp\/v2\/product\/14406","targetHints":{"allow":["GET"]}}],"collection":[{"href":"https:\/\/trotajueves.es\/libreria\/wp-json\/wp\/v2\/product"}],"about":[{"href":"https:\/\/trotajueves.es\/libreria\/wp-json\/wp\/v2\/types\/product"}],"wp:featuredmedia":[{"embeddable":true,"href":"https:\/\/trotajueves.es\/libreria\/wp-json\/wp\/v2\/media\/14407"}],"wp:attachment":[{"href":"https:\/\/trotajueves.es\/libreria\/wp-json\/wp\/v2\/media?parent=14406"}],"wp:term":[{"taxonomy":"product_brand","embeddable":true,"href":"https:\/\/trotajueves.es\/libreria\/wp-json\/wp\/v2\/product_brand?post=14406"},{"taxonomy":"product_cat","embeddable":true,"href":"https:\/\/trotajueves.es\/libreria\/wp-json\/wp\/v2\/product_cat?post=14406"},{"taxonomy":"product_tag","embeddable":true,"href":"https:\/\/trotajueves.es\/libreria\/wp-json\/wp\/v2\/product_tag?post=14406"}],"curies":[{"name":"wp","href":"https:\/\/api.w.org\/{rel}","templated":true}]}}