{"id":15224,"date":"2022-11-23T14:13:57","date_gmt":"2022-11-23T13:13:57","guid":{"rendered":"https:\/\/trotajueves.es\/libreria\/?post_type=product&#038;p=15224"},"modified":"2023-10-17T22:55:45","modified_gmt":"2023-10-17T20:55:45","slug":"autobiografia-de-federico-sanchez","status":"publish","type":"product","link":"https:\/\/trotajueves.es\/libreria\/producto\/autobiografia-de-federico-sanchez\/","title":{"rendered":"Autobiograf\u00eda de Federico S\u00e1nchez"},"content":{"rendered":"<p>AUTOR: Sempr\u00fan, Jorge<\/p>\n<p>ESTADO: \u00a0\u00a0\u00a0\u00a0\u00a0usado<\/p>\n<p>I.S.B.N.:<\/p>\n<p>A\u00f1o: 2010<\/p>\n<p>Editorial: p\u00fablico<\/p>\n<p>P\u00e1ginas:\u00a0 319<\/p>\n<p>Precio: 5 \u20ac<\/p>\n","protected":false},"excerpt":{"rendered":"<p>AUTOR: Sempr\u00fan, Jorge ESTADO: \u00a0\u00a0\u00a0\u00a0\u00a0usado I.S.B.N.: A\u00f1o: 2010 Editorial: p\u00fablico P\u00e1ginas:\u00a0 319 Precio: 5 \u20ac<\/p>\n","protected":false},"featured_media":15225,"template":"","meta":{"_joinchat":[]},"product_brand":[],"product_cat":[42,43,30],"product_tag":[270,224,223,72],"class_list":{"0":"post-15224","1":"product","2":"type-product","3":"status-publish","4":"has-post-thumbnail","6":"product_cat-ensayo","7":"product_cat-humanidades","8":"product_cat-novela","9":"product_tag-comunismo","10":"product_tag-ensayo","11":"product_tag-novela-espanola","12":"product_tag-politica","13":"pa_estado-usado","15":"first","16":"instock","17":"shipping-taxable","18":"purchasable","19":"product-type-simple"},"_links":{"self":[{"href":"https:\/\/trotajueves.es\/libreria\/wp-json\/wp\/v2\/product\/15224","targetHints":{"allow":["GET"]}}],"collection":[{"href":"https:\/\/trotajueves.es\/libreria\/wp-json\/wp\/v2\/product"}],"about":[{"href":"https:\/\/trotajueves.es\/libreria\/wp-json\/wp\/v2\/types\/product"}],"wp:featuredmedia":[{"embeddable":true,"href":"https:\/\/trotajueves.es\/libreria\/wp-json\/wp\/v2\/media\/15225"}],"wp:attachment":[{"href":"https:\/\/trotajueves.es\/libreria\/wp-json\/wp\/v2\/media?parent=15224"}],"wp:term":[{"taxonomy":"product_brand","embeddable":true,"href":"https:\/\/trotajueves.es\/libreria\/wp-json\/wp\/v2\/product_brand?post=15224"},{"taxonomy":"product_cat","embeddable":true,"href":"https:\/\/trotajueves.es\/libreria\/wp-json\/wp\/v2\/product_cat?post=15224"},{"taxonomy":"product_tag","embeddable":true,"href":"https:\/\/trotajueves.es\/libreria\/wp-json\/wp\/v2\/product_tag?post=15224"}],"curies":[{"name":"wp","href":"https:\/\/api.w.org\/{rel}","templated":true}]}}