{"id":15248,"date":"2022-12-01T12:06:55","date_gmt":"2022-12-01T11:06:55","guid":{"rendered":"https:\/\/trotajueves.es\/libreria\/?post_type=product&#038;p=15248"},"modified":"2022-12-01T12:10:08","modified_gmt":"2022-12-01T11:10:08","slug":"la-naranjera-del-avapies","status":"publish","type":"product","link":"https:\/\/trotajueves.es\/libreria\/producto\/la-naranjera-del-avapies\/","title":{"rendered":"La Naranjera del Avapi\u00e9s"},"content":{"rendered":"<p>AUTOR: \u00a0Mar\u00eda Luisa de la Puerta<\/p>\n<p>ESTADO:\u00a0\u00a0\u00a0\u00a0\u00a0\u00a0\u00a0\u00a0 semiusado<\/p>\n<p>I.S.B.N.: 9788496470712<\/p>\n<p>A\u00f1o:\u00a0\u00a0\u00a0\u00a0 2007<\/p>\n<p>Editorial: Ediciones La Libreria<\/p>\n<p>P\u00e1ginas:\u00a0 \u00a0 \u00a0 \u00a0 288<\/p>\n<p>Precio: 10 \u20ac<\/p>\n","protected":false},"excerpt":{"rendered":"<p>En los papeles carmes\u00edes que emple\u00f3 la Canciller\u00eda de la Alhambra, Boabdil,el \u00faltimo sult\u00e1n, da testimonio de su vida a la vez q la goza o la sufre.<\/p>\n","protected":false},"featured_media":15249,"template":"","meta":{"_joinchat":[]},"product_brand":[],"product_cat":[30,32,38,36],"product_tag":[68,223,82],"class_list":{"0":"post-15248","1":"product","2":"type-product","3":"status-publish","4":"has-post-thumbnail","6":"product_cat-novela","7":"product_cat-novelaespanola","8":"product_cat-nuevanovela","9":"product_cat-nuevoautor","10":"product_tag-novela-2","11":"product_tag-novela-espanola","12":"product_tag-nuevos-autores","13":"pa_estado-usado","15":"first","16":"instock","17":"shipping-taxable","18":"purchasable","19":"product-type-simple"},"_links":{"self":[{"href":"https:\/\/trotajueves.es\/libreria\/wp-json\/wp\/v2\/product\/15248","targetHints":{"allow":["GET"]}}],"collection":[{"href":"https:\/\/trotajueves.es\/libreria\/wp-json\/wp\/v2\/product"}],"about":[{"href":"https:\/\/trotajueves.es\/libreria\/wp-json\/wp\/v2\/types\/product"}],"wp:featuredmedia":[{"embeddable":true,"href":"https:\/\/trotajueves.es\/libreria\/wp-json\/wp\/v2\/media\/15249"}],"wp:attachment":[{"href":"https:\/\/trotajueves.es\/libreria\/wp-json\/wp\/v2\/media?parent=15248"}],"wp:term":[{"taxonomy":"product_brand","embeddable":true,"href":"https:\/\/trotajueves.es\/libreria\/wp-json\/wp\/v2\/product_brand?post=15248"},{"taxonomy":"product_cat","embeddable":true,"href":"https:\/\/trotajueves.es\/libreria\/wp-json\/wp\/v2\/product_cat?post=15248"},{"taxonomy":"product_tag","embeddable":true,"href":"https:\/\/trotajueves.es\/libreria\/wp-json\/wp\/v2\/product_tag?post=15248"}],"curies":[{"name":"wp","href":"https:\/\/api.w.org\/{rel}","templated":true}]}}