{"id":15667,"date":"2022-12-14T16:43:58","date_gmt":"2022-12-14T15:43:58","guid":{"rendered":"https:\/\/trotajueves.es\/libreria\/?post_type=product&#038;p=15667"},"modified":"2022-12-14T16:45:52","modified_gmt":"2022-12-14T15:45:52","slug":"introduccion-al-estudio-de-la-prehistoria-y-la-arqueologia-de-campo","status":"publish","type":"product","link":"https:\/\/trotajueves.es\/libreria\/producto\/introduccion-al-estudio-de-la-prehistoria-y-la-arqueologia-de-campo\/","title":{"rendered":"Introducci\u00f3n al estudio de la prehistoria y la arqueolog\u00eda de campo"},"content":{"rendered":"<p>AUTOR: Mart\u00edn, Almagro<\/p>\n<p>ESTADO:\u00a0\u00a0\u00a0\u00a0\u00a0\u00a0\u00a0\u00a0 usado<\/p>\n<p>I.S.B.N.: 842506001X<\/p>\n<p>A\u00f1o:\u00a0 \u00a0 \u00a01973<\/p>\n<p>Editorial: guadarrama<\/p>\n<p>P\u00e1ginas:\u00a0 \u00a0 \u00a0238<\/p>\n<p>Precio: 4 \u20ac<\/p>\n","protected":false},"excerpt":{"rendered":"<p>AUTOR: Mart\u00edn, Almagro ESTADO:\u00a0\u00a0\u00a0\u00a0\u00a0\u00a0\u00a0\u00a0 usado I.S.B.N.: 842506001X A\u00f1o:\u00a0 \u00a0 \u00a01973 Editorial: guadarrama P\u00e1ginas:\u00a0 \u00a0 \u00a0238 Precio: 4 \u20ac<\/p>\n","protected":false},"featured_media":15668,"template":"","meta":{"_joinchat":[]},"product_brand":[],"product_cat":[42,43],"product_tag":[146,224,69],"class_list":{"0":"post-15667","1":"product","2":"type-product","3":"status-publish","4":"has-post-thumbnail","6":"product_cat-ensayo","7":"product_cat-humanidades","8":"product_tag-arqueologia","9":"product_tag-ensayo","10":"product_tag-pensamiento","11":"pa_estado-usado","13":"first","14":"instock","15":"shipping-taxable","16":"purchasable","17":"product-type-simple"},"_links":{"self":[{"href":"https:\/\/trotajueves.es\/libreria\/wp-json\/wp\/v2\/product\/15667","targetHints":{"allow":["GET"]}}],"collection":[{"href":"https:\/\/trotajueves.es\/libreria\/wp-json\/wp\/v2\/product"}],"about":[{"href":"https:\/\/trotajueves.es\/libreria\/wp-json\/wp\/v2\/types\/product"}],"wp:featuredmedia":[{"embeddable":true,"href":"https:\/\/trotajueves.es\/libreria\/wp-json\/wp\/v2\/media\/15668"}],"wp:attachment":[{"href":"https:\/\/trotajueves.es\/libreria\/wp-json\/wp\/v2\/media?parent=15667"}],"wp:term":[{"taxonomy":"product_brand","embeddable":true,"href":"https:\/\/trotajueves.es\/libreria\/wp-json\/wp\/v2\/product_brand?post=15667"},{"taxonomy":"product_cat","embeddable":true,"href":"https:\/\/trotajueves.es\/libreria\/wp-json\/wp\/v2\/product_cat?post=15667"},{"taxonomy":"product_tag","embeddable":true,"href":"https:\/\/trotajueves.es\/libreria\/wp-json\/wp\/v2\/product_tag?post=15667"}],"curies":[{"name":"wp","href":"https:\/\/api.w.org\/{rel}","templated":true}]}}