{"id":16508,"date":"2023-11-20T14:27:28","date_gmt":"2023-11-20T13:27:28","guid":{"rendered":"https:\/\/trotajueves.es\/libreria\/?post_type=product&#038;p=16508"},"modified":"2023-11-20T14:30:15","modified_gmt":"2023-11-20T13:30:15","slug":"el-asesino-de-presentadores","status":"publish","type":"product","link":"https:\/\/trotajueves.es\/libreria\/producto\/el-asesino-de-presentadores\/","title":{"rendered":"El asesino de presentadores"},"content":{"rendered":"<p>AUTOR: Sard\u00e0, Javier<br \/>\nESTADO: usado<br \/>\nI.S.B.N.: 9788408092667<br \/>\nA\u00f1o: 2010<br \/>\nEditorial: Planeta<br \/>\nP\u00e1ginas:\u00a0 261<br \/>\nPrecio: 3 \u20ac<\/p>\n","protected":false},"excerpt":{"rendered":"<p>AUTOR: Sard\u00e0, Javier ESTADO: usado I.S.B.N.: 9788408092667 A\u00f1o: 2010 Editorial: Planeta P\u00e1ginas:\u00a0 261 Precio: 3 \u20ac<\/p>\n","protected":false},"featured_media":16509,"template":"","meta":{"_joinchat":[]},"product_brand":[],"product_cat":[30,32],"product_tag":[61,68,223,282],"class_list":{"0":"post-16508","1":"product","2":"type-product","3":"status-publish","4":"has-post-thumbnail","6":"product_cat-novela","7":"product_cat-novelaespanola","8":"product_tag-humor","9":"product_tag-novela-2","10":"product_tag-novela-espanola","11":"product_tag-policiaca","12":"pa_estado-usado","14":"first","15":"instock","16":"shipping-taxable","17":"purchasable","18":"product-type-simple"},"_links":{"self":[{"href":"https:\/\/trotajueves.es\/libreria\/wp-json\/wp\/v2\/product\/16508","targetHints":{"allow":["GET"]}}],"collection":[{"href":"https:\/\/trotajueves.es\/libreria\/wp-json\/wp\/v2\/product"}],"about":[{"href":"https:\/\/trotajueves.es\/libreria\/wp-json\/wp\/v2\/types\/product"}],"wp:featuredmedia":[{"embeddable":true,"href":"https:\/\/trotajueves.es\/libreria\/wp-json\/wp\/v2\/media\/16509"}],"wp:attachment":[{"href":"https:\/\/trotajueves.es\/libreria\/wp-json\/wp\/v2\/media?parent=16508"}],"wp:term":[{"taxonomy":"product_brand","embeddable":true,"href":"https:\/\/trotajueves.es\/libreria\/wp-json\/wp\/v2\/product_brand?post=16508"},{"taxonomy":"product_cat","embeddable":true,"href":"https:\/\/trotajueves.es\/libreria\/wp-json\/wp\/v2\/product_cat?post=16508"},{"taxonomy":"product_tag","embeddable":true,"href":"https:\/\/trotajueves.es\/libreria\/wp-json\/wp\/v2\/product_tag?post=16508"}],"curies":[{"name":"wp","href":"https:\/\/api.w.org\/{rel}","templated":true}]}}