{"id":16980,"date":"2024-01-17T21:28:10","date_gmt":"2024-01-17T20:28:10","guid":{"rendered":"https:\/\/trotajueves.es\/libreria\/?post_type=product&#038;p=16980"},"modified":"2024-01-17T21:35:04","modified_gmt":"2024-01-17T20:35:04","slug":"la-desbanda-el-crimen-de-la-carretera-de-malaga-a-almeria-y-otros-escritos","status":"publish","type":"product","link":"https:\/\/trotajueves.es\/libreria\/producto\/la-desbanda-el-crimen-de-la-carretera-de-malaga-a-almeria-y-otros-escritos\/","title":{"rendered":"La desband\u00e1: El crimen de la carretera de M\u00e1laga a Almer\u00eda y otros escritos"},"content":{"rendered":"<p>AUTOR:\u00a0 BETHUNE, NORMAN<\/p>\n<p>ESTADO:\u00a0 \u00a0 \u00a0 \u00a0 \u00a0nuevo<\/p>\n<p>I.S.B.N.:\u00a0 9788417386986<\/p>\n<p>A\u00f1o:\u00a0 2022<\/p>\n<p>Editorial: Pepitas de calabaza<\/p>\n<p>P\u00e1ginas:\u00a0 160<\/p>\n<p>Precio:\u00a0 12 \u20ac<\/p>\n","protected":false},"excerpt":{"rendered":"<p>AUTOR:\u00a0 BETHUNE, NORMAN ESTADO:\u00a0 \u00a0 \u00a0 \u00a0 \u00a0nuevo I.S.B.N.:\u00a0 9788417386986 A\u00f1o:\u00a0 2022 Editorial: Pepitas de calabaza P\u00e1ginas:\u00a0 160 Precio:\u00a0 12 \u20ac<\/p>\n","protected":false},"featured_media":16981,"template":"","meta":{"_joinchat":[]},"product_brand":[],"product_cat":[42,43],"product_tag":[224,106,286,59,234,334],"class_list":{"0":"post-16980","1":"product","2":"type-product","3":"status-publish","4":"has-post-thumbnail","6":"product_cat-ensayo","7":"product_cat-humanidades","8":"product_tag-ensayo","9":"product_tag-espana","10":"product_tag-guerra-civil","11":"product_tag-historia","12":"product_tag-humanidades","13":"product_tag-republica","14":"pa_estado-nuevo","16":"first","17":"instock","18":"shipping-taxable","19":"purchasable","20":"product-type-simple"},"_links":{"self":[{"href":"https:\/\/trotajueves.es\/libreria\/wp-json\/wp\/v2\/product\/16980","targetHints":{"allow":["GET"]}}],"collection":[{"href":"https:\/\/trotajueves.es\/libreria\/wp-json\/wp\/v2\/product"}],"about":[{"href":"https:\/\/trotajueves.es\/libreria\/wp-json\/wp\/v2\/types\/product"}],"wp:featuredmedia":[{"embeddable":true,"href":"https:\/\/trotajueves.es\/libreria\/wp-json\/wp\/v2\/media\/16981"}],"wp:attachment":[{"href":"https:\/\/trotajueves.es\/libreria\/wp-json\/wp\/v2\/media?parent=16980"}],"wp:term":[{"taxonomy":"product_brand","embeddable":true,"href":"https:\/\/trotajueves.es\/libreria\/wp-json\/wp\/v2\/product_brand?post=16980"},{"taxonomy":"product_cat","embeddable":true,"href":"https:\/\/trotajueves.es\/libreria\/wp-json\/wp\/v2\/product_cat?post=16980"},{"taxonomy":"product_tag","embeddable":true,"href":"https:\/\/trotajueves.es\/libreria\/wp-json\/wp\/v2\/product_tag?post=16980"}],"curies":[{"name":"wp","href":"https:\/\/api.w.org\/{rel}","templated":true}]}}