{"id":2127,"date":"2015-03-26T19:30:05","date_gmt":"2015-03-26T19:30:05","guid":{"rendered":"http:\/\/trotajueves.es\/libreria\/?post_type=product&#038;p=2127"},"modified":"2015-03-26T19:30:05","modified_gmt":"2015-03-26T19:30:05","slug":"politica-para-amador","status":"publish","type":"product","link":"https:\/\/trotajueves.es\/libreria\/producto\/politica-para-amador\/","title":{"rendered":"Pol\u00edtica para Amador"},"content":{"rendered":"<p>AUTOR:\u00a0\u00a0\u00a0\u00a0\u00a0\u00a0\u00a0\u00a0\u00a0\u00a0\u00a0 Savater \/ Fernando<\/p>\n<p>ESTADO:\u00a0\u00a0\u00a0\u00a0\u00a0\u00a0\u00a0\u00a0 usado<\/p>\n<p>I.S.B.N.:\u00a0\u00a0\u00a0\u00a0\u00a0\u00a0\u00a0\u00a0\u00a0\u00a0 84-344-1109-1<\/p>\n<p>A\u00f1o:\u00a0\u00a0\u00a0\u00a0 1993<\/p>\n<p>Editorial:\u00a0\u00a0\u00a0\u00a0\u00a0\u00a0\u00a0\u00a0\u00a0 Ariel<\/p>\n<p>P\u00e1ginas:\u00a0\u00a0\u00a0\u00a0\u00a0\u00a0\u00a0\u00a0\u00a0\u00a0 237<\/p>\n<p>Precio: 3 \u20ac<\/p>\n","protected":false},"excerpt":{"rendered":"<p>Pretende plantear de forma elemental pero rigurosa las cuestiones b\u00e1sicas que interesan al pensamiento pol\u00edtico,tanto a nivel te\u00f3rico como pr\u00e1ctico.<\/p>\n","protected":false},"featured_media":2128,"template":"","meta":{"_joinchat":[]},"product_brand":[],"product_cat":[42],"product_tag":[55,69,72],"class_list":{"0":"post-2127","1":"product","2":"type-product","3":"status-publish","4":"has-post-thumbnail","6":"product_cat-ensayo","7":"product_tag-filosofia","8":"product_tag-pensamiento","9":"product_tag-politica","10":"pa_estado-usado","12":"first","13":"instock","14":"shipping-taxable","15":"purchasable","16":"product-type-simple"},"_links":{"self":[{"href":"https:\/\/trotajueves.es\/libreria\/wp-json\/wp\/v2\/product\/2127","targetHints":{"allow":["GET"]}}],"collection":[{"href":"https:\/\/trotajueves.es\/libreria\/wp-json\/wp\/v2\/product"}],"about":[{"href":"https:\/\/trotajueves.es\/libreria\/wp-json\/wp\/v2\/types\/product"}],"wp:featuredmedia":[{"embeddable":true,"href":"https:\/\/trotajueves.es\/libreria\/wp-json\/wp\/v2\/media\/2128"}],"wp:attachment":[{"href":"https:\/\/trotajueves.es\/libreria\/wp-json\/wp\/v2\/media?parent=2127"}],"wp:term":[{"taxonomy":"product_brand","embeddable":true,"href":"https:\/\/trotajueves.es\/libreria\/wp-json\/wp\/v2\/product_brand?post=2127"},{"taxonomy":"product_cat","embeddable":true,"href":"https:\/\/trotajueves.es\/libreria\/wp-json\/wp\/v2\/product_cat?post=2127"},{"taxonomy":"product_tag","embeddable":true,"href":"https:\/\/trotajueves.es\/libreria\/wp-json\/wp\/v2\/product_tag?post=2127"}],"curies":[{"name":"wp","href":"https:\/\/api.w.org\/{rel}","templated":true}]}}