{"id":219,"date":"2014-02-18T18:50:03","date_gmt":"2014-02-18T18:50:03","guid":{"rendered":"http:\/\/trotajueves.es\/libreria\/?post_type=product&#038;p=219"},"modified":"2015-03-04T15:37:58","modified_gmt":"2015-03-04T15:37:58","slug":"besame-tonto","status":"publish","type":"product","link":"https:\/\/trotajueves.es\/libreria\/producto\/besame-tonto\/","title":{"rendered":"\u00a1B\u00e9same tonto!"},"content":{"rendered":"<p>AUTOR:\u00a0\u00a0\u00a0\u00a0\u00a0\u00a0\u00a0\u00a0\u00a0\u00a0\u00a0 Carrano \/ Patrizia<\/p>\n<p>ESTADO:\u00a0\u00a0\u00a0\u00a0\u00a0\u00a0\u00a0\u00a0 Usado<\/p>\n<p>I.S.B.N.:\u00a0\u00a0\u00a0\u00a0\u00a0\u00a0\u00a0\u00a0\u00a0\u00a0 84-7735-132-5<\/p>\n<p>A\u00f1o:\u00a0\u00a0\u00a0\u00a0 1987<\/p>\n<p>Editorial:\u00a0\u00a0\u00a0\u00a0\u00a0\u00a0\u00a0\u00a0\u00a0 ediciones b<\/p>\n<p>P\u00e1ginas:\u00a0\u00a0\u00a0\u00a0\u00a0\u00a0\u00a0\u00a0\u00a0\u00a0 260<\/p>\n<p>Precio: 2<\/p>\n","protected":false},"excerpt":{"rendered":"<div>Es un tratado imparcial de t\u00e1cticas y estrategias con que enfrentarse al adorable, torp\u00f3n, insustituible y eterno adversario de la mujer: el hombre. Traducci\u00f3n de Mercedes Mars\u00e1.<\/div>\n","protected":false},"featured_media":220,"template":"","meta":{"_joinchat":[]},"product_brand":[],"product_cat":[79],"product_tag":[104,61],"class_list":{"0":"post-219","1":"product","2":"type-product","3":"status-publish","4":"has-post-thumbnail","6":"product_cat-otros","7":"product_tag-entretenimiento","8":"product_tag-humor","9":"pa_estado-usado","11":"first","12":"instock","13":"shipping-taxable","14":"purchasable","15":"product-type-simple"},"_links":{"self":[{"href":"https:\/\/trotajueves.es\/libreria\/wp-json\/wp\/v2\/product\/219","targetHints":{"allow":["GET"]}}],"collection":[{"href":"https:\/\/trotajueves.es\/libreria\/wp-json\/wp\/v2\/product"}],"about":[{"href":"https:\/\/trotajueves.es\/libreria\/wp-json\/wp\/v2\/types\/product"}],"wp:featuredmedia":[{"embeddable":true,"href":"https:\/\/trotajueves.es\/libreria\/wp-json\/wp\/v2\/media\/220"}],"wp:attachment":[{"href":"https:\/\/trotajueves.es\/libreria\/wp-json\/wp\/v2\/media?parent=219"}],"wp:term":[{"taxonomy":"product_brand","embeddable":true,"href":"https:\/\/trotajueves.es\/libreria\/wp-json\/wp\/v2\/product_brand?post=219"},{"taxonomy":"product_cat","embeddable":true,"href":"https:\/\/trotajueves.es\/libreria\/wp-json\/wp\/v2\/product_cat?post=219"},{"taxonomy":"product_tag","embeddable":true,"href":"https:\/\/trotajueves.es\/libreria\/wp-json\/wp\/v2\/product_tag?post=219"}],"curies":[{"name":"wp","href":"https:\/\/api.w.org\/{rel}","templated":true}]}}