{"id":21965,"date":"2024-05-17T14:41:47","date_gmt":"2024-05-17T12:41:47","guid":{"rendered":"https:\/\/trotajueves.es\/libreria\/?post_type=product&#038;p=21965"},"modified":"2024-05-17T14:43:05","modified_gmt":"2024-05-17T12:43:05","slug":"indios-carapalidas","status":"publish","type":"product","link":"https:\/\/trotajueves.es\/libreria\/producto\/indios-carapalidas\/","title":{"rendered":"Indios carap\u00e1lidas"},"content":{"rendered":"<p>AUTOR:\u00a0 \u00a0 \u00a0 \u00a0 Herren, Ricardo<\/p>\n<p>ESTADO:\u00a0\u00a0\u00a0\u00a0\u00a0\u00a0\u00a0\u00a0 usado<\/p>\n<p>I.S.B.N.:\u00a0 \u00a0 \u00a0 9788432045493<\/p>\n<p>A\u00f1o:\u00a0\u00a0\u00a0\u00a0 1992<\/p>\n<p>Editorial:\u00a0 \u00a0 \u00a0 \u00a0 \u00a0 Planeta<\/p>\n<p>P\u00e1ginas:\u00a0\u00a0\u00a0\u00a0\u00a0\u00a0\u00a0\u00a0\u00a0\u00a0184<\/p>\n<p>Precio:\u00a0 4 \u20ac<\/p>\n","protected":false},"excerpt":{"rendered":"<p>Esta Historia universal SIGLO XXI, preparada y editada inicialmente por Fischer Verlag (Alemania), sigue un nuevo concepto: exponer la totalidad de los acontecimientos del mundo, dar todo su valor a la historia de los pa\u00edses y pueblos de Asia, \u00c1frica y Am\u00e9rica.<\/p>\n","protected":false},"featured_media":21966,"template":"","meta":{"_joinchat":[]},"product_brand":[],"product_cat":[42,43],"product_tag":[224,59,91,69,76],"class_list":{"0":"post-21965","1":"product","2":"type-product","3":"status-publish","4":"has-post-thumbnail","6":"product_cat-ensayo","7":"product_cat-humanidades","8":"product_tag-ensayo","9":"product_tag-historia","10":"product_tag-latinoamerica","11":"product_tag-pensamiento","12":"product_tag-sociologia","13":"pa_estado-nuevo","15":"first","16":"instock","17":"shipping-taxable","18":"purchasable","19":"product-type-simple"},"_links":{"self":[{"href":"https:\/\/trotajueves.es\/libreria\/wp-json\/wp\/v2\/product\/21965","targetHints":{"allow":["GET"]}}],"collection":[{"href":"https:\/\/trotajueves.es\/libreria\/wp-json\/wp\/v2\/product"}],"about":[{"href":"https:\/\/trotajueves.es\/libreria\/wp-json\/wp\/v2\/types\/product"}],"wp:featuredmedia":[{"embeddable":true,"href":"https:\/\/trotajueves.es\/libreria\/wp-json\/wp\/v2\/media\/21966"}],"wp:attachment":[{"href":"https:\/\/trotajueves.es\/libreria\/wp-json\/wp\/v2\/media?parent=21965"}],"wp:term":[{"taxonomy":"product_brand","embeddable":true,"href":"https:\/\/trotajueves.es\/libreria\/wp-json\/wp\/v2\/product_brand?post=21965"},{"taxonomy":"product_cat","embeddable":true,"href":"https:\/\/trotajueves.es\/libreria\/wp-json\/wp\/v2\/product_cat?post=21965"},{"taxonomy":"product_tag","embeddable":true,"href":"https:\/\/trotajueves.es\/libreria\/wp-json\/wp\/v2\/product_tag?post=21965"}],"curies":[{"name":"wp","href":"https:\/\/api.w.org\/{rel}","templated":true}]}}