{"id":2275,"date":"2015-07-02T13:46:18","date_gmt":"2015-07-02T13:46:18","guid":{"rendered":"http:\/\/trotajueves.es\/libreria\/?post_type=product&#038;p=2275"},"modified":"2016-08-04T09:14:07","modified_gmt":"2016-08-04T09:14:07","slug":"las-tierras-del-cazembe","status":"publish","type":"product","link":"https:\/\/trotajueves.es\/libreria\/producto\/las-tierras-del-cazembe\/","title":{"rendered":"Las tierras del Cazembe"},"content":{"rendered":"<p>AUTOR: \u00a0 \u00a0 \u00a0 \u00a0 \u00a0 \u00a0Francisco de Lacerda \/ Richard Burton<\/p>\n<p>ESTADO: \u00a0\u00a0\u00a0\u00a0\u00a0\u00a0\u00a0nuevo<\/p>\n<p>I.S.B.N.: \u00a0 \u00a0 \u00a0 \u00a0 \u00a0978-84-96964-89-7<\/p>\n<p>A\u00f1o:\u00a0\u00a0\u00a0\u00a0 2011<\/p>\n<p>Editorial:\u00a0\u00a0\u00a0\u00a0\u00a0\u00a0\u00a0\u00a0\u00a0\u00a0 ediciones del viento<\/p>\n<p>P\u00e1ginas: \u00a0 \u00a0 \u00a0265<\/p>\n<p>Precio: \u00a0 23 \u20ac<\/p>\n","protected":false},"excerpt":{"rendered":"<p>Cuando a mediados del siglo XIX se reciben en Inglaterra numerosas cartas de David Livinsgtone en que habla de la regi\u00f3n de Cazembe, en el \u00c1frica Central, la Royal Geographical Society encarga al viajero y fil\u00f3logo Richard Burton la edici\u00f3n de los viajes que los portugueses hab\u00eda realizado en el siglo anterior a esa regi\u00f3n del continente negro. La obra m\u00e1s importante es el viaje de Francisco Jos\u00e9 Mar\u00eda de Lacerda,\u00a0 un portugu\u00e9s nacido en Par\u00e1 de Bah\u00eda (Brasil) que tras algunos viajes exploratorios en el continente americano, viaja en 1798 desde Portugal hasta Angola con\u00a0 el objetivo de cruzar el \u00c1frica de costa a costa. La narraci\u00f3n de Lacerda, que fallece en el viaje, es sin duda el m\u00e1s importante de los tres textos contenidos en este libro, y la versi\u00f3n inglesa de Burton, de la que se ha llevado a cabo esta traducci\u00f3n al espa\u00f1ol, da como resultado una obra extraordinaria, pues al viaje narrado por el explorador portugu\u00e9s se unen las interesant\u00edsimas informaciones que uno de los viajeros m\u00e1s importantes del siglo XIX y uno de los m\u00e1s grandes fil\u00f3logos de su tiempo. Las otras dos narraciones, el viaje de los Pombeiros P.J. Batista y Amaro Jos\u00e9 hasta Tette, en el r\u00edo Zambeze, a\u00f1os antes que el propio Livingstone,\u00a0 y el resumen del viaje de M.M. Monteiro y Gamito, completan esta edici\u00f3n que fue publicada por primera vez en Londres en 1873.<\/p>\n","protected":false},"featured_media":2276,"template":"","meta":{"_joinchat":[]},"product_brand":[],"product_cat":[207,201,34],"product_tag":[111,47,202,51,118,59,257,93],"class_list":{"0":"post-2275","1":"product","2":"type-product","3":"status-publish","4":"has-post-thumbnail","6":"product_cat-africa","7":"product_cat-biografias-de-viajes","8":"product_cat-viaje","9":"product_tag-africa","10":"product_tag-biografia","11":"product_tag-biografia-de-viaje","12":"product_tag-clasico","13":"product_tag-expediciones","14":"product_tag-historia","15":"product_tag-nuevo","16":"product_tag-viaje-2","17":"pa_estado-nuevo","19":"first","20":"instock","21":"shipping-taxable","22":"purchasable","23":"product-type-simple"},"_links":{"self":[{"href":"https:\/\/trotajueves.es\/libreria\/wp-json\/wp\/v2\/product\/2275","targetHints":{"allow":["GET"]}}],"collection":[{"href":"https:\/\/trotajueves.es\/libreria\/wp-json\/wp\/v2\/product"}],"about":[{"href":"https:\/\/trotajueves.es\/libreria\/wp-json\/wp\/v2\/types\/product"}],"wp:featuredmedia":[{"embeddable":true,"href":"https:\/\/trotajueves.es\/libreria\/wp-json\/wp\/v2\/media\/2276"}],"wp:attachment":[{"href":"https:\/\/trotajueves.es\/libreria\/wp-json\/wp\/v2\/media?parent=2275"}],"wp:term":[{"taxonomy":"product_brand","embeddable":true,"href":"https:\/\/trotajueves.es\/libreria\/wp-json\/wp\/v2\/product_brand?post=2275"},{"taxonomy":"product_cat","embeddable":true,"href":"https:\/\/trotajueves.es\/libreria\/wp-json\/wp\/v2\/product_cat?post=2275"},{"taxonomy":"product_tag","embeddable":true,"href":"https:\/\/trotajueves.es\/libreria\/wp-json\/wp\/v2\/product_tag?post=2275"}],"curies":[{"name":"wp","href":"https:\/\/api.w.org\/{rel}","templated":true}]}}