{"id":22782,"date":"2024-05-23T20:41:56","date_gmt":"2024-05-23T18:41:56","guid":{"rendered":"https:\/\/trotajueves.es\/libreria\/?post_type=product&#038;p=22782"},"modified":"2024-05-23T20:44:38","modified_gmt":"2024-05-23T18:44:38","slug":"delfines-de-plata","status":"publish","type":"product","link":"https:\/\/trotajueves.es\/libreria\/producto\/delfines-de-plata\/","title":{"rendered":"Delfines de plata"},"content":{"rendered":"<p>AUTOR:\u00a0 \u00a0 Hern\u00e1n, F\u00e9lix Garc\u00eda<\/p>\n<p>ESTADO:\u00a0\u00a0\u00a0\u00a0\u00a0\u00a0\u00a0 nuevo<\/p>\n<p>I.S.B.N.:\u00a0 9788494268298<\/p>\n<p>A\u00f1o:\u00a0 2015<\/p>\n<p>Editorial: Turpin<\/p>\n<p>P\u00e1ginas:\u00a0 \u00a0 \u00a0 \u00a0 416<\/p>\n<p>Precio:\u00a0 20 \u20ac<\/p>\n","protected":false},"excerpt":{"rendered":"<p>AUTOR:\u00a0 \u00a0 Hern\u00e1n, F\u00e9lix Garc\u00eda ESTADO:\u00a0\u00a0\u00a0\u00a0\u00a0\u00a0\u00a0 nuevo I.S.B.N.:\u00a0 9788494268298 A\u00f1o:\u00a0 2015 Editorial: Turpin P\u00e1ginas:\u00a0 \u00a0 \u00a0 \u00a0 416 Precio:\u00a0 20 \u20ac<\/p>\n","protected":false},"featured_media":22783,"template":"","meta":{"_joinchat":[]},"product_brand":[],"product_cat":[38,36],"product_tag":[65,68,223,257,82],"class_list":{"0":"post-22782","1":"product","2":"type-product","3":"status-publish","4":"has-post-thumbnail","6":"product_cat-nuevanovela","7":"product_cat-nuevoautor","8":"product_tag-misterio","9":"product_tag-novela-2","10":"product_tag-novela-espanola","11":"product_tag-nuevo","12":"product_tag-nuevos-autores","13":"pa_estado-nuevo","15":"first","16":"instock","17":"shipping-taxable","18":"purchasable","19":"product-type-simple"},"_links":{"self":[{"href":"https:\/\/trotajueves.es\/libreria\/wp-json\/wp\/v2\/product\/22782","targetHints":{"allow":["GET"]}}],"collection":[{"href":"https:\/\/trotajueves.es\/libreria\/wp-json\/wp\/v2\/product"}],"about":[{"href":"https:\/\/trotajueves.es\/libreria\/wp-json\/wp\/v2\/types\/product"}],"wp:featuredmedia":[{"embeddable":true,"href":"https:\/\/trotajueves.es\/libreria\/wp-json\/wp\/v2\/media\/22783"}],"wp:attachment":[{"href":"https:\/\/trotajueves.es\/libreria\/wp-json\/wp\/v2\/media?parent=22782"}],"wp:term":[{"taxonomy":"product_brand","embeddable":true,"href":"https:\/\/trotajueves.es\/libreria\/wp-json\/wp\/v2\/product_brand?post=22782"},{"taxonomy":"product_cat","embeddable":true,"href":"https:\/\/trotajueves.es\/libreria\/wp-json\/wp\/v2\/product_cat?post=22782"},{"taxonomy":"product_tag","embeddable":true,"href":"https:\/\/trotajueves.es\/libreria\/wp-json\/wp\/v2\/product_tag?post=22782"}],"curies":[{"name":"wp","href":"https:\/\/api.w.org\/{rel}","templated":true}]}}