{"id":242,"date":"2014-04-01T13:59:46","date_gmt":"2014-04-01T13:59:46","guid":{"rendered":"http:\/\/trotajueves.es\/libreria\/?post_type=product&#038;p=242"},"modified":"2015-12-23T13:04:08","modified_gmt":"2015-12-23T13:04:08","slug":"animales-tristes","status":"publish","type":"product","link":"https:\/\/trotajueves.es\/libreria\/producto\/animales-tristes\/","title":{"rendered":"Animales tristes"},"content":{"rendered":"<p>AUTOR:\u00a0\u00a0\u00a0\u00a0 Punt\u00ed \/ Jordi<\/p>\n<p>ESTADO:\u00a0\u00a0\u00a0\u00a0\u00a0\u00a0\u00a0\u00a0 nuevo<\/p>\n<p>I.S.B.N.:\u00a0\u00a0\u00a0\u00a0\u00a0\u00a0\u00a0\u00a0\u00a0\u00a0 84-7888-854-3<\/p>\n<p>A\u00f1o:\u00a0\u00a0\u00a0\u00a0 2003<\/p>\n<p>Editorial:\u00a0\u00a0\u00a0\u00a0\u00a0\u00a0\u00a0\u00a0\u00a0\u00a0 Salamandra<\/p>\n<p>P\u00e1ginas:\u00a0\u00a0\u00a0\u00a0\u00a0\u00a0\u00a0\u00a0\u00a0\u00a0 190<\/p>\n<p>Precio:\u00a0 8<\/p>\n","protected":false},"excerpt":{"rendered":"<p>Presenta un mosaico en estas 6 novelas del libro, de personajes que son v\u00edctimas del fr\u00e1gil equilibrio del amor, con las peque\u00f1as grandes decepciones que esconde la vida en pareja, ilusiones y reesentimientos, recuerdos funestos y terapias contra la soledad, fracasos latentes y existencias apagadas en el retablo intimista de la vida urbana. Bajo su mirada, todos los personajes confluyen en el desencanto de enfrentarse a la realidad tras la euforia del espejismo del amor.<\/p>\n","protected":false},"featured_media":243,"template":"","meta":{"_joinchat":[]},"product_brand":[],"product_cat":[248,31],"product_tag":[7,106,73],"class_list":{"0":"post-242","1":"product","2":"type-product","3":"status-publish","4":"has-post-thumbnail","6":"product_cat-cuento-grande","7":"product_cat-relato","8":"product_tag-contemporanea","9":"product_tag-espana","10":"product_tag-relato-2","11":"pa_estado-nuevo","13":"first","14":"instock","15":"shipping-taxable","16":"purchasable","17":"product-type-simple"},"_links":{"self":[{"href":"https:\/\/trotajueves.es\/libreria\/wp-json\/wp\/v2\/product\/242","targetHints":{"allow":["GET"]}}],"collection":[{"href":"https:\/\/trotajueves.es\/libreria\/wp-json\/wp\/v2\/product"}],"about":[{"href":"https:\/\/trotajueves.es\/libreria\/wp-json\/wp\/v2\/types\/product"}],"wp:featuredmedia":[{"embeddable":true,"href":"https:\/\/trotajueves.es\/libreria\/wp-json\/wp\/v2\/media\/243"}],"wp:attachment":[{"href":"https:\/\/trotajueves.es\/libreria\/wp-json\/wp\/v2\/media?parent=242"}],"wp:term":[{"taxonomy":"product_brand","embeddable":true,"href":"https:\/\/trotajueves.es\/libreria\/wp-json\/wp\/v2\/product_brand?post=242"},{"taxonomy":"product_cat","embeddable":true,"href":"https:\/\/trotajueves.es\/libreria\/wp-json\/wp\/v2\/product_cat?post=242"},{"taxonomy":"product_tag","embeddable":true,"href":"https:\/\/trotajueves.es\/libreria\/wp-json\/wp\/v2\/product_tag?post=242"}],"curies":[{"name":"wp","href":"https:\/\/api.w.org\/{rel}","templated":true}]}}