{"id":2523,"date":"2015-04-30T17:46:21","date_gmt":"2015-04-30T17:46:21","guid":{"rendered":"http:\/\/trotajueves.es\/libreria\/?post_type=product&#038;p=2523"},"modified":"2015-04-30T17:46:21","modified_gmt":"2015-04-30T17:46:21","slug":"los-nombres-del-amor","status":"publish","type":"product","link":"https:\/\/trotajueves.es\/libreria\/producto\/los-nombres-del-amor\/","title":{"rendered":"Los nombres del amor"},"content":{"rendered":"<p>AUTOR: \u00a0 \u00a0 \u00a0 \u00a0 Jorge Tamargo<\/p>\n<p>ESTADO: \u00a0\u00a0\u00a0\u00a0\u00a0\u00a0nuevo<\/p>\n<p>I.S.B.N.: \u00a0 \u00a0 \u00a0 \u00a0 \u00a0\u00a0978-84-15046-29-5<\/p>\n<p>A\u00f1o:\u00a0\u00a0\u00a0\u00a0 2014<\/p>\n<p>Editorial:\u00a0\u00a0\u00a0\u00a0\u00a0\u00a0\u00a0\u00a0\u00a0\u00a0Fundaci\u00f3n Jorge Guill\u00e9n<\/p>\n<p>P\u00e1ginas: \u00a0 \u00a0 \u00a063<\/p>\n<p>Precio: \u00a0 4 \u20ac<\/p>\n","protected":false},"excerpt":{"rendered":"<p>AUTOR: \u00a0 \u00a0 \u00a0 \u00a0 Jorge Tamargo ESTADO: \u00a0\u00a0\u00a0\u00a0\u00a0\u00a0nuevo I.S.B.N.: \u00a0 \u00a0 \u00a0 \u00a0 \u00a0\u00a0978-84-15046-29-5 A\u00f1o:\u00a0\u00a0\u00a0\u00a0 2014 Editorial:\u00a0\u00a0\u00a0\u00a0\u00a0\u00a0\u00a0\u00a0\u00a0\u00a0Fundaci\u00f3n Jorge Guill\u00e9n P\u00e1ginas: \u00a0 \u00a0 \u00a063 Precio: \u00a0 4 \u20ac<\/p>\n","protected":false},"featured_media":2524,"template":"","meta":{"_joinchat":[]},"product_brand":[],"product_cat":[35,36,40],"product_tag":[82,71],"class_list":{"0":"post-2523","1":"product","2":"type-product","3":"status-publish","4":"has-post-thumbnail","6":"product_cat-nuevapoesia","7":"product_cat-nuevoautor","8":"product_cat-poesia","9":"product_tag-nuevos-autores","10":"product_tag-poesia-2","11":"pa_estado-nuevo","13":"first","14":"instock","15":"shipping-taxable","16":"purchasable","17":"product-type-simple"},"_links":{"self":[{"href":"https:\/\/trotajueves.es\/libreria\/wp-json\/wp\/v2\/product\/2523","targetHints":{"allow":["GET"]}}],"collection":[{"href":"https:\/\/trotajueves.es\/libreria\/wp-json\/wp\/v2\/product"}],"about":[{"href":"https:\/\/trotajueves.es\/libreria\/wp-json\/wp\/v2\/types\/product"}],"wp:featuredmedia":[{"embeddable":true,"href":"https:\/\/trotajueves.es\/libreria\/wp-json\/wp\/v2\/media\/2524"}],"wp:attachment":[{"href":"https:\/\/trotajueves.es\/libreria\/wp-json\/wp\/v2\/media?parent=2523"}],"wp:term":[{"taxonomy":"product_brand","embeddable":true,"href":"https:\/\/trotajueves.es\/libreria\/wp-json\/wp\/v2\/product_brand?post=2523"},{"taxonomy":"product_cat","embeddable":true,"href":"https:\/\/trotajueves.es\/libreria\/wp-json\/wp\/v2\/product_cat?post=2523"},{"taxonomy":"product_tag","embeddable":true,"href":"https:\/\/trotajueves.es\/libreria\/wp-json\/wp\/v2\/product_tag?post=2523"}],"curies":[{"name":"wp","href":"https:\/\/api.w.org\/{rel}","templated":true}]}}