{"id":26260,"date":"2024-08-16T22:48:12","date_gmt":"2024-08-16T20:48:12","guid":{"rendered":"https:\/\/trotajueves.es\/libreria\/?post_type=product&#038;p=26260"},"modified":"2024-08-17T19:15:52","modified_gmt":"2024-08-17T17:15:52","slug":"erase-una-vez-una-persona-que-queria-cambiar-sus-habitos","status":"publish","type":"product","link":"https:\/\/trotajueves.es\/libreria\/producto\/erase-una-vez-una-persona-que-queria-cambiar-sus-habitos\/","title":{"rendered":"\u00c9rase una vez una persona que quer\u00eda cambiar sus h\u00e1bitos"},"content":{"rendered":"<p>AUTOR: S\u00e1nchez Yago, Mar\u00eda Jos\u00e9<\/p>\n<p>I.S.B.N.:9788441547063<\/p>\n<p>A\u00f1o:\u00a0 2023<\/p>\n<p>Editorial:Anaya<\/p>\n<p>P\u00e1ginas: 155<\/p>\n<p>Precio: 16\u00a0 \u20ac<\/p>\n","protected":false},"excerpt":{"rendered":"<p>AUTOR: S\u00e1nchez Yago, Mar\u00eda Jos\u00e9 I.S.B.N.:9788441547063 A\u00f1o:\u00a0 2023 Editorial:Anaya P\u00e1ginas: 155 Precio: 16\u00a0 \u20ac<\/p>\n","protected":false},"featured_media":26261,"template":"","meta":{"_joinchat":[]},"product_brand":[],"product_cat":[43,79],"product_tag":[284],"class_list":{"0":"post-26260","1":"product","2":"type-product","3":"status-publish","4":"has-post-thumbnail","6":"product_cat-humanidades","7":"product_cat-otros","8":"product_tag-psicologia","9":"pa_estado-usado","11":"first","12":"instock","13":"shipping-taxable","14":"purchasable","15":"product-type-simple"},"_links":{"self":[{"href":"https:\/\/trotajueves.es\/libreria\/wp-json\/wp\/v2\/product\/26260","targetHints":{"allow":["GET"]}}],"collection":[{"href":"https:\/\/trotajueves.es\/libreria\/wp-json\/wp\/v2\/product"}],"about":[{"href":"https:\/\/trotajueves.es\/libreria\/wp-json\/wp\/v2\/types\/product"}],"wp:featuredmedia":[{"embeddable":true,"href":"https:\/\/trotajueves.es\/libreria\/wp-json\/wp\/v2\/media\/26261"}],"wp:attachment":[{"href":"https:\/\/trotajueves.es\/libreria\/wp-json\/wp\/v2\/media?parent=26260"}],"wp:term":[{"taxonomy":"product_brand","embeddable":true,"href":"https:\/\/trotajueves.es\/libreria\/wp-json\/wp\/v2\/product_brand?post=26260"},{"taxonomy":"product_cat","embeddable":true,"href":"https:\/\/trotajueves.es\/libreria\/wp-json\/wp\/v2\/product_cat?post=26260"},{"taxonomy":"product_tag","embeddable":true,"href":"https:\/\/trotajueves.es\/libreria\/wp-json\/wp\/v2\/product_tag?post=26260"}],"curies":[{"name":"wp","href":"https:\/\/api.w.org\/{rel}","templated":true}]}}