{"id":26799,"date":"2024-08-27T00:17:27","date_gmt":"2024-08-26T22:17:27","guid":{"rendered":"https:\/\/trotajueves.es\/libreria\/?post_type=product&#038;p=26799"},"modified":"2024-08-27T00:21:07","modified_gmt":"2024-08-26T22:21:07","slug":"de-tigres-y-gacelas","status":"publish","type":"product","link":"https:\/\/trotajueves.es\/libreria\/producto\/de-tigres-y-gacelas\/","title":{"rendered":"De tigres y gacelas"},"content":{"rendered":"<p>AUTOR: S\u00e1nchez, Gin\u00e9s<\/p>\n<p>I.S.B.N.: 9788411072175<\/p>\n<p>A\u00f1o: 2023<\/p>\n<p>Editorial: Tusquest<\/p>\n<p>P\u00e1ginas: 406<\/p>\n<p>Precio: 6 \u20ac<\/p>\n","protected":false},"excerpt":{"rendered":"<p>AUTOR: S\u00e1nchez, Gin\u00e9s I.S.B.N.: 9788411072175 A\u00f1o: 2023 Editorial: Tusquest P\u00e1ginas: 406 Precio: 6 \u20ac<\/p>\n","protected":false},"featured_media":26800,"template":"","meta":{"_joinchat":[]},"product_brand":[],"product_cat":[30,32],"product_tag":[223],"class_list":{"0":"post-26799","1":"product","2":"type-product","3":"status-publish","4":"has-post-thumbnail","6":"product_cat-novela","7":"product_cat-novelaespanola","8":"product_tag-novela-espanola","9":"pa_estado-usado","11":"first","12":"instock","13":"shipping-taxable","14":"purchasable","15":"product-type-simple"},"_links":{"self":[{"href":"https:\/\/trotajueves.es\/libreria\/wp-json\/wp\/v2\/product\/26799","targetHints":{"allow":["GET"]}}],"collection":[{"href":"https:\/\/trotajueves.es\/libreria\/wp-json\/wp\/v2\/product"}],"about":[{"href":"https:\/\/trotajueves.es\/libreria\/wp-json\/wp\/v2\/types\/product"}],"wp:featuredmedia":[{"embeddable":true,"href":"https:\/\/trotajueves.es\/libreria\/wp-json\/wp\/v2\/media\/26800"}],"wp:attachment":[{"href":"https:\/\/trotajueves.es\/libreria\/wp-json\/wp\/v2\/media?parent=26799"}],"wp:term":[{"taxonomy":"product_brand","embeddable":true,"href":"https:\/\/trotajueves.es\/libreria\/wp-json\/wp\/v2\/product_brand?post=26799"},{"taxonomy":"product_cat","embeddable":true,"href":"https:\/\/trotajueves.es\/libreria\/wp-json\/wp\/v2\/product_cat?post=26799"},{"taxonomy":"product_tag","embeddable":true,"href":"https:\/\/trotajueves.es\/libreria\/wp-json\/wp\/v2\/product_tag?post=26799"}],"curies":[{"name":"wp","href":"https:\/\/api.w.org\/{rel}","templated":true}]}}