{"id":27226,"date":"2024-08-29T20:33:40","date_gmt":"2024-08-29T18:33:40","guid":{"rendered":"https:\/\/trotajueves.es\/libreria\/?post_type=product&#038;p=27226"},"modified":"2025-12-22T22:32:47","modified_gmt":"2025-12-22T21:32:47","slug":"las-cuatro-torres","status":"publish","type":"product","link":"https:\/\/trotajueves.es\/libreria\/producto\/las-cuatro-torres\/","title":{"rendered":"Las cuatro torres"},"content":{"rendered":"<p>AUTOR: P\u00e9rez, Leandro<\/p>\n<p>I.S.B.N. : 99788408131458<\/p>\n<p>A\u00f1o:2014<\/p>\n<p>Editorial: Planeta<\/p>\n<p>P\u00e1ginas: 347<\/p>\n<p>Precio: 2,9\u00a0 \u20ac<\/p>\n","protected":false},"excerpt":{"rendered":"<p>AUTOR: P\u00e9rez, Leandro I.S.B.N. : 99788408131458 A\u00f1o:2014 Editorial: Planeta P\u00e1ginas: 347 Precio: 2,9\u00a0 \u20ac<\/p>\n","protected":false},"featured_media":27227,"template":"","meta":{"_joinchat":[]},"product_brand":[],"product_cat":[30,32,505],"product_tag":[68,223,526,282],"class_list":{"0":"post-27226","1":"product","2":"type-product","3":"status-publish","4":"has-post-thumbnail","6":"product_cat-novela","7":"product_cat-novelaespanola","8":"product_cat-novela-negra","9":"product_tag-novela-2","10":"product_tag-novela-espanola","11":"product_tag-novela-negra","12":"product_tag-policiaca","13":"pa_estado-usado","15":"first","16":"instock","17":"shipping-taxable","18":"purchasable","19":"product-type-simple"},"_links":{"self":[{"href":"https:\/\/trotajueves.es\/libreria\/wp-json\/wp\/v2\/product\/27226","targetHints":{"allow":["GET"]}}],"collection":[{"href":"https:\/\/trotajueves.es\/libreria\/wp-json\/wp\/v2\/product"}],"about":[{"href":"https:\/\/trotajueves.es\/libreria\/wp-json\/wp\/v2\/types\/product"}],"wp:featuredmedia":[{"embeddable":true,"href":"https:\/\/trotajueves.es\/libreria\/wp-json\/wp\/v2\/media\/27227"}],"wp:attachment":[{"href":"https:\/\/trotajueves.es\/libreria\/wp-json\/wp\/v2\/media?parent=27226"}],"wp:term":[{"taxonomy":"product_brand","embeddable":true,"href":"https:\/\/trotajueves.es\/libreria\/wp-json\/wp\/v2\/product_brand?post=27226"},{"taxonomy":"product_cat","embeddable":true,"href":"https:\/\/trotajueves.es\/libreria\/wp-json\/wp\/v2\/product_cat?post=27226"},{"taxonomy":"product_tag","embeddable":true,"href":"https:\/\/trotajueves.es\/libreria\/wp-json\/wp\/v2\/product_tag?post=27226"}],"curies":[{"name":"wp","href":"https:\/\/api.w.org\/{rel}","templated":true}]}}