{"id":27239,"date":"2024-08-29T21:48:23","date_gmt":"2024-08-29T19:48:23","guid":{"rendered":"https:\/\/trotajueves.es\/libreria\/?post_type=product&#038;p=27239"},"modified":"2024-09-25T21:03:23","modified_gmt":"2024-09-25T19:03:23","slug":"contra-el-capitalismo-clientelar","status":"publish","type":"product","link":"https:\/\/trotajueves.es\/libreria\/producto\/contra-el-capitalismo-clientelar\/","title":{"rendered":"Contra El Capitalismo Clientelar"},"content":{"rendered":"<p>AUTOR: Carrasco, Sans\u00f3n<\/p>\n<p>I.S.B.N. : 9788499426105<\/p>\n<p>A\u00f1o:2017<\/p>\n<p>Editorial: Ediciones Pen\u00ednsula<\/p>\n<p>P\u00e1ginas: 280<\/p>\n<p>Precio: 4 \u20ac<\/p>\n","protected":false},"excerpt":{"rendered":"<p>AUTOR: Carrasco, Sans\u00f3n I.S.B.N. : 9788499426105 A\u00f1o:2017 Editorial: Ediciones Pen\u00ednsula P\u00e1ginas: 280 Precio: 4 \u20ac<\/p>\n","protected":false},"featured_media":27240,"template":"","meta":{"_joinchat":[]},"product_brand":[],"product_cat":[42,43],"product_tag":[373,27,224,70],"class_list":{"0":"post-27239","1":"product","2":"type-product","3":"status-publish","4":"has-post-thumbnail","6":"product_cat-ensayo","7":"product_cat-humanidades","8":"product_tag-capitalismo","9":"product_tag-economia","10":"product_tag-ensayo","11":"product_tag-periodismo","12":"pa_estado-usado","14":"first","15":"instock","16":"shipping-taxable","17":"purchasable","18":"product-type-simple"},"_links":{"self":[{"href":"https:\/\/trotajueves.es\/libreria\/wp-json\/wp\/v2\/product\/27239","targetHints":{"allow":["GET"]}}],"collection":[{"href":"https:\/\/trotajueves.es\/libreria\/wp-json\/wp\/v2\/product"}],"about":[{"href":"https:\/\/trotajueves.es\/libreria\/wp-json\/wp\/v2\/types\/product"}],"wp:featuredmedia":[{"embeddable":true,"href":"https:\/\/trotajueves.es\/libreria\/wp-json\/wp\/v2\/media\/27240"}],"wp:attachment":[{"href":"https:\/\/trotajueves.es\/libreria\/wp-json\/wp\/v2\/media?parent=27239"}],"wp:term":[{"taxonomy":"product_brand","embeddable":true,"href":"https:\/\/trotajueves.es\/libreria\/wp-json\/wp\/v2\/product_brand?post=27239"},{"taxonomy":"product_cat","embeddable":true,"href":"https:\/\/trotajueves.es\/libreria\/wp-json\/wp\/v2\/product_cat?post=27239"},{"taxonomy":"product_tag","embeddable":true,"href":"https:\/\/trotajueves.es\/libreria\/wp-json\/wp\/v2\/product_tag?post=27239"}],"curies":[{"name":"wp","href":"https:\/\/api.w.org\/{rel}","templated":true}]}}