{"id":294,"date":"2014-04-08T18:00:00","date_gmt":"2014-04-08T18:00:00","guid":{"rendered":"http:\/\/trotajueves.es\/libreria\/?post_type=product&#038;p=294"},"modified":"2015-03-05T14:23:21","modified_gmt":"2015-03-05T14:23:21","slug":"el-arma-de-los-invisibles","status":"publish","type":"product","link":"https:\/\/trotajueves.es\/libreria\/producto\/el-arma-de-los-invisibles\/","title":{"rendered":"El arma de los invisibles."},"content":{"rendered":"<p>AUTOR:\u00a0\u00a0\u00a0\u00a0\u00a0\u00a0\u00a0\u00a0\u00a0\u00a0 Garc\u00eda Otero \/ Jos\u00e9 Manuel.<\/p>\n<p>ESTADO:\u00a0\u00a0\u00a0\u00a0\u00a0\u00a0\u00a0\u00a0 nuevo<\/p>\n<p>I.S.B.N.:\u00a0\u00a0\u00a0\u00a0\u00a0\u00a0\u00a0\u00a0\u00a0\u00a0 978-54-614-4594-3<\/p>\n<p>A\u00f1o:\u00a0\u00a0\u00a0\u00a0 2010<\/p>\n<p>Editorial:\u00a0\u00a0\u00a0\u00a0\u00a0\u00a0\u00a0\u00a0\u00a0 Punto Rojo<\/p>\n<p>P\u00e1ginas:\u00a0\u00a0\u00a0\u00a0\u00a0\u00a0\u00a0\u00a0\u00a0 301<\/p>\n<p>Precio: 14<\/p>\n","protected":false},"excerpt":{"rendered":"<p>Es historia de sentimientos, de amor y odio, de amistad, rebeld\u00eda, lealtad\u2026 de ella mana el descubrimiento m\u00e1s asombroso: si uno camina con el coraz\u00f3n limpio y prende con fuerza sus deseos jam\u00e1s caminar\u00e1 solo; siempre encontrar\u00e1 compa\u00f1eros que le ayuden y hagan f\u00e1cil el trabajo. Son invisibles. Forman una cadena m\u00e1gica. El arma de los invisibles.<\/p>\n","protected":false},"featured_media":295,"template":"","meta":{"_joinchat":[]},"product_brand":[],"product_cat":[30,32],"product_tag":[68],"class_list":{"0":"post-294","1":"product","2":"type-product","3":"status-publish","4":"has-post-thumbnail","6":"product_cat-novela","7":"product_cat-novelaespanola","8":"product_tag-novela-2","9":"pa_estado-nuevo","11":"first","12":"instock","13":"shipping-taxable","14":"purchasable","15":"product-type-simple"},"_links":{"self":[{"href":"https:\/\/trotajueves.es\/libreria\/wp-json\/wp\/v2\/product\/294","targetHints":{"allow":["GET"]}}],"collection":[{"href":"https:\/\/trotajueves.es\/libreria\/wp-json\/wp\/v2\/product"}],"about":[{"href":"https:\/\/trotajueves.es\/libreria\/wp-json\/wp\/v2\/types\/product"}],"wp:featuredmedia":[{"embeddable":true,"href":"https:\/\/trotajueves.es\/libreria\/wp-json\/wp\/v2\/media\/295"}],"wp:attachment":[{"href":"https:\/\/trotajueves.es\/libreria\/wp-json\/wp\/v2\/media?parent=294"}],"wp:term":[{"taxonomy":"product_brand","embeddable":true,"href":"https:\/\/trotajueves.es\/libreria\/wp-json\/wp\/v2\/product_brand?post=294"},{"taxonomy":"product_cat","embeddable":true,"href":"https:\/\/trotajueves.es\/libreria\/wp-json\/wp\/v2\/product_cat?post=294"},{"taxonomy":"product_tag","embeddable":true,"href":"https:\/\/trotajueves.es\/libreria\/wp-json\/wp\/v2\/product_tag?post=294"}],"curies":[{"name":"wp","href":"https:\/\/api.w.org\/{rel}","templated":true}]}}