{"id":2941,"date":"2015-10-08T13:54:01","date_gmt":"2015-10-08T13:54:01","guid":{"rendered":"http:\/\/trotajueves.es\/libreria\/?product=20-tomos-franquismo-ano-a-ano-bibioteca-el-mundo"},"modified":"2025-03-05T14:32:41","modified_gmt":"2025-03-05T13:32:41","slug":"20-tomos-franquismo-ano-a-ano-bibioteca-el-mundo","status":"publish","type":"product","link":"https:\/\/trotajueves.es\/libreria\/producto\/20-tomos-franquismo-ano-a-ano-bibioteca-el-mundo\/","title":{"rendered":"20 tomos FRANQUISMO A\u00d1O A A\u00d1O (bibioteca El Mundo)"},"content":{"rendered":"<p>PARA ENV\u00cdOS CONSULTAR CON LIBRER\u00cdA<\/p>\n<p>AUTOR: \u00a0 \u00a0 \u00a0 \u00a0 peri\u00f3dico el mundo<\/p>\n<p>ESTADO: \u00a0 \u00a0 \u00a0seminuevo<\/p>\n<p>I.S.B.N.: \u00a0 \u00a0 \u00a084-89192-58-8<\/p>\n<p>A\u00f1o:\u00a0\u00a0\u00a0\u00a0 2006<\/p>\n<p>Editorial: \u00a0 \u00a0 \u00a0 \u00a0 \u00a0unidad editorial<\/p>\n<p>P\u00e1ginas: \u00a0 \u00a020 \u00a0TOMOS<\/p>\n<p>Del tomo 1 al 8 (1941-1948)<\/p>\n<p>Del tomo 14 al 20 (1954-1960)<\/p>\n<p>Del tomo 30 al 36 (1970-1976)<\/p>\n<p>Precio: \u00a0 1,5 \u20ac \u00a0; LOS 20 TOMOS: 18\u20ac<\/p>\n","protected":false},"excerpt":{"rendered":"<p>PARA ENV\u00cdOS CONSULTAR CON LIBRER\u00cdA AUTOR: \u00a0 \u00a0 \u00a0 \u00a0 peri\u00f3dico el mundo ESTADO: \u00a0 \u00a0 \u00a0seminuevo I.S.B.N.: \u00a0 \u00a0 \u00a084-89192-58-8 A\u00f1o:\u00a0\u00a0\u00a0\u00a0 2006 Editorial: \u00a0 \u00a0 \u00a0 \u00a0 \u00a0unidad editorial P\u00e1ginas: \u00a0 \u00a020 \u00a0TOMOS Del tomo 1 al 8 (1941-1948) Del tomo 14 al 20 (1954-1960) Del tomo 30 al 36 (1970-1976) Precio: \u00a0 1,5 [&hellip;]<\/p>\n","protected":false},"featured_media":2942,"template":"","meta":{"_joinchat":[]},"product_brand":[],"product_cat":[149,43],"product_tag":[106,59,69,72],"class_list":{"0":"post-2941","1":"product","2":"type-product","3":"status-publish","4":"has-post-thumbnail","6":"product_cat-colecciones","7":"product_cat-humanidades","8":"product_tag-espana","9":"product_tag-historia","10":"product_tag-pensamiento","11":"product_tag-politica","12":"product_shipping_class-paquetes-pesados","13":"pa_estado-seminuevo","15":"first","16":"instock","17":"shipping-taxable","18":"purchasable","19":"product-type-simple"},"_links":{"self":[{"href":"https:\/\/trotajueves.es\/libreria\/wp-json\/wp\/v2\/product\/2941","targetHints":{"allow":["GET"]}}],"collection":[{"href":"https:\/\/trotajueves.es\/libreria\/wp-json\/wp\/v2\/product"}],"about":[{"href":"https:\/\/trotajueves.es\/libreria\/wp-json\/wp\/v2\/types\/product"}],"wp:featuredmedia":[{"embeddable":true,"href":"https:\/\/trotajueves.es\/libreria\/wp-json\/wp\/v2\/media\/2942"}],"wp:attachment":[{"href":"https:\/\/trotajueves.es\/libreria\/wp-json\/wp\/v2\/media?parent=2941"}],"wp:term":[{"taxonomy":"product_brand","embeddable":true,"href":"https:\/\/trotajueves.es\/libreria\/wp-json\/wp\/v2\/product_brand?post=2941"},{"taxonomy":"product_cat","embeddable":true,"href":"https:\/\/trotajueves.es\/libreria\/wp-json\/wp\/v2\/product_cat?post=2941"},{"taxonomy":"product_tag","embeddable":true,"href":"https:\/\/trotajueves.es\/libreria\/wp-json\/wp\/v2\/product_tag?post=2941"}],"curies":[{"name":"wp","href":"https:\/\/api.w.org\/{rel}","templated":true}]}}