{"id":315,"date":"2014-04-08T18:59:04","date_gmt":"2014-04-08T18:59:04","guid":{"rendered":"http:\/\/trotajueves.es\/libreria\/?post_type=product&#038;p=315"},"modified":"2016-11-24T20:08:11","modified_gmt":"2016-11-24T20:08:11","slug":"el-evangelio-segun-jesucristo","status":"publish","type":"product","link":"https:\/\/trotajueves.es\/libreria\/producto\/el-evangelio-segun-jesucristo\/","title":{"rendered":"El Evangelio seg\u00fan Jesucristo"},"content":{"rendered":"<p>AUTOR:\u00a0\u00a0\u00a0 Saramago \/ Jos\u00e9<\/p>\n<p>ESTADO:\u00a0\u00a0\u00a0\u00a0\u00a0\u00a0\u00a0\u00a0 usado<\/p>\n<p>I.S.B.N.: \u00a0 \u00a0 \u00a0 \u00a0 \u00a084-204-8442-3<\/p>\n<p>A\u00f1o: \u00a0 \u00a0\u00a01998<\/p>\n<p>Editorial:\u00a0\u00a0\u00a0\u00a0\u00a0\u00a0\u00a0\u00a0\u00a0 Santillana<\/p>\n<p>P\u00e1ginas:\u00a0\u00a0\u00a0\u00a0\u00a0\u00a0\u00a0\u00a0\u00a0 514<\/p>\n<p>Precio: 3\u00a0\u20ac<\/p>\n","protected":false},"excerpt":{"rendered":"<p>Presenta una visi\u00f3n mundana de los hechos relativos al Nazareno:las circunstancias de su nacimiento, los primeros interrogatorios a su madre, los encuentros con \u00e1ngeles y demonios, el descubrimiento del amor, los di\u00e1logos existenciales y la angustia por saber cu\u00e1l es el verdadero sentido y funci\u00f3n de su existencia ante los ojos de Dios.<\/p>\n","protected":false},"featured_media":316,"template":"","meta":{"_joinchat":[]},"product_brand":[],"product_cat":[30,23],"product_tag":[7,106,68],"class_list":{"0":"post-315","1":"product","2":"type-product","3":"status-publish","4":"has-post-thumbnail","6":"product_cat-novela","7":"product_cat-novelaextranjera","8":"product_tag-contemporanea","9":"product_tag-espana","10":"product_tag-novela-2","11":"pa_estado-usado","13":"first","14":"instock","15":"shipping-taxable","16":"purchasable","17":"product-type-simple"},"_links":{"self":[{"href":"https:\/\/trotajueves.es\/libreria\/wp-json\/wp\/v2\/product\/315","targetHints":{"allow":["GET"]}}],"collection":[{"href":"https:\/\/trotajueves.es\/libreria\/wp-json\/wp\/v2\/product"}],"about":[{"href":"https:\/\/trotajueves.es\/libreria\/wp-json\/wp\/v2\/types\/product"}],"wp:featuredmedia":[{"embeddable":true,"href":"https:\/\/trotajueves.es\/libreria\/wp-json\/wp\/v2\/media\/316"}],"wp:attachment":[{"href":"https:\/\/trotajueves.es\/libreria\/wp-json\/wp\/v2\/media?parent=315"}],"wp:term":[{"taxonomy":"product_brand","embeddable":true,"href":"https:\/\/trotajueves.es\/libreria\/wp-json\/wp\/v2\/product_brand?post=315"},{"taxonomy":"product_cat","embeddable":true,"href":"https:\/\/trotajueves.es\/libreria\/wp-json\/wp\/v2\/product_cat?post=315"},{"taxonomy":"product_tag","embeddable":true,"href":"https:\/\/trotajueves.es\/libreria\/wp-json\/wp\/v2\/product_tag?post=315"}],"curies":[{"name":"wp","href":"https:\/\/api.w.org\/{rel}","templated":true}]}}