{"id":3252,"date":"2015-10-23T11:28:15","date_gmt":"2015-10-23T11:28:15","guid":{"rendered":"http:\/\/trotajueves.es\/libreria\/?product=el-humor-de-woody-allen"},"modified":"2016-08-04T09:08:48","modified_gmt":"2016-08-04T09:08:48","slug":"el-humor-de-woody-allen","status":"publish","type":"product","link":"https:\/\/trotajueves.es\/libreria\/producto\/el-humor-de-woody-allen\/","title":{"rendered":"El humor de Woody Allen"},"content":{"rendered":"<p>AUTOR: \u00a0 \u00a0 \u00a0 \u00a0 \u00a0 \u00a0Adolfo P\u00e9rez<\/p>\n<p>ESTADO: \u00a0 \u00a0 \u00a0 \u00a0\u00a0nuevo<\/p>\n<p>I.S.B.N.: \u00a0 \u00a0 \u00a0 \u00a0 \u00a0\u00a084-96319-18-0<\/p>\n<p>A\u00f1o:\u00a0\u00a0\u00a0\u00a0 2004<\/p>\n<p>Editorial: \u00a0 \u00a0 \u00a0 \u00a0 \u00a0\u00a0ediciones master<\/p>\n<p>P\u00e1ginas: \u00a0 \u00a0 \u00a0 \u00a0 \u00a0\u00a0172<\/p>\n<p>Precio: \u00a014 \u20ac<\/p>\n","protected":false},"excerpt":{"rendered":"<table border=\"0\" width=\"90%\" cellspacing=\"1\" cellpadding=\"0\" align=\"center\">\n<tbody>\n<tr>\n<td align=\"left\" valign=\"top\" bgcolor=\"#DDDDDD\" width=\"66%\" height=\"1\">Este inquieto actor, excelente director y mordaz guionista, adem\u00e1s de m\u00fasico y buen c\u00f3mico, ha conseguido ganarse un s\u00f3lido prestigio y un puesto en la historia del cine con sus bien construidas historias en donde todos los personajes poseen una aguda personalidad.<\/td>\n<\/tr>\n<\/tbody>\n<\/table>\n<p>.<\/p>\n","protected":false},"featured_media":3253,"template":"","meta":{"_joinchat":[]},"product_brand":[],"product_cat":[79],"product_tag":[47,50,61,257],"class_list":{"0":"post-3252","1":"product","2":"type-product","3":"status-publish","4":"has-post-thumbnail","6":"product_cat-otros","7":"product_tag-biografia","8":"product_tag-cine","9":"product_tag-humor","10":"product_tag-nuevo","11":"pa_estado-nuevo","13":"first","14":"instock","15":"shipping-taxable","16":"purchasable","17":"product-type-simple"},"_links":{"self":[{"href":"https:\/\/trotajueves.es\/libreria\/wp-json\/wp\/v2\/product\/3252","targetHints":{"allow":["GET"]}}],"collection":[{"href":"https:\/\/trotajueves.es\/libreria\/wp-json\/wp\/v2\/product"}],"about":[{"href":"https:\/\/trotajueves.es\/libreria\/wp-json\/wp\/v2\/types\/product"}],"wp:featuredmedia":[{"embeddable":true,"href":"https:\/\/trotajueves.es\/libreria\/wp-json\/wp\/v2\/media\/3253"}],"wp:attachment":[{"href":"https:\/\/trotajueves.es\/libreria\/wp-json\/wp\/v2\/media?parent=3252"}],"wp:term":[{"taxonomy":"product_brand","embeddable":true,"href":"https:\/\/trotajueves.es\/libreria\/wp-json\/wp\/v2\/product_brand?post=3252"},{"taxonomy":"product_cat","embeddable":true,"href":"https:\/\/trotajueves.es\/libreria\/wp-json\/wp\/v2\/product_cat?post=3252"},{"taxonomy":"product_tag","embeddable":true,"href":"https:\/\/trotajueves.es\/libreria\/wp-json\/wp\/v2\/product_tag?post=3252"}],"curies":[{"name":"wp","href":"https:\/\/api.w.org\/{rel}","templated":true}]}}