{"id":35114,"date":"2024-11-28T10:31:58","date_gmt":"2024-11-28T09:31:58","guid":{"rendered":"https:\/\/trotajueves.es\/libreria\/?post_type=product&#038;p=35114"},"modified":"2025-01-22T20:36:04","modified_gmt":"2025-01-22T19:36:04","slug":"bra-esencial","status":"publish","type":"product","link":"https:\/\/trotajueves.es\/libreria\/producto\/bra-esencial\/","title":{"rendered":"OBRA ESENCIAL"},"content":{"rendered":"<p>AUTOR:\u00a0 \u00a0 \u00a0 CHAVES NOGALES,MANUEL<\/p>\n<p>ESTADO: \u00a0\u00a0\u00a0\u00a0\u00a0nuevo<\/p>\n<p>I.S.B.N.: 9788419089472<\/p>\n<p>A\u00f1o:\u00a0\u00a0\u00a0\u00a0 2024<\/p>\n<p>Editorial:\u00a0 \u00a0 LIBROS DEL ASTEROIDE<\/p>\n<p>P\u00e1ginas: \u00a0 \u00a0\u00a0 768<\/p>\n<p>Precio:\u00a0 \u00a029 \u20ac<\/p>\n","protected":false},"excerpt":{"rendered":"<p>En 1867, los peri\u00f3dicos de Norteam\u00e9rica se hacen eco del anuncio de la \u201cExcursi\u00f3n a Tierra Santa, Egipto, Crimea, Grecia y lugares de inter\u00e9s intermedios\u201d, para la que se proponen fletar un barco que partir\u00e1 del puerto de Nueva York. Se trata de uno de los primeros viajes organizados de la historia, del que forma parte el que luego ser\u00eda padre de Tom Sawyer y Huckleberry Finn, decidido a plasmar su opini\u00f3n en las cr\u00f3nicas que env\u00eda al diario Alta California.<\/p>\n","protected":false},"featured_media":35115,"template":"","meta":{"_joinchat":[]},"product_brand":[],"product_cat":[201,206,34],"product_tag":[365,47,202,106,121,59,70,93],"class_list":{"0":"post-35114","1":"product","2":"type-product","3":"status-publish","4":"has-post-thumbnail","6":"product_cat-biografias-de-viajes","7":"product_cat-europa","8":"product_cat-viaje","9":"product_tag-alemania","10":"product_tag-biografia","11":"product_tag-biografia-de-viaje","12":"product_tag-espana","13":"product_tag-europa","14":"product_tag-historia","15":"product_tag-periodismo","16":"product_tag-viaje-2","17":"pa_estado-primera-edicion","19":"first","20":"instock","21":"shipping-taxable","22":"purchasable","23":"product-type-simple"},"_links":{"self":[{"href":"https:\/\/trotajueves.es\/libreria\/wp-json\/wp\/v2\/product\/35114","targetHints":{"allow":["GET"]}}],"collection":[{"href":"https:\/\/trotajueves.es\/libreria\/wp-json\/wp\/v2\/product"}],"about":[{"href":"https:\/\/trotajueves.es\/libreria\/wp-json\/wp\/v2\/types\/product"}],"wp:featuredmedia":[{"embeddable":true,"href":"https:\/\/trotajueves.es\/libreria\/wp-json\/wp\/v2\/media\/35115"}],"wp:attachment":[{"href":"https:\/\/trotajueves.es\/libreria\/wp-json\/wp\/v2\/media?parent=35114"}],"wp:term":[{"taxonomy":"product_brand","embeddable":true,"href":"https:\/\/trotajueves.es\/libreria\/wp-json\/wp\/v2\/product_brand?post=35114"},{"taxonomy":"product_cat","embeddable":true,"href":"https:\/\/trotajueves.es\/libreria\/wp-json\/wp\/v2\/product_cat?post=35114"},{"taxonomy":"product_tag","embeddable":true,"href":"https:\/\/trotajueves.es\/libreria\/wp-json\/wp\/v2\/product_tag?post=35114"}],"curies":[{"name":"wp","href":"https:\/\/api.w.org\/{rel}","templated":true}]}}