{"id":35355,"date":"2025-01-28T20:44:31","date_gmt":"2025-01-28T19:44:31","guid":{"rendered":"https:\/\/trotajueves.es\/libreria\/?post_type=product&#038;p=35355"},"modified":"2025-12-22T20:06:32","modified_gmt":"2025-12-22T19:06:32","slug":"el-arte-de-la-guerra","status":"publish","type":"product","link":"https:\/\/trotajueves.es\/libreria\/producto\/el-arte-de-la-guerra\/","title":{"rendered":"El arte de la guerra"},"content":{"rendered":"<p>AUTOR:\u00a0 Sun-Tzu<\/p>\n<p>I.S.B.N. : <span data-sheets-root=\"1\">9789685830065<\/span><\/p>\n<p>A\u00f1o: 2004<\/p>\n<p>Editorial: Saga Editores (M\u00e9xico)<\/p>\n<p>P\u00e1ginas: 108<\/p>\n<p>Precio:12 \u20ac<\/p>\n","protected":false},"excerpt":{"rendered":"<p>AUTOR:\u00a0 Sun-Tzu I.S.B.N. : 9789685830065 A\u00f1o: 2004 Editorial: Saga Editores (M\u00e9xico) P\u00e1ginas: 108 Precio:12 \u20ac<\/p>\n","protected":false},"featured_media":35356,"template":"","meta":{"_joinchat":[]},"product_brand":[],"product_cat":[42,43],"product_tag":[55,69],"class_list":{"0":"post-35355","1":"product","2":"type-product","3":"status-publish","4":"has-post-thumbnail","6":"product_cat-ensayo","7":"product_cat-humanidades","8":"product_tag-filosofia","9":"product_tag-pensamiento","10":"pa_estado-usado","12":"first","13":"instock","14":"shipping-taxable","15":"purchasable","16":"product-type-simple"},"_links":{"self":[{"href":"https:\/\/trotajueves.es\/libreria\/wp-json\/wp\/v2\/product\/35355","targetHints":{"allow":["GET"]}}],"collection":[{"href":"https:\/\/trotajueves.es\/libreria\/wp-json\/wp\/v2\/product"}],"about":[{"href":"https:\/\/trotajueves.es\/libreria\/wp-json\/wp\/v2\/types\/product"}],"wp:featuredmedia":[{"embeddable":true,"href":"https:\/\/trotajueves.es\/libreria\/wp-json\/wp\/v2\/media\/35356"}],"wp:attachment":[{"href":"https:\/\/trotajueves.es\/libreria\/wp-json\/wp\/v2\/media?parent=35355"}],"wp:term":[{"taxonomy":"product_brand","embeddable":true,"href":"https:\/\/trotajueves.es\/libreria\/wp-json\/wp\/v2\/product_brand?post=35355"},{"taxonomy":"product_cat","embeddable":true,"href":"https:\/\/trotajueves.es\/libreria\/wp-json\/wp\/v2\/product_cat?post=35355"},{"taxonomy":"product_tag","embeddable":true,"href":"https:\/\/trotajueves.es\/libreria\/wp-json\/wp\/v2\/product_tag?post=35355"}],"curies":[{"name":"wp","href":"https:\/\/api.w.org\/{rel}","templated":true}]}}