{"id":3547,"date":"2015-12-30T12:05:19","date_gmt":"2015-12-30T12:05:19","guid":{"rendered":"http:\/\/trotajueves.es\/libreria\/?product=el-camino-del-corazon"},"modified":"2015-12-30T12:17:10","modified_gmt":"2015-12-30T12:17:10","slug":"el-camino-del-corazon","status":"publish","type":"product","link":"https:\/\/trotajueves.es\/libreria\/producto\/el-camino-del-corazon\/","title":{"rendered":"El camino del coraz\u00f3n"},"content":{"rendered":"<p>AUTOR: Fernando Sanchez Drag\u00f3<br \/>\nESTADO: usado<br \/>\nI.S.B.N.: 84-08-00049-7<br \/>\nA\u00f1o: 1992<br \/>\nEditorial: Planeta<br \/>\nP\u00e1ginas: 279<br \/>\nPrecio:\u00a02<\/p>\n","protected":false},"excerpt":{"rendered":"<p>AUTOR: Fernando Sanchez Drag\u00f3 ESTADO: usado I.S.B.N.: 84-08-00049-7 A\u00f1o: 1992 Editorial: Planeta P\u00e1ginas: 279 Precio:\u00a02<\/p>\n","protected":false},"featured_media":3548,"template":"","meta":{"_joinchat":[]},"product_brand":[],"product_cat":[206,30,32,204],"product_tag":[7,106,121,68,211,93],"class_list":{"0":"post-3547","1":"product","2":"type-product","3":"status-publish","4":"has-post-thumbnail","6":"product_cat-europa","7":"product_cat-novela","8":"product_cat-novelaespanola","9":"product_cat-novelas-de-viaje","10":"product_tag-contemporanea","11":"product_tag-espana","12":"product_tag-europa","13":"product_tag-novela-2","14":"product_tag-novela-de-viaje","15":"product_tag-viaje-2","16":"pa_estado-usado","18":"first","19":"instock","20":"shipping-taxable","21":"purchasable","22":"product-type-simple"},"_links":{"self":[{"href":"https:\/\/trotajueves.es\/libreria\/wp-json\/wp\/v2\/product\/3547","targetHints":{"allow":["GET"]}}],"collection":[{"href":"https:\/\/trotajueves.es\/libreria\/wp-json\/wp\/v2\/product"}],"about":[{"href":"https:\/\/trotajueves.es\/libreria\/wp-json\/wp\/v2\/types\/product"}],"wp:featuredmedia":[{"embeddable":true,"href":"https:\/\/trotajueves.es\/libreria\/wp-json\/wp\/v2\/media\/3548"}],"wp:attachment":[{"href":"https:\/\/trotajueves.es\/libreria\/wp-json\/wp\/v2\/media?parent=3547"}],"wp:term":[{"taxonomy":"product_brand","embeddable":true,"href":"https:\/\/trotajueves.es\/libreria\/wp-json\/wp\/v2\/product_brand?post=3547"},{"taxonomy":"product_cat","embeddable":true,"href":"https:\/\/trotajueves.es\/libreria\/wp-json\/wp\/v2\/product_cat?post=3547"},{"taxonomy":"product_tag","embeddable":true,"href":"https:\/\/trotajueves.es\/libreria\/wp-json\/wp\/v2\/product_tag?post=3547"}],"curies":[{"name":"wp","href":"https:\/\/api.w.org\/{rel}","templated":true}]}}