{"id":35541,"date":"2025-02-12T01:31:07","date_gmt":"2025-02-12T00:31:07","guid":{"rendered":"https:\/\/trotajueves.es\/libreria\/?post_type=product&#038;p=35541"},"modified":"2025-12-22T20:46:44","modified_gmt":"2025-12-22T19:46:44","slug":"llamame-mendez","status":"publish","type":"product","link":"https:\/\/trotajueves.es\/libreria\/producto\/llamame-mendez\/","title":{"rendered":"Ll\u00e1mame M\u00e9ndez"},"content":{"rendered":"<p>AUTOR:\u00a0 \u00a0Gonz\u00e1lez Torralba, Victoria<\/p>\n<p>ESTADO:\u00a0 \u00a0Muy bueno<\/p>\n<p>I.S.B.N.: <span data-sheets-root=\"1\">9788408168607<\/span><\/p>\n<p>A\u00f1o:\u00a0 \u00a0 2017<\/p>\n<p>Editorial: Planeta<\/p>\n<p>P\u00e1ginas:\u00a0 \u00a0320<\/p>\n<p>Precio: 6 \u20ac<\/p>\n<p class=\"description-heading\">Descripci\u00f3n:<\/p>\n<p>\u00bfFue M\u00e9ndez joven alguna vez? Obviamente no, pero hubo un tiempo en que tuvo diecisiete a\u00f1os. Barcelona, 1945. Una muchacha aparece brutalmente asesinada en la monta\u00f1a de Montju\u00efc. Las tripas de un animal envuelven su garganta y un dedo amputado reposa sobre su pecho. Y esta no es la \u00fanica v\u00edctima de un asesino que se mueve por las calles del Distrito Quinto y el Poble Sec. El joven M\u00e9ndez, al que a\u00fan le quedan muchos a\u00f1os para convertirse en inspector de polic\u00eda, se esforzar\u00e1 por atrapar al culpable, aunque para ello tenga que relacionarse con un atormentado comisario falangista, enfrentarse a la persona que m\u00e1s quiere y, tal vez, a su propio destino.<\/p>\n","protected":false},"excerpt":{"rendered":"<p>AUTOR:\u00a0 \u00a0Gonz\u00e1lez Torralba, Victoria ESTADO:\u00a0 \u00a0Muy bueno I.S.B.N.: 9788408168607 A\u00f1o:\u00a0 \u00a0 2017 Editorial: Planeta P\u00e1ginas:\u00a0 \u00a0320 Precio: 6 \u20ac Descripci\u00f3n: \u00bfFue M\u00e9ndez joven alguna vez? Obviamente no, pero hubo un tiempo en que tuvo diecisiete a\u00f1os. Barcelona, 1945. Una muchacha aparece brutalmente asesinada en la monta\u00f1a de Montju\u00efc. Las tripas de un animal envuelven su [&hellip;]<\/p>\n","protected":false},"featured_media":35542,"template":"","meta":{"_joinchat":[]},"product_brand":[],"product_cat":[30,32,505],"product_tag":[477,526,282],"class_list":{"0":"post-35541","1":"product","2":"type-product","3":"status-publish","4":"has-post-thumbnail","6":"product_cat-novela","7":"product_cat-novelaespanola","8":"product_cat-novela-negra","9":"product_tag-narrativa","10":"product_tag-novela-negra","11":"product_tag-policiaca","12":"pa_estado-usado","14":"first","15":"instock","16":"shipping-taxable","17":"purchasable","18":"product-type-simple"},"_links":{"self":[{"href":"https:\/\/trotajueves.es\/libreria\/wp-json\/wp\/v2\/product\/35541","targetHints":{"allow":["GET"]}}],"collection":[{"href":"https:\/\/trotajueves.es\/libreria\/wp-json\/wp\/v2\/product"}],"about":[{"href":"https:\/\/trotajueves.es\/libreria\/wp-json\/wp\/v2\/types\/product"}],"wp:featuredmedia":[{"embeddable":true,"href":"https:\/\/trotajueves.es\/libreria\/wp-json\/wp\/v2\/media\/35542"}],"wp:attachment":[{"href":"https:\/\/trotajueves.es\/libreria\/wp-json\/wp\/v2\/media?parent=35541"}],"wp:term":[{"taxonomy":"product_brand","embeddable":true,"href":"https:\/\/trotajueves.es\/libreria\/wp-json\/wp\/v2\/product_brand?post=35541"},{"taxonomy":"product_cat","embeddable":true,"href":"https:\/\/trotajueves.es\/libreria\/wp-json\/wp\/v2\/product_cat?post=35541"},{"taxonomy":"product_tag","embeddable":true,"href":"https:\/\/trotajueves.es\/libreria\/wp-json\/wp\/v2\/product_tag?post=35541"}],"curies":[{"name":"wp","href":"https:\/\/api.w.org\/{rel}","templated":true}]}}