{"id":35632,"date":"2025-03-11T13:01:26","date_gmt":"2025-03-11T12:01:26","guid":{"rendered":"https:\/\/trotajueves.es\/libreria\/?post_type=product&#038;p=35632"},"modified":"2025-12-22T22:04:59","modified_gmt":"2025-12-22T21:04:59","slug":"el-universo-de-la-fotografia-prensa-edicion-documentacion-2","status":"publish","type":"product","link":"https:\/\/trotajueves.es\/libreria\/producto\/el-universo-de-la-fotografia-prensa-edicion-documentacion-2\/","title":{"rendered":"El universo de la fotograf\u00eda. Prensa, edici\u00f3n, documentaci\u00f3n"},"content":{"rendered":"<p>AUTOR:\u00a0 \u00a0Juan Miguel S\u00e1nchez Vigil<\/p>\n<p>ESTADO:\u00a0 Muy bueno<\/p>\n<p>I.S.B.N.: 9788423991952<\/p>\n<p>A\u00f1o: 1999<\/p>\n<p>Editorial: Espasa<\/p>\n<p>P\u00e1ginas: 282<\/p>\n<p>Precio: 4<\/p>\n<p class=\"description-heading\">Descripci\u00f3n:<\/p>\n<p>Estudio sobre el valor de documentaci\u00f3n e informaci\u00f3n de la imagen fotogr\u00e1fica como parte del proceso comunicativo.<\/p>\n","protected":false},"excerpt":{"rendered":"<p>AUTOR:\u00a0 \u00a0Juan Miguel S\u00e1nchez Vigil ESTADO:\u00a0 Muy bueno I.S.B.N.: 9788423991952 A\u00f1o: 1999 Editorial: Espasa P\u00e1ginas: 282 Precio: 4 Descripci\u00f3n: Estudio sobre el valor de documentaci\u00f3n e informaci\u00f3n de la imagen fotogr\u00e1fica como parte del proceso comunicativo.<\/p>\n","protected":false},"featured_media":35633,"template":"","meta":{"_joinchat":[]},"product_brand":[],"product_cat":[42,43],"product_tag":[45,133,56,70],"class_list":{"0":"post-35632","1":"product","2":"type-product","3":"status-publish","4":"has-post-thumbnail","6":"product_cat-ensayo","7":"product_cat-humanidades","8":"product_tag-arte","9":"product_tag-comunicacion","10":"product_tag-fotografia","11":"product_tag-periodismo","12":"pa_estado-usado","14":"first","15":"instock","16":"shipping-taxable","17":"purchasable","18":"product-type-simple"},"_links":{"self":[{"href":"https:\/\/trotajueves.es\/libreria\/wp-json\/wp\/v2\/product\/35632","targetHints":{"allow":["GET"]}}],"collection":[{"href":"https:\/\/trotajueves.es\/libreria\/wp-json\/wp\/v2\/product"}],"about":[{"href":"https:\/\/trotajueves.es\/libreria\/wp-json\/wp\/v2\/types\/product"}],"wp:featuredmedia":[{"embeddable":true,"href":"https:\/\/trotajueves.es\/libreria\/wp-json\/wp\/v2\/media\/35633"}],"wp:attachment":[{"href":"https:\/\/trotajueves.es\/libreria\/wp-json\/wp\/v2\/media?parent=35632"}],"wp:term":[{"taxonomy":"product_brand","embeddable":true,"href":"https:\/\/trotajueves.es\/libreria\/wp-json\/wp\/v2\/product_brand?post=35632"},{"taxonomy":"product_cat","embeddable":true,"href":"https:\/\/trotajueves.es\/libreria\/wp-json\/wp\/v2\/product_cat?post=35632"},{"taxonomy":"product_tag","embeddable":true,"href":"https:\/\/trotajueves.es\/libreria\/wp-json\/wp\/v2\/product_tag?post=35632"}],"curies":[{"name":"wp","href":"https:\/\/api.w.org\/{rel}","templated":true}]}}