{"id":35635,"date":"2025-03-11T13:14:09","date_gmt":"2025-03-11T12:14:09","guid":{"rendered":"https:\/\/trotajueves.es\/libreria\/?post_type=product&#038;p=35635"},"modified":"2025-07-11T13:07:15","modified_gmt":"2025-07-11T11:07:15","slug":"tan-lejos-tan-cerca","status":"publish","type":"product","link":"https:\/\/trotajueves.es\/libreria\/producto\/tan-lejos-tan-cerca\/","title":{"rendered":"Tan lejos, tan cerca"},"content":{"rendered":"<p>AUTOR:\u00a0 \u00a0Adolfo Marsillach<\/p>\n<p>ESTADO:\u00a0 Muy bueno<\/p>\n<p>I.S.B.N.: 9788483107737<\/p>\n<p>A\u00f1o: 1999<\/p>\n<p>Editorial: Tusquets<\/p>\n<p>P\u00e1ginas: 640<\/p>\n<p>Precio: 3,50<\/p>\n<p class=\"description-heading\">Descripci\u00f3n:<\/p>\n<p>Quien no conozca a Adolfo Marsillach como una de las figuras m\u00e1s importantes del teatro espa\u00f1ol, entre otras cosas como fundador del Centro Dram\u00e1tico Nacional y creador de la Compa\u00f1\u00eda Nacional de Teatro Cl\u00e1sico, le conocer\u00e1 por cualquiera de las otras m\u00faltiples facetas de su incesante actividad a lo largo de m\u00e1s de cincuenta a\u00f1os en el mundo del espect\u00e1culo : como director, guionista y actor (\u00bfc\u00f3mo no recordar su memorable encarnaci\u00f3n de Ram\u00f3n y Cajal en televisi\u00f3n?), como interprete en incontables pel\u00edculas, autor teatral de reconocido \u00e9xito y articulista ir\u00f3nico y pol\u00e9mico. Todo ello no le ha impedido el vivir entre bastidores las miserias y grandezas de su oficio. En esta singular autobiograf\u00eda, ganadora del XI Premio Comillas, de biograf\u00eda, memorias y autobiograf\u00eda, nos cuenta no s\u00f3lo la aventura de su vida p\u00fablica y privada \u2014que puede hacer las delicias de los amantes de la \u00abpeque\u00f1a historia\u00bb nacional\u2014, sino que retrata descarnadamente, pero con gran sentido del humor, el desarrollo de lo que han sido el teatro, el cine y la televisi\u00f3n espa\u00f1oles desde la posguerra hasta nuestros d\u00edas.<\/p>\n","protected":false},"excerpt":{"rendered":"<p>AUTOR:\u00a0 \u00a0Adolfo Marsillach ESTADO:\u00a0 Muy bueno I.S.B.N.: 9788483107737 A\u00f1o: 1999 Editorial: Tusquets P\u00e1ginas: 640 Precio: 3,50 Descripci\u00f3n: Quien no conozca a Adolfo Marsillach como una de las figuras m\u00e1s importantes del teatro espa\u00f1ol, entre otras cosas como fundador del Centro Dram\u00e1tico Nacional y creador de la Compa\u00f1\u00eda Nacional de Teatro Cl\u00e1sico, le conocer\u00e1 por cualquiera [&hellip;]<\/p>\n","protected":false},"featured_media":35636,"template":"","meta":{"_joinchat":[]},"product_brand":[],"product_cat":[42,43,153],"product_tag":[45,47,77],"class_list":{"0":"post-35635","1":"product","2":"type-product","3":"status-publish","4":"has-post-thumbnail","6":"product_cat-ensayo","7":"product_cat-humanidades","8":"product_cat-teatro","9":"product_tag-arte","10":"product_tag-biografia","11":"product_tag-teatro","12":"pa_estado-usado","14":"first","15":"instock","16":"shipping-taxable","17":"purchasable","18":"product-type-simple"},"_links":{"self":[{"href":"https:\/\/trotajueves.es\/libreria\/wp-json\/wp\/v2\/product\/35635","targetHints":{"allow":["GET"]}}],"collection":[{"href":"https:\/\/trotajueves.es\/libreria\/wp-json\/wp\/v2\/product"}],"about":[{"href":"https:\/\/trotajueves.es\/libreria\/wp-json\/wp\/v2\/types\/product"}],"wp:featuredmedia":[{"embeddable":true,"href":"https:\/\/trotajueves.es\/libreria\/wp-json\/wp\/v2\/media\/35636"}],"wp:attachment":[{"href":"https:\/\/trotajueves.es\/libreria\/wp-json\/wp\/v2\/media?parent=35635"}],"wp:term":[{"taxonomy":"product_brand","embeddable":true,"href":"https:\/\/trotajueves.es\/libreria\/wp-json\/wp\/v2\/product_brand?post=35635"},{"taxonomy":"product_cat","embeddable":true,"href":"https:\/\/trotajueves.es\/libreria\/wp-json\/wp\/v2\/product_cat?post=35635"},{"taxonomy":"product_tag","embeddable":true,"href":"https:\/\/trotajueves.es\/libreria\/wp-json\/wp\/v2\/product_tag?post=35635"}],"curies":[{"name":"wp","href":"https:\/\/api.w.org\/{rel}","templated":true}]}}