{"id":35648,"date":"2025-03-11T19:05:30","date_gmt":"2025-03-11T18:05:30","guid":{"rendered":"https:\/\/trotajueves.es\/libreria\/?post_type=product&#038;p=35648"},"modified":"2025-03-11T19:09:11","modified_gmt":"2025-03-11T18:09:11","slug":"frida-kahlo-una-biografia","status":"publish","type":"product","link":"https:\/\/trotajueves.es\/libreria\/producto\/frida-kahlo-una-biografia\/","title":{"rendered":"Frida Kahlo. Una biograf\u00eda"},"content":{"rendered":"<p>AUTOR:\u00a0 \u00a0Mar\u00eda Hesse<\/p>\n<p>ESTADO:\u00a0 Muy bueno<\/p>\n<p>I.S.B.N.: <span data-sheets-root=\"1\">9788426403438<\/span><\/p>\n<p>A\u00f1o: 2019<\/p>\n<p>Editorial: Lumen<\/p>\n<p>P\u00e1ginas:<\/p>\n<p>Precio: 12<\/p>\n<p class=\"description-heading\">Descripci\u00f3n:<\/p>\n<p>\u00abUn libro delicioso. [&#8230;] Tanto el imaginario on\u00edrico, femenino y organicista de la pintora mexicana como su leve ingenuismo y su visceral romanticismo, [&#8230;] asimilados por Hesse en ese estilo inconfundible.\u00bb<\/p>\n","protected":false},"excerpt":{"rendered":"<p>AUTOR:\u00a0 \u00a0Mar\u00eda Hesse ESTADO:\u00a0 Muy bueno I.S.B.N.: 9788426403438 A\u00f1o: 2019 Editorial: Lumen P\u00e1ginas: Precio: 12 Descripci\u00f3n: \u00abUn libro delicioso. [&#8230;] Tanto el imaginario on\u00edrico, femenino y organicista de la pintora mexicana como su leve ingenuismo y su visceral romanticismo, [&#8230;] asimilados por Hesse en ese estilo inconfundible.\u00bb<\/p>\n","protected":false},"featured_media":35649,"template":"","meta":{"_joinchat":[]},"product_brand":[],"product_cat":[41,605],"product_tag":[45,285,95],"class_list":{"0":"post-35648","1":"product","2":"type-product","3":"status-publish","4":"has-post-thumbnail","6":"product_cat-album","7":"product_cat-comic-novela-grafica","8":"product_tag-arte","9":"product_tag-comic","10":"product_tag-ilustracion","11":"pa_estado-usado","13":"first","14":"instock","15":"shipping-taxable","16":"purchasable","17":"product-type-simple"},"_links":{"self":[{"href":"https:\/\/trotajueves.es\/libreria\/wp-json\/wp\/v2\/product\/35648","targetHints":{"allow":["GET"]}}],"collection":[{"href":"https:\/\/trotajueves.es\/libreria\/wp-json\/wp\/v2\/product"}],"about":[{"href":"https:\/\/trotajueves.es\/libreria\/wp-json\/wp\/v2\/types\/product"}],"wp:featuredmedia":[{"embeddable":true,"href":"https:\/\/trotajueves.es\/libreria\/wp-json\/wp\/v2\/media\/35649"}],"wp:attachment":[{"href":"https:\/\/trotajueves.es\/libreria\/wp-json\/wp\/v2\/media?parent=35648"}],"wp:term":[{"taxonomy":"product_brand","embeddable":true,"href":"https:\/\/trotajueves.es\/libreria\/wp-json\/wp\/v2\/product_brand?post=35648"},{"taxonomy":"product_cat","embeddable":true,"href":"https:\/\/trotajueves.es\/libreria\/wp-json\/wp\/v2\/product_cat?post=35648"},{"taxonomy":"product_tag","embeddable":true,"href":"https:\/\/trotajueves.es\/libreria\/wp-json\/wp\/v2\/product_tag?post=35648"}],"curies":[{"name":"wp","href":"https:\/\/api.w.org\/{rel}","templated":true}]}}