{"id":35650,"date":"2025-03-11T19:11:47","date_gmt":"2025-03-11T18:11:47","guid":{"rendered":"https:\/\/trotajueves.es\/libreria\/?post_type=product&#038;p=35650"},"modified":"2025-03-11T19:16:20","modified_gmt":"2025-03-11T18:16:20","slug":"mi-chica-revolucionaria","status":"publish","type":"product","link":"https:\/\/trotajueves.es\/libreria\/producto\/mi-chica-revolucionaria\/","title":{"rendered":"Mi chica revolucionaria"},"content":{"rendered":"<p>AUTOR:\u00a0 \u00a0Diego Ojeda<\/p>\n<p>ESTADO:\u00a0 Muy bueno<\/p>\n<p>I.S.B.N.: <span data-sheets-root=\"1\">9788417284633<\/span><\/p>\n<p>A\u00f1o: 2019<\/p>\n<p>Editorial: Mueve Tu Lengua<\/p>\n<p>P\u00e1ginas: 116<\/p>\n<p>Precio: 12<\/p>\n<p class=\"description-heading\">Descripci\u00f3n:<\/p>\n<p>Despu\u00e9s de dieciocho ediciones y m\u00e1s de 40.000 libros vendidos llega el libro de Mi chica Revolucionaria ilustrado por Rebeca Khamlichi. El amor es una forma de resistencia, un modo de plantar cara a las injusticias, es luchar por un mundo distinto, mejor. Y, en Mi chica revolucionaria, Diego Ojeda lucha contra todo porque est\u00e1 enamorado desde los dedos me\u00f1iques de los pies hasta el rev\u00e9s del alma.<\/p>\n","protected":false},"excerpt":{"rendered":"<p>AUTOR:\u00a0 \u00a0Diego Ojeda ESTADO:\u00a0 Muy bueno I.S.B.N.: 9788417284633 A\u00f1o: 2019 Editorial: Mueve Tu Lengua P\u00e1ginas: 116 Precio: 12 Descripci\u00f3n: Despu\u00e9s de dieciocho ediciones y m\u00e1s de 40.000 libros vendidos llega el libro de Mi chica Revolucionaria ilustrado por Rebeca Khamlichi. El amor es una forma de resistencia, un modo de plantar cara a las injusticias, [&hellip;]<\/p>\n","protected":false},"featured_media":35651,"template":"","meta":{"_joinchat":[]},"product_brand":[],"product_cat":[41,605],"product_tag":[45,285,95,71],"class_list":{"0":"post-35650","1":"product","2":"type-product","3":"status-publish","4":"has-post-thumbnail","6":"product_cat-album","7":"product_cat-comic-novela-grafica","8":"product_tag-arte","9":"product_tag-comic","10":"product_tag-ilustracion","11":"product_tag-poesia-2","12":"pa_estado-usado","14":"first","15":"instock","16":"shipping-taxable","17":"purchasable","18":"product-type-simple"},"_links":{"self":[{"href":"https:\/\/trotajueves.es\/libreria\/wp-json\/wp\/v2\/product\/35650","targetHints":{"allow":["GET"]}}],"collection":[{"href":"https:\/\/trotajueves.es\/libreria\/wp-json\/wp\/v2\/product"}],"about":[{"href":"https:\/\/trotajueves.es\/libreria\/wp-json\/wp\/v2\/types\/product"}],"wp:featuredmedia":[{"embeddable":true,"href":"https:\/\/trotajueves.es\/libreria\/wp-json\/wp\/v2\/media\/35651"}],"wp:attachment":[{"href":"https:\/\/trotajueves.es\/libreria\/wp-json\/wp\/v2\/media?parent=35650"}],"wp:term":[{"taxonomy":"product_brand","embeddable":true,"href":"https:\/\/trotajueves.es\/libreria\/wp-json\/wp\/v2\/product_brand?post=35650"},{"taxonomy":"product_cat","embeddable":true,"href":"https:\/\/trotajueves.es\/libreria\/wp-json\/wp\/v2\/product_cat?post=35650"},{"taxonomy":"product_tag","embeddable":true,"href":"https:\/\/trotajueves.es\/libreria\/wp-json\/wp\/v2\/product_tag?post=35650"}],"curies":[{"name":"wp","href":"https:\/\/api.w.org\/{rel}","templated":true}]}}