{"id":35688,"date":"2025-03-25T13:28:57","date_gmt":"2025-03-25T12:28:57","guid":{"rendered":"https:\/\/trotajueves.es\/libreria\/?post_type=product&#038;p=35688"},"modified":"2025-12-22T22:22:00","modified_gmt":"2025-12-22T21:22:00","slug":"la-ciudad-flotante","status":"publish","type":"product","link":"https:\/\/trotajueves.es\/libreria\/producto\/la-ciudad-flotante\/","title":{"rendered":"La ciudad flotante"},"content":{"rendered":"<p>AUTOR:\u00a0 \u00a0Mariano S\u00e1nchez<\/p>\n<p>ESTADO:\u00a0 Normal (se\u00f1ales de uso)<\/p>\n<p>I.S.B.N.: <span data-sheets-root=\"1\">8450086485<\/span><\/p>\n<p>A\u00f1o: 1983<\/p>\n<p>Editorial: Ministerio de Cultura<\/p>\n<p>P\u00e1ginas: 83<\/p>\n<p>Precio: 8<\/p>\n<p class=\"description-heading\">Descripci\u00f3n:<\/p>\n<p>&nbsp;<\/p>\n","protected":false},"excerpt":{"rendered":"<p>AUTOR:\u00a0 \u00a0Mariano S\u00e1nchez ESTADO:\u00a0 Normal (se\u00f1ales de uso) I.S.B.N.: 8450086485 A\u00f1o: 1983 Editorial: Ministerio de Cultura P\u00e1ginas: 83 Precio: 8 Descripci\u00f3n: &nbsp;<\/p>\n","protected":false},"featured_media":35689,"template":"","meta":{"_joinchat":[]},"product_brand":[],"product_cat":[42,43],"product_tag":[69,72],"class_list":{"0":"post-35688","1":"product","2":"type-product","3":"status-publish","4":"has-post-thumbnail","6":"product_cat-ensayo","7":"product_cat-humanidades","8":"product_tag-pensamiento","9":"product_tag-politica","10":"pa_estado-usado","12":"first","13":"instock","14":"shipping-taxable","15":"purchasable","16":"product-type-simple"},"_links":{"self":[{"href":"https:\/\/trotajueves.es\/libreria\/wp-json\/wp\/v2\/product\/35688","targetHints":{"allow":["GET"]}}],"collection":[{"href":"https:\/\/trotajueves.es\/libreria\/wp-json\/wp\/v2\/product"}],"about":[{"href":"https:\/\/trotajueves.es\/libreria\/wp-json\/wp\/v2\/types\/product"}],"wp:featuredmedia":[{"embeddable":true,"href":"https:\/\/trotajueves.es\/libreria\/wp-json\/wp\/v2\/media\/35689"}],"wp:attachment":[{"href":"https:\/\/trotajueves.es\/libreria\/wp-json\/wp\/v2\/media?parent=35688"}],"wp:term":[{"taxonomy":"product_brand","embeddable":true,"href":"https:\/\/trotajueves.es\/libreria\/wp-json\/wp\/v2\/product_brand?post=35688"},{"taxonomy":"product_cat","embeddable":true,"href":"https:\/\/trotajueves.es\/libreria\/wp-json\/wp\/v2\/product_cat?post=35688"},{"taxonomy":"product_tag","embeddable":true,"href":"https:\/\/trotajueves.es\/libreria\/wp-json\/wp\/v2\/product_tag?post=35688"}],"curies":[{"name":"wp","href":"https:\/\/api.w.org\/{rel}","templated":true}]}}