{"id":35881,"date":"2025-07-17T10:40:57","date_gmt":"2025-07-17T08:40:57","guid":{"rendered":"https:\/\/trotajueves.es\/libreria\/?post_type=product&#038;p=35881"},"modified":"2025-07-17T10:42:17","modified_gmt":"2025-07-17T08:42:17","slug":"el-lindo-don-diego","status":"publish","type":"product","link":"https:\/\/trotajueves.es\/libreria\/producto\/el-lindo-don-diego\/","title":{"rendered":"El lindo don Diego"},"content":{"rendered":"<p>AUTOR: Agust\u00edn Moreto<\/p>\n<p>I.S.B.N.: 8478121129<\/p>\n<p>A\u00f1o: 1991<\/p>\n<p>Editorial: Ayuntamiento de Madrid<\/p>\n<p>P\u00e1ginas: 138<\/p>\n<p>Precio: 3 \u20ac<\/p>\n","protected":false},"excerpt":{"rendered":"<p>AUTOR: Agust\u00edn Moreto I.S.B.N.: 8478121129 A\u00f1o: 1991 Editorial: Ayuntamiento de Madrid P\u00e1ginas: 138 Precio: 3 \u20ac<\/p>\n","protected":false},"featured_media":35882,"template":"","meta":{"_joinchat":[]},"product_brand":[],"product_cat":[153],"product_tag":[51,77],"class_list":{"0":"post-35881","1":"product","2":"type-product","3":"status-publish","4":"has-post-thumbnail","6":"product_cat-teatro","7":"product_tag-clasico","8":"product_tag-teatro","9":"pa_estado-usado","11":"first","12":"instock","13":"shipping-taxable","14":"purchasable","15":"product-type-simple"},"_links":{"self":[{"href":"https:\/\/trotajueves.es\/libreria\/wp-json\/wp\/v2\/product\/35881","targetHints":{"allow":["GET"]}}],"collection":[{"href":"https:\/\/trotajueves.es\/libreria\/wp-json\/wp\/v2\/product"}],"about":[{"href":"https:\/\/trotajueves.es\/libreria\/wp-json\/wp\/v2\/types\/product"}],"wp:featuredmedia":[{"embeddable":true,"href":"https:\/\/trotajueves.es\/libreria\/wp-json\/wp\/v2\/media\/35882"}],"wp:attachment":[{"href":"https:\/\/trotajueves.es\/libreria\/wp-json\/wp\/v2\/media?parent=35881"}],"wp:term":[{"taxonomy":"product_brand","embeddable":true,"href":"https:\/\/trotajueves.es\/libreria\/wp-json\/wp\/v2\/product_brand?post=35881"},{"taxonomy":"product_cat","embeddable":true,"href":"https:\/\/trotajueves.es\/libreria\/wp-json\/wp\/v2\/product_cat?post=35881"},{"taxonomy":"product_tag","embeddable":true,"href":"https:\/\/trotajueves.es\/libreria\/wp-json\/wp\/v2\/product_tag?post=35881"}],"curies":[{"name":"wp","href":"https:\/\/api.w.org\/{rel}","templated":true}]}}