{"id":35887,"date":"2025-07-17T10:48:43","date_gmt":"2025-07-17T08:48:43","guid":{"rendered":"https:\/\/trotajueves.es\/libreria\/?post_type=product&#038;p=35887"},"modified":"2025-07-17T10:50:39","modified_gmt":"2025-07-17T08:50:39","slug":"el-horroroso-crimen-de-penaranda-del-campo","status":"publish","type":"product","link":"https:\/\/trotajueves.es\/libreria\/producto\/el-horroroso-crimen-de-penaranda-del-campo\/","title":{"rendered":"El horroroso cr\u00edmen de Pe\u00f1aranda del Campo"},"content":{"rendered":"<p>AUTOR:\u00a0 \u00a0 P\u00edo Baroja<\/p>\n<p>I.S.B.N.: 8485750187<\/p>\n<p>A\u00f1o: 1980<\/p>\n<p>Editorial: Vox<\/p>\n<p>P\u00e1ginas: 95<\/p>\n<p>Precio:6 \u20ac<\/p>\n","protected":false},"excerpt":{"rendered":"<p>AUTOR:\u00a0 \u00a0 P\u00edo Baroja I.S.B.N.: 8485750187 A\u00f1o: 1980 Editorial: Vox P\u00e1ginas: 95 Precio:6 \u20ac<\/p>\n","protected":false},"featured_media":35888,"template":"","meta":{"_joinchat":[]},"product_brand":[],"product_cat":[153],"product_tag":[77],"class_list":{"0":"post-35887","1":"product","2":"type-product","3":"status-publish","4":"has-post-thumbnail","6":"product_cat-teatro","7":"product_tag-teatro","8":"pa_estado-usado","10":"first","11":"instock","12":"shipping-taxable","13":"purchasable","14":"product-type-simple"},"_links":{"self":[{"href":"https:\/\/trotajueves.es\/libreria\/wp-json\/wp\/v2\/product\/35887","targetHints":{"allow":["GET"]}}],"collection":[{"href":"https:\/\/trotajueves.es\/libreria\/wp-json\/wp\/v2\/product"}],"about":[{"href":"https:\/\/trotajueves.es\/libreria\/wp-json\/wp\/v2\/types\/product"}],"wp:featuredmedia":[{"embeddable":true,"href":"https:\/\/trotajueves.es\/libreria\/wp-json\/wp\/v2\/media\/35888"}],"wp:attachment":[{"href":"https:\/\/trotajueves.es\/libreria\/wp-json\/wp\/v2\/media?parent=35887"}],"wp:term":[{"taxonomy":"product_brand","embeddable":true,"href":"https:\/\/trotajueves.es\/libreria\/wp-json\/wp\/v2\/product_brand?post=35887"},{"taxonomy":"product_cat","embeddable":true,"href":"https:\/\/trotajueves.es\/libreria\/wp-json\/wp\/v2\/product_cat?post=35887"},{"taxonomy":"product_tag","embeddable":true,"href":"https:\/\/trotajueves.es\/libreria\/wp-json\/wp\/v2\/product_tag?post=35887"}],"curies":[{"name":"wp","href":"https:\/\/api.w.org\/{rel}","templated":true}]}}