{"id":36036,"date":"2025-10-31T13:46:14","date_gmt":"2025-10-31T12:46:14","guid":{"rendered":"https:\/\/trotajueves.es\/libreria\/?post_type=product&#038;p=36036"},"modified":"2025-10-31T13:47:48","modified_gmt":"2025-10-31T12:47:48","slug":"cartas-a-un-joven-espanol","status":"publish","type":"product","link":"https:\/\/trotajueves.es\/libreria\/producto\/cartas-a-un-joven-espanol\/","title":{"rendered":"Cartas a un joven espa\u00f1ol"},"content":{"rendered":"<p>AUTOR: Jos\u00e9 Mar\u00eda Aznar<\/p>\n<p>ESTADO:\u00a0\u00a0\u00a0\u00a0\u00a0\u00a0\u00a0\u00a0 usado<\/p>\n<p>I.S.B.N.: 9788408075172<\/p>\n<p>A\u00f1o:\u00a0 \u00a0 \u00a02009<\/p>\n<p>Editorial:\u00a0 Planeta<\/p>\n<p>P\u00e1ginas:\u00a0 \u00a0350<\/p>\n<p>Precio:\u00a0 2 \u20ac<\/p>\n","protected":false},"excerpt":{"rendered":"<p>AUTOR: Jos\u00e9 Mar\u00eda Aznar ESTADO:\u00a0\u00a0\u00a0\u00a0\u00a0\u00a0\u00a0\u00a0 usado I.S.B.N.: 9788408075172 A\u00f1o:\u00a0 \u00a0 \u00a02009 Editorial:\u00a0 Planeta P\u00e1ginas:\u00a0 \u00a0350 Precio:\u00a0 2 \u20ac<\/p>\n","protected":false},"featured_media":15286,"template":"","meta":{"_joinchat":[]},"product_brand":[],"product_cat":[42,43],"product_tag":[47,224,106,72],"class_list":{"0":"post-36036","1":"product","2":"type-product","3":"status-publish","4":"has-post-thumbnail","6":"product_cat-ensayo","7":"product_cat-humanidades","8":"product_tag-biografia","9":"product_tag-ensayo","10":"product_tag-espana","11":"product_tag-politica","12":"pa_estado-usado","14":"first","15":"instock","16":"shipping-taxable","17":"purchasable","18":"product-type-simple"},"_links":{"self":[{"href":"https:\/\/trotajueves.es\/libreria\/wp-json\/wp\/v2\/product\/36036","targetHints":{"allow":["GET"]}}],"collection":[{"href":"https:\/\/trotajueves.es\/libreria\/wp-json\/wp\/v2\/product"}],"about":[{"href":"https:\/\/trotajueves.es\/libreria\/wp-json\/wp\/v2\/types\/product"}],"wp:featuredmedia":[{"embeddable":true,"href":"https:\/\/trotajueves.es\/libreria\/wp-json\/wp\/v2\/media\/15286"}],"wp:attachment":[{"href":"https:\/\/trotajueves.es\/libreria\/wp-json\/wp\/v2\/media?parent=36036"}],"wp:term":[{"taxonomy":"product_brand","embeddable":true,"href":"https:\/\/trotajueves.es\/libreria\/wp-json\/wp\/v2\/product_brand?post=36036"},{"taxonomy":"product_cat","embeddable":true,"href":"https:\/\/trotajueves.es\/libreria\/wp-json\/wp\/v2\/product_cat?post=36036"},{"taxonomy":"product_tag","embeddable":true,"href":"https:\/\/trotajueves.es\/libreria\/wp-json\/wp\/v2\/product_tag?post=36036"}],"curies":[{"name":"wp","href":"https:\/\/api.w.org\/{rel}","templated":true}]}}