{"id":36176,"date":"2025-12-12T13:43:05","date_gmt":"2025-12-12T12:43:05","guid":{"rendered":"https:\/\/trotajueves.es\/libreria\/?post_type=product&#038;p=36176"},"modified":"2025-12-22T20:08:26","modified_gmt":"2025-12-22T19:08:26","slug":"filosofia-interrogaciones-que-a-todos-conciernen","status":"publish","type":"product","link":"https:\/\/trotajueves.es\/libreria\/producto\/filosofia-interrogaciones-que-a-todos-conciernen\/","title":{"rendered":"Filosof\u00eda: Interrogaciones que a todos conciernen"},"content":{"rendered":"<p>AUTOR: V\u00edctor G\u00f3mez Pin<\/p>\n<p>I.S.B.N.:9788467026993<\/p>\n<p>A\u00f1o: 2008<\/p>\n<p>Editorial: <span data-sheets-root=\"1\">Espasa Calpe<\/span><\/p>\n<p>P\u00e1ginas: 450<\/p>\n<p>Precio: 11 \u20ac<\/p>\n","protected":false},"excerpt":{"rendered":"<p>AUTOR: V\u00edctor G\u00f3mez Pin I.S.B.N.:9788467026993 A\u00f1o: 2008 Editorial: Espasa Calpe P\u00e1ginas: 450 Precio: 11 \u20ac<\/p>\n","protected":false},"featured_media":36177,"template":"","meta":{"_joinchat":[]},"product_brand":[],"product_cat":[42,43],"product_tag":[55,234,69],"class_list":{"0":"post-36176","1":"product","2":"type-product","3":"status-publish","4":"has-post-thumbnail","6":"product_cat-ensayo","7":"product_cat-humanidades","8":"product_tag-filosofia","9":"product_tag-humanidades","10":"product_tag-pensamiento","11":"pa_estado-usado","13":"first","14":"instock","15":"shipping-taxable","16":"purchasable","17":"product-type-simple"},"_links":{"self":[{"href":"https:\/\/trotajueves.es\/libreria\/wp-json\/wp\/v2\/product\/36176","targetHints":{"allow":["GET"]}}],"collection":[{"href":"https:\/\/trotajueves.es\/libreria\/wp-json\/wp\/v2\/product"}],"about":[{"href":"https:\/\/trotajueves.es\/libreria\/wp-json\/wp\/v2\/types\/product"}],"wp:featuredmedia":[{"embeddable":true,"href":"https:\/\/trotajueves.es\/libreria\/wp-json\/wp\/v2\/media\/36177"}],"wp:attachment":[{"href":"https:\/\/trotajueves.es\/libreria\/wp-json\/wp\/v2\/media?parent=36176"}],"wp:term":[{"taxonomy":"product_brand","embeddable":true,"href":"https:\/\/trotajueves.es\/libreria\/wp-json\/wp\/v2\/product_brand?post=36176"},{"taxonomy":"product_cat","embeddable":true,"href":"https:\/\/trotajueves.es\/libreria\/wp-json\/wp\/v2\/product_cat?post=36176"},{"taxonomy":"product_tag","embeddable":true,"href":"https:\/\/trotajueves.es\/libreria\/wp-json\/wp\/v2\/product_tag?post=36176"}],"curies":[{"name":"wp","href":"https:\/\/api.w.org\/{rel}","templated":true}]}}